{"id":830473,"date":"2025-08-08T18:47:06","date_gmt":"2025-08-08T16:47:06","guid":{"rendered":"https:\/\/lucacastelli.com\/prodotto\/milwaukee-deboucheur-compact-m18-fuel\/"},"modified":"2025-08-08T18:47:06","modified_gmt":"2025-08-08T16:47:06","slug":"milwaukee-deboucheur-compact-m18-fuel","status":"publish","type":"product","link":"https:\/\/lucacastelli.com\/fr\/produit\/milwaukee-deboucheur-compact-m18-fuel\/","title":{"rendered":"MILWAUKEE D\u00e9boucheur compact M18 FUEL\u2122"},"content":{"rendered":"<p>D\u00e9boucheur compact M18 FUEL\u2122<br \/>\nM18 FCSSM-121 \/ OUTILS DE D\u00c9BOUCHAGE<br \/>\nD\u00e9boucheur compact \u00e0 c\u00e2bles sectionnables de 16 mm et 22 mm, compatible avec les sections MILWAUKEE\u00ae ou les solutions les plus courantes du march\u00e9 : \u00e9limine les risques des machines filaires ; Extr\u00eamement l\u00e9ger : 14 kg pour un transport facile ; Adapt\u00e9 aux tuyaux de 32 mm \u00e0 160 mm, jusqu\u2019\u00e0 un maximum de 46 m ; Tambours MILWAUKEE\u00ae (disponibles s\u00e9par\u00e9ment) enti\u00e8rement isol\u00e9s pour le transport de spirales de 16 mm et 22 mm, pour un meilleur confinement de la salet\u00e9 ; Extr\u00eamement compact pour travailler dans les espaces les plus restreints ; La technologie FUEL\u2122 red\u00e9finit les outils \u00e9lectroportatifs \u00e0 batterie. Le moteur sans charbon, l\u2019\u00e9lectronique REDLINK PLUS\u2122 et la batterie REDLITHIUM\u2122 offrent des performances et une durabilit\u00e9 sup\u00e9rieures ; Fonctionne avec toutes les batteries M18\u2122 MILWAUKEE\u00ae ; Spirales et t\u00eates disponibles s\u00e9par\u00e9ment <\/p>\n<p>4933499308<br \/>\n4058546564728<\/p>\n","protected":false},"excerpt":{"rendered":"<p>M18 FCSSM-121 \/ OUTILS DE D\u00c9BOUCHAGE<\/p>\n","protected":false},"featured_media":590555,"template":"","meta":{"_seopress_robots_primary_cat":"","_seopress_titles_title":"","_seopress_titles_desc":"","_seopress_robots_index":""},"product_brand":[3407],"product_cat":[5531,29,514],"product_tag":[3270],"class_list":{"0":"post-830473","1":"product","2":"type-product","3":"status-publish","4":"has-post-thumbnail","6":"product_brand-milwaukee","7":"product_cat-vari-macchinari-milwaukee","8":"product_cat-macchinari","9":"product_cat-altri-dispositivi","10":"product_tag-import-milwau","11":"sws-conto-ricavi-merci-rivendita-macchinari-fr","12":"sws-gruppo-iva-iva81-fr","14":"first","15":"onbackorder","16":"sale","17":"shipping-taxable","18":"purchasable","19":"product-type-simple"},"_links":{"self":[{"href":"https:\/\/lucacastelli.com\/fr\/wp-json\/wp\/v2\/product\/830473","targetHints":{"allow":["GET"]}}],"collection":[{"href":"https:\/\/lucacastelli.com\/fr\/wp-json\/wp\/v2\/product"}],"about":[{"href":"https:\/\/lucacastelli.com\/fr\/wp-json\/wp\/v2\/types\/product"}],"wp:featuredmedia":[{"embeddable":true,"href":"https:\/\/lucacastelli.com\/fr\/wp-json\/wp\/v2\/media\/590555"}],"wp:attachment":[{"href":"https:\/\/lucacastelli.com\/fr\/wp-json\/wp\/v2\/media?parent=830473"}],"wp:term":[{"taxonomy":"product_brand","embeddable":true,"href":"https:\/\/lucacastelli.com\/fr\/wp-json\/wp\/v2\/product_brand?post=830473"},{"taxonomy":"product_cat","embeddable":true,"href":"https:\/\/lucacastelli.com\/fr\/wp-json\/wp\/v2\/product_cat?post=830473"},{"taxonomy":"product_tag","embeddable":true,"href":"https:\/\/lucacastelli.com\/fr\/wp-json\/wp\/v2\/product_tag?post=830473"}],"curies":[{"name":"wp","href":"https:\/\/api.w.org\/{rel}","templated":true}]}}