{"id":830472,"date":"2025-08-08T18:47:03","date_gmt":"2025-08-08T16:47:03","guid":{"rendered":"https:\/\/lucacastelli.com\/prodotto\/milwaukee-deboucheur-compact-a-haute-vitesse-m12\/"},"modified":"2025-08-08T18:47:03","modified_gmt":"2025-08-08T16:47:03","slug":"milwaukee-deboucheur-compact-a-haute-vitesse-m12","status":"publish","type":"product","link":"https:\/\/lucacastelli.com\/fr\/produit\/milwaukee-deboucheur-compact-a-haute-vitesse-m12\/","title":{"rendered":"MILWAUKEE D\u00e9boucheur compact \u00e0 haute vitesse M12\u2122"},"content":{"rendered":"<p>D\u00e9boucheur compact \u00e0 haute vitesse M12\u2122<br \/>\nM12HSFSM-602 HIGHSPEED DRAIN CLEANER<br \/>\nMini d\u00e9boucheur \u00e0 haute vitesse sur batterie ; D\u00e9bouche les canalisations de 32 mm (1 1\/4 pouce) \u00e0 50 mm (2 pouces) jusqu\u2019\u00e0 10,5 m de long ; Vitesse r\u00e9glable de 450 \u00e0 1850 tr\/min pour un meilleur contr\u00f4le lors du nettoyage ; C\u00e2ble de 6 mm avec rev\u00eatement en nylon compatible avec les accessoires universels de 6 mm ; Actionnement par p\u00e9dale avec potentiom\u00e8tre pour un contr\u00f4le accru durant l\u2019op\u00e9ration ; L\u00e9ger et compact, facile \u00e0 transporter ; Modes horaire et antihoraire ; Arr\u00eat automatique du nettoyage en sens antihoraire apr\u00e8s 3 secondes pour prolonger la dur\u00e9e de vie des accessoires ; Embrayage m\u00e9canique int\u00e9gr\u00e9 pour prot\u00e9ger le moteur en cas de blocage du c\u00e2ble ; Compartiment id\u00e9al pour ranger cha\u00eenes et accessoires ; Le c\u00e2ble peut \u00eatre remplac\u00e9 facilement directement sur le chantier<\/p>\n<p>4933498378<br \/>\n4058546522476<\/p>\n","protected":false},"excerpt":{"rendered":"<p>M12HSFSM-602 HIGHSPEED DRAIN CLEANER<\/p>\n","protected":false},"featured_media":593569,"template":"","meta":{"_seopress_robots_primary_cat":"","_seopress_titles_title":"","_seopress_titles_desc":"","_seopress_robots_index":""},"product_brand":[3407],"product_cat":[5531,29,514],"product_tag":[3270],"class_list":{"0":"post-830472","1":"product","2":"type-product","3":"status-publish","4":"has-post-thumbnail","6":"product_brand-milwaukee","7":"product_cat-vari-macchinari-milwaukee","8":"product_cat-macchinari","9":"product_cat-altri-dispositivi","10":"product_tag-import-milwau","11":"sws-conto-ricavi-merci-rivendita-macchinari-fr","12":"sws-gruppo-iva-iva81-fr","14":"first","15":"onbackorder","16":"sale","17":"shipping-taxable","18":"purchasable","19":"product-type-simple"},"_links":{"self":[{"href":"https:\/\/lucacastelli.com\/fr\/wp-json\/wp\/v2\/product\/830472","targetHints":{"allow":["GET"]}}],"collection":[{"href":"https:\/\/lucacastelli.com\/fr\/wp-json\/wp\/v2\/product"}],"about":[{"href":"https:\/\/lucacastelli.com\/fr\/wp-json\/wp\/v2\/types\/product"}],"wp:featuredmedia":[{"embeddable":true,"href":"https:\/\/lucacastelli.com\/fr\/wp-json\/wp\/v2\/media\/593569"}],"wp:attachment":[{"href":"https:\/\/lucacastelli.com\/fr\/wp-json\/wp\/v2\/media?parent=830472"}],"wp:term":[{"taxonomy":"product_brand","embeddable":true,"href":"https:\/\/lucacastelli.com\/fr\/wp-json\/wp\/v2\/product_brand?post=830472"},{"taxonomy":"product_cat","embeddable":true,"href":"https:\/\/lucacastelli.com\/fr\/wp-json\/wp\/v2\/product_cat?post=830472"},{"taxonomy":"product_tag","embeddable":true,"href":"https:\/\/lucacastelli.com\/fr\/wp-json\/wp\/v2\/product_tag?post=830472"}],"curies":[{"name":"wp","href":"https:\/\/api.w.org\/{rel}","templated":true}]}}