{"id":830460,"date":"2025-08-08T18:47:02","date_gmt":"2025-08-08T16:47:02","guid":{"rendered":"https:\/\/lucacastelli.com\/prodotto\/milwaukee-deboucheur-haute-vitesse-m18\/"},"modified":"2025-08-08T18:47:02","modified_gmt":"2025-08-08T16:47:02","slug":"milwaukee-deboucheur-haute-vitesse-m18","status":"publish","type":"product","link":"https:\/\/lucacastelli.com\/fr\/produit\/milwaukee-deboucheur-haute-vitesse-m18\/","title":{"rendered":"MILWAUKEE D\u00e9boucheur haute vitesse M18\u2122"},"content":{"rendered":"<p>M18 HSFSM-0 \/D\u00c9BOUCHEUR HAUTE VIT<br \/>\nUtilisable dans les canalisations de 32 mm (1 1\/4&#8243;) \u00e0 100 mm (4&#8243;) jusqu&#8217;\u00e0 23 m de longueur;Vitesse variable de 600 \u00e0 2200 tr\/min pour un meilleur contr\u00f4le et nettoyage;L&#8217;embrayage m\u00e9canique facilite les phases d&#8217;enroulement du c\u00e2ble;C\u00e2ble en nylon verni de 8 mm utilisable \u00e9galement avec les spirales les plus courantes sur le march\u00e9;P\u00e9dale \u00e9lectronique et frein int\u00e9gr\u00e9 pour un meilleur contr\u00f4le et s\u00e9curit\u00e9 de l&#8217;op\u00e9rateur;Roues adapt\u00e9es \u00e9galement sur terrain non stabilis\u00e9 et poign\u00e9e t\u00e9lescopique pour un transport facile;Durabilit\u00e9 accrue gr\u00e2ce au ch\u00e2ssis externe r\u00e9sistant et \u00e0 la facilit\u00e9 de r\u00e9paration des c\u00e2bles directement sur place<\/p>\n<p>4933480721<br \/>\n4058546410063<\/p>\n","protected":false},"excerpt":{"rendered":"<p>M18 HSFSM-0 \/D\u00c9BOUCHEUR HAUTE VIT<\/p>\n","protected":false},"featured_media":582762,"template":"","meta":{"_seopress_robots_primary_cat":"","_seopress_titles_title":"","_seopress_titles_desc":"","_seopress_robots_index":""},"product_brand":[3407],"product_cat":[5531,29,514],"product_tag":[3270],"class_list":{"0":"post-830460","1":"product","2":"type-product","3":"status-publish","4":"has-post-thumbnail","6":"product_brand-milwaukee","7":"product_cat-vari-macchinari-milwaukee","8":"product_cat-macchinari","9":"product_cat-altri-dispositivi","10":"product_tag-import-milwau","11":"sws-conto-ricavi-merci-rivendita-macchinari-fr","12":"sws-gruppo-iva-iva81-fr","14":"first","15":"onbackorder","16":"sale","17":"shipping-taxable","18":"purchasable","19":"product-type-simple"},"_links":{"self":[{"href":"https:\/\/lucacastelli.com\/fr\/wp-json\/wp\/v2\/product\/830460","targetHints":{"allow":["GET"]}}],"collection":[{"href":"https:\/\/lucacastelli.com\/fr\/wp-json\/wp\/v2\/product"}],"about":[{"href":"https:\/\/lucacastelli.com\/fr\/wp-json\/wp\/v2\/types\/product"}],"wp:featuredmedia":[{"embeddable":true,"href":"https:\/\/lucacastelli.com\/fr\/wp-json\/wp\/v2\/media\/582762"}],"wp:attachment":[{"href":"https:\/\/lucacastelli.com\/fr\/wp-json\/wp\/v2\/media?parent=830460"}],"wp:term":[{"taxonomy":"product_brand","embeddable":true,"href":"https:\/\/lucacastelli.com\/fr\/wp-json\/wp\/v2\/product_brand?post=830460"},{"taxonomy":"product_cat","embeddable":true,"href":"https:\/\/lucacastelli.com\/fr\/wp-json\/wp\/v2\/product_cat?post=830460"},{"taxonomy":"product_tag","embeddable":true,"href":"https:\/\/lucacastelli.com\/fr\/wp-json\/wp\/v2\/product_tag?post=830460"}],"curies":[{"name":"wp","href":"https:\/\/api.w.org\/{rel}","templated":true}]}}