{"id":830456,"date":"2025-08-08T18:46:54","date_gmt":"2025-08-08T16:46:54","guid":{"rendered":"https:\/\/lucacastelli.com\/prodotto\/milwaukee-spirale-a-ame-interieure-avec-raccord-16-mm-x-152-m\/"},"modified":"2025-08-08T18:46:54","modified_gmt":"2025-08-08T16:46:54","slug":"milwaukee-spirale-a-ame-interieure-avec-raccord-16-mm-x-152-m","status":"publish","type":"product","link":"https:\/\/lucacastelli.com\/fr\/produit\/milwaukee-spirale-a-ame-interieure-avec-raccord-16-mm-x-152-m\/","title":{"rendered":"MILWAUKEE Spirale \u00e0 \u00e2me int\u00e9rieure avec raccord 16 mm x 15,2 m"},"content":{"rendered":"<p>C\u00c2BLE \u00c2ME INT\u00c9RIEURE 16 MM x 15,2 M MXFUEL<br \/>\nSpirale \u00e0 \u00e2me int\u00e9rieure avec raccord 16 mm x 7,6 m<\/p>\n<p>4932471702<br \/>\n4058546296018<\/p>\n","protected":false},"excerpt":{"rendered":"<p>C\u00c2BLE \u00c2ME INT\u00c9RIEURE 16 MM x 15,2 M MXFUEL<\/p>\n","protected":false},"featured_media":537518,"template":"","meta":{"_seopress_robots_primary_cat":"","_seopress_titles_title":"","_seopress_titles_desc":"","_seopress_robots_index":""},"product_brand":[3407],"product_cat":[5531,29,514],"product_tag":[3270],"class_list":{"0":"post-830456","1":"product","2":"type-product","3":"status-publish","4":"has-post-thumbnail","6":"product_brand-milwaukee","7":"product_cat-vari-macchinari-milwaukee","8":"product_cat-macchinari","9":"product_cat-altri-dispositivi","10":"product_tag-import-milwau","11":"sws-conto-ricavi-merci-rivendita-macchinari-fr","12":"sws-gruppo-iva-iva81-fr","14":"first","15":"onbackorder","16":"sale","17":"shipping-taxable","18":"purchasable","19":"product-type-simple"},"_links":{"self":[{"href":"https:\/\/lucacastelli.com\/fr\/wp-json\/wp\/v2\/product\/830456","targetHints":{"allow":["GET"]}}],"collection":[{"href":"https:\/\/lucacastelli.com\/fr\/wp-json\/wp\/v2\/product"}],"about":[{"href":"https:\/\/lucacastelli.com\/fr\/wp-json\/wp\/v2\/types\/product"}],"wp:featuredmedia":[{"embeddable":true,"href":"https:\/\/lucacastelli.com\/fr\/wp-json\/wp\/v2\/media\/537518"}],"wp:attachment":[{"href":"https:\/\/lucacastelli.com\/fr\/wp-json\/wp\/v2\/media?parent=830456"}],"wp:term":[{"taxonomy":"product_brand","embeddable":true,"href":"https:\/\/lucacastelli.com\/fr\/wp-json\/wp\/v2\/product_brand?post=830456"},{"taxonomy":"product_cat","embeddable":true,"href":"https:\/\/lucacastelli.com\/fr\/wp-json\/wp\/v2\/product_cat?post=830456"},{"taxonomy":"product_tag","embeddable":true,"href":"https:\/\/lucacastelli.com\/fr\/wp-json\/wp\/v2\/product_tag?post=830456"}],"curies":[{"name":"wp","href":"https:\/\/api.w.org\/{rel}","templated":true}]}}