{"id":830449,"date":"2025-08-08T18:41:03","date_gmt":"2025-08-08T16:41:03","guid":{"rendered":"https:\/\/lucacastelli.com\/prodotto\/milwaukee-equerre-de-charpentier\/"},"modified":"2025-08-08T18:41:03","modified_gmt":"2025-08-08T16:41:03","slug":"milwaukee-equerre-de-charpentier","status":"publish","type":"product","link":"https:\/\/lucacastelli.com\/fr\/produit\/milwaukee-equerre-de-charpentier\/","title":{"rendered":"MILWAUKEE \u00c9querre de charpentier"},"content":{"rendered":"<p>\u00c9QUERRE DE CHARPENTIER &#8211; M\u00e9trique 1pce<br \/>\nCorps renforc\u00e9;S\u00e9rigraphie laser, permet une meilleure visibilit\u00e9 de la graduation;Graduation nette et pr\u00e9cise;Tableau de conversion courant;Marquages pour faciliter la recherche de l&#8217;angle<\/p>\n<p>4932472126<br \/>\n4058546325220<\/p>\n","protected":false},"excerpt":{"rendered":"<p>\u00c9QUERRE DE CHARPENTIER &#8211; M\u00e9trique 1pce<\/p>\n","protected":false},"featured_media":539130,"template":"","meta":{"_seopress_robots_primary_cat":"","_seopress_titles_title":"","_seopress_titles_desc":"","_seopress_robots_index":""},"product_brand":[3407],"product_cat":[29,514,551],"product_tag":[3270],"class_list":{"0":"post-830449","1":"product","2":"type-product","3":"status-publish","4":"has-post-thumbnail","6":"product_brand-milwaukee","7":"product_cat-macchinari","8":"product_cat-altri-dispositivi","9":"product_cat-apparecchi-di-misurazione","10":"product_tag-import-milwau","11":"sws-conto-ricavi-merci-rivendita-macchinari-fr","12":"sws-gruppo-iva-iva81-fr","14":"first","15":"onbackorder","16":"sale","17":"shipping-taxable","18":"purchasable","19":"product-type-simple"},"_links":{"self":[{"href":"https:\/\/lucacastelli.com\/fr\/wp-json\/wp\/v2\/product\/830449","targetHints":{"allow":["GET"]}}],"collection":[{"href":"https:\/\/lucacastelli.com\/fr\/wp-json\/wp\/v2\/product"}],"about":[{"href":"https:\/\/lucacastelli.com\/fr\/wp-json\/wp\/v2\/types\/product"}],"wp:featuredmedia":[{"embeddable":true,"href":"https:\/\/lucacastelli.com\/fr\/wp-json\/wp\/v2\/media\/539130"}],"wp:attachment":[{"href":"https:\/\/lucacastelli.com\/fr\/wp-json\/wp\/v2\/media?parent=830449"}],"wp:term":[{"taxonomy":"product_brand","embeddable":true,"href":"https:\/\/lucacastelli.com\/fr\/wp-json\/wp\/v2\/product_brand?post=830449"},{"taxonomy":"product_cat","embeddable":true,"href":"https:\/\/lucacastelli.com\/fr\/wp-json\/wp\/v2\/product_cat?post=830449"},{"taxonomy":"product_tag","embeddable":true,"href":"https:\/\/lucacastelli.com\/fr\/wp-json\/wp\/v2\/product_tag?post=830449"}],"curies":[{"name":"wp","href":"https:\/\/api.w.org\/{rel}","templated":true}]}}