{"id":830447,"date":"2025-08-08T18:41:02","date_gmt":"2025-08-08T16:41:02","guid":{"rendered":"https:\/\/lucacastelli.com\/prodotto\/milwaukee-equerre-de-menuisier\/"},"modified":"2025-08-08T18:41:02","modified_gmt":"2025-08-08T16:41:02","slug":"milwaukee-equerre-de-menuisier","status":"publish","type":"product","link":"https:\/\/lucacastelli.com\/fr\/produit\/milwaukee-equerre-de-menuisier\/","title":{"rendered":"MILWAUKEE \u00c9querre de menuisier"},"content":{"rendered":"<p>\u00c9QUERRE DE MENUISIER &#8211; Imp\u00e9rial 1 pce<br \/>\nCorps renforc\u00e9 ; Marquage laser pour une meilleure visibilit\u00e9 de la graduation ; Graduation nette et pr\u00e9cise ; Tableau de conversion commun ; Marquages pour faciliter la recherche d\u2019angle<\/p>\n<p>4932472125<br \/>\n4058546325213<\/p>\n","protected":false},"excerpt":{"rendered":"<p>\u00c9QUERRE DE MENUISIER &#8211; Imp\u00e9rial 1 pce<\/p>\n","protected":false},"featured_media":539130,"template":"","meta":{"_seopress_robots_primary_cat":"","_seopress_titles_title":"","_seopress_titles_desc":"","_seopress_robots_index":""},"product_brand":[3407],"product_cat":[29,514,551],"product_tag":[3270],"class_list":{"0":"post-830447","1":"product","2":"type-product","3":"status-publish","4":"has-post-thumbnail","6":"product_brand-milwaukee","7":"product_cat-macchinari","8":"product_cat-altri-dispositivi","9":"product_cat-apparecchi-di-misurazione","10":"product_tag-import-milwau","11":"sws-conto-ricavi-merci-rivendita-macchinari-fr","12":"sws-gruppo-iva-iva81-fr","14":"first","15":"onbackorder","16":"sale","17":"shipping-taxable","18":"purchasable","19":"product-type-simple"},"_links":{"self":[{"href":"https:\/\/lucacastelli.com\/fr\/wp-json\/wp\/v2\/product\/830447","targetHints":{"allow":["GET"]}}],"collection":[{"href":"https:\/\/lucacastelli.com\/fr\/wp-json\/wp\/v2\/product"}],"about":[{"href":"https:\/\/lucacastelli.com\/fr\/wp-json\/wp\/v2\/types\/product"}],"wp:featuredmedia":[{"embeddable":true,"href":"https:\/\/lucacastelli.com\/fr\/wp-json\/wp\/v2\/media\/539130"}],"wp:attachment":[{"href":"https:\/\/lucacastelli.com\/fr\/wp-json\/wp\/v2\/media?parent=830447"}],"wp:term":[{"taxonomy":"product_brand","embeddable":true,"href":"https:\/\/lucacastelli.com\/fr\/wp-json\/wp\/v2\/product_brand?post=830447"},{"taxonomy":"product_cat","embeddable":true,"href":"https:\/\/lucacastelli.com\/fr\/wp-json\/wp\/v2\/product_cat?post=830447"},{"taxonomy":"product_tag","embeddable":true,"href":"https:\/\/lucacastelli.com\/fr\/wp-json\/wp\/v2\/product_tag?post=830447"}],"curies":[{"name":"wp","href":"https:\/\/api.w.org\/{rel}","templated":true}]}}