{"id":830444,"date":"2025-08-08T18:41:02","date_gmt":"2025-08-08T16:41:02","guid":{"rendered":"https:\/\/lucacastelli.com\/prodotto\/milwaukee-equerre-de-charpentier-20x30-cm-metrique\/"},"modified":"2025-08-08T18:41:02","modified_gmt":"2025-08-08T16:41:02","slug":"milwaukee-equerre-de-charpentier-20x30-cm-metrique","status":"publish","type":"product","link":"https:\/\/lucacastelli.com\/fr\/produit\/milwaukee-equerre-de-charpentier-20x30-cm-metrique\/","title":{"rendered":"MILWAUKEE \u00c9QUERRE DE CHARPENTIER 20&#215;30 cm &#8211; M\u00c9TRIQUE"},"content":{"rendered":"<p>\u00c9QUERRE DE CHARPENTIER 20&#215;30 cm &#8211; M\u00c9TRIQUE<br \/>\nCorps en aluminium renforc\u00e9 con\u00e7u pour une durabilit\u00e9 sup\u00e9rieure ; S\u00e9rigraphie laser offrant une visibilit\u00e9 sup\u00e9rieure ; Encoches de pr\u00e9cision pour faciliter le marquage ; Rev\u00eatement anodis\u00e9 prot\u00e9geant de l\u2019usure sur le chantier et de la corrosion<\/p>\n<p>4932498718<br \/>\n4058546525873<\/p>\n","protected":false},"excerpt":{"rendered":"<p>\u00c9QUERRE DE CHARPENTIER 20&#215;30 cm &#8211; M\u00c9TRIQUE<\/p>\n","protected":false},"featured_media":592242,"template":"","meta":{"_seopress_robots_primary_cat":"","_seopress_titles_title":"","_seopress_titles_desc":"","_seopress_robots_index":""},"product_brand":[3407],"product_cat":[29,514,551],"product_tag":[3270],"class_list":{"0":"post-830444","1":"product","2":"type-product","3":"status-publish","4":"has-post-thumbnail","6":"product_brand-milwaukee","7":"product_cat-macchinari","8":"product_cat-altri-dispositivi","9":"product_cat-apparecchi-di-misurazione","10":"product_tag-import-milwau","11":"sws-conto-ricavi-merci-rivendita-macchinari-fr","12":"sws-gruppo-iva-iva81-fr","14":"first","15":"onbackorder","16":"sale","17":"shipping-taxable","18":"purchasable","19":"product-type-simple"},"_links":{"self":[{"href":"https:\/\/lucacastelli.com\/fr\/wp-json\/wp\/v2\/product\/830444","targetHints":{"allow":["GET"]}}],"collection":[{"href":"https:\/\/lucacastelli.com\/fr\/wp-json\/wp\/v2\/product"}],"about":[{"href":"https:\/\/lucacastelli.com\/fr\/wp-json\/wp\/v2\/types\/product"}],"wp:featuredmedia":[{"embeddable":true,"href":"https:\/\/lucacastelli.com\/fr\/wp-json\/wp\/v2\/media\/592242"}],"wp:attachment":[{"href":"https:\/\/lucacastelli.com\/fr\/wp-json\/wp\/v2\/media?parent=830444"}],"wp:term":[{"taxonomy":"product_brand","embeddable":true,"href":"https:\/\/lucacastelli.com\/fr\/wp-json\/wp\/v2\/product_brand?post=830444"},{"taxonomy":"product_cat","embeddable":true,"href":"https:\/\/lucacastelli.com\/fr\/wp-json\/wp\/v2\/product_cat?post=830444"},{"taxonomy":"product_tag","embeddable":true,"href":"https:\/\/lucacastelli.com\/fr\/wp-json\/wp\/v2\/product_tag?post=830444"}],"curies":[{"name":"wp","href":"https:\/\/api.w.org\/{rel}","templated":true}]}}