{"id":830441,"date":"2025-08-08T18:41:01","date_gmt":"2025-08-08T16:41:01","guid":{"rendered":"https:\/\/lucacastelli.com\/prodotto\/milwaukee-mire-240-cm-pour-laser\/"},"modified":"2025-08-08T18:41:01","modified_gmt":"2025-08-08T16:41:01","slug":"milwaukee-mire-240-cm-pour-laser","status":"publish","type":"product","link":"https:\/\/lucacastelli.com\/fr\/produit\/milwaukee-mire-240-cm-pour-laser\/","title":{"rendered":"MILWAUKEE Mire 240 cm pour laser"},"content":{"rendered":"<p>SR240 \/ACCESSOIRES POUR NIVEAUX LASER<br \/>\n\u00c9chelle m\u00e9trique jusqu&#8217;\u00e0 2,4 m\u00e8tres avec support int\u00e9gr\u00e9 pour r\u00e9cepteur permettant un positionnement rapide du r\u00e9cepteur;Cadre en aluminium r\u00e9sistant pour supporter les conditions de chantier;Fermetures robustes pour \u00e9viter les dommages au cadre;Niveau \u00e0 bulle r\u00e9glable pour une configuration plus pr\u00e9cise<\/p>\n<p>4932493202<br \/>\n4058546480738<\/p>\n","protected":false},"excerpt":{"rendered":"<p>SR240 \/ACCESSOIRES POUR NIVEAUX LASER<\/p>\n","protected":false},"featured_media":561534,"template":"","meta":{"_seopress_robots_primary_cat":"","_seopress_titles_title":"","_seopress_titles_desc":"","_seopress_robots_index":""},"product_brand":[3407],"product_cat":[29,514,551],"product_tag":[3270],"class_list":{"0":"post-830441","1":"product","2":"type-product","3":"status-publish","4":"has-post-thumbnail","6":"product_brand-milwaukee","7":"product_cat-macchinari","8":"product_cat-altri-dispositivi","9":"product_cat-apparecchi-di-misurazione","10":"product_tag-import-milwau","11":"sws-conto-ricavi-merci-rivendita-macchinari-fr","12":"sws-gruppo-iva-iva81-fr","14":"first","15":"onbackorder","16":"sale","17":"shipping-taxable","18":"purchasable","19":"product-type-simple"},"_links":{"self":[{"href":"https:\/\/lucacastelli.com\/fr\/wp-json\/wp\/v2\/product\/830441","targetHints":{"allow":["GET"]}}],"collection":[{"href":"https:\/\/lucacastelli.com\/fr\/wp-json\/wp\/v2\/product"}],"about":[{"href":"https:\/\/lucacastelli.com\/fr\/wp-json\/wp\/v2\/types\/product"}],"wp:featuredmedia":[{"embeddable":true,"href":"https:\/\/lucacastelli.com\/fr\/wp-json\/wp\/v2\/media\/561534"}],"wp:attachment":[{"href":"https:\/\/lucacastelli.com\/fr\/wp-json\/wp\/v2\/media?parent=830441"}],"wp:term":[{"taxonomy":"product_brand","embeddable":true,"href":"https:\/\/lucacastelli.com\/fr\/wp-json\/wp\/v2\/product_brand?post=830441"},{"taxonomy":"product_cat","embeddable":true,"href":"https:\/\/lucacastelli.com\/fr\/wp-json\/wp\/v2\/product_cat?post=830441"},{"taxonomy":"product_tag","embeddable":true,"href":"https:\/\/lucacastelli.com\/fr\/wp-json\/wp\/v2\/product_tag?post=830441"}],"curies":[{"name":"wp","href":"https:\/\/api.w.org\/{rel}","templated":true}]}}