{"id":830382,"date":"2025-08-08T18:58:40","date_gmt":"2025-08-08T16:58:40","guid":{"rendered":"https:\/\/lucacastelli.com\/prodotto\/milwaukee-set-de-cles-mixtes-a-cliquet-articulees-max-bite-en-module-souple\/"},"modified":"2025-08-08T18:58:40","modified_gmt":"2025-08-08T16:58:40","slug":"milwaukee-set-de-cles-mixtes-a-cliquet-articulees-max-bite-en-module-souple","status":"publish","type":"product","link":"https:\/\/lucacastelli.com\/fr\/produit\/milwaukee-set-de-cles-mixtes-a-cliquet-articulees-max-bite-en-module-souple\/","title":{"rendered":"MILWAUKEE Set de cl\u00e9s mixtes \u00e0 cliquet articul\u00e9es MAX BITE\u2122 en module souple"},"content":{"rendered":"<p>Maxb. Head Spanner Set Foam Insert 15pc<br \/>\nT\u00eate articul\u00e9e pivotant jusqu&#8217;\u00e0 180\u00b0 pour un acc\u00e8s maximal aux espaces restreints ; L&#8217;ouverture MAX BITE\u2122 r\u00e9duit la flexion et l&#8217;\u00e9caillage ; 144 dents \u00e0 cliquet avec 2,5\u00b0 d&#8217;inclinaison pour travailler dans les espaces les plus restreints ; Double cliquet pour un m\u00e9canisme durable et r\u00e9sistant dans le temps ; Poign\u00e9e arrondie I-Beam pour une prise confortable <\/p>\n<p>4932479829<br \/>\n4058546376239<\/p>\n","protected":false},"excerpt":{"rendered":"<p>Maxb. Head Spanner Set Foam Insert 15pc <\/p>\n","protected":false},"featured_media":544877,"template":"","meta":{"_seopress_robots_primary_cat":"","_seopress_titles_title":"","_seopress_titles_desc":"","_seopress_robots_index":""},"product_brand":[3407],"product_cat":[5416,33],"product_tag":[3270],"class_list":{"0":"post-830382","1":"product","2":"type-product","3":"status-publish","4":"has-post-thumbnail","6":"product_brand-milwaukee","7":"product_cat-utensili-per-officina","8":"product_cat-attrezzature","9":"product_tag-import-milwau","10":"sws-conto-ricavi-merci-rivendita-macchinari-fr","11":"sws-gruppo-iva-iva81-fr","13":"first","14":"onbackorder","15":"sale","16":"shipping-taxable","17":"purchasable","18":"product-type-simple"},"_links":{"self":[{"href":"https:\/\/lucacastelli.com\/fr\/wp-json\/wp\/v2\/product\/830382","targetHints":{"allow":["GET"]}}],"collection":[{"href":"https:\/\/lucacastelli.com\/fr\/wp-json\/wp\/v2\/product"}],"about":[{"href":"https:\/\/lucacastelli.com\/fr\/wp-json\/wp\/v2\/types\/product"}],"wp:featuredmedia":[{"embeddable":true,"href":"https:\/\/lucacastelli.com\/fr\/wp-json\/wp\/v2\/media\/544877"}],"wp:attachment":[{"href":"https:\/\/lucacastelli.com\/fr\/wp-json\/wp\/v2\/media?parent=830382"}],"wp:term":[{"taxonomy":"product_brand","embeddable":true,"href":"https:\/\/lucacastelli.com\/fr\/wp-json\/wp\/v2\/product_brand?post=830382"},{"taxonomy":"product_cat","embeddable":true,"href":"https:\/\/lucacastelli.com\/fr\/wp-json\/wp\/v2\/product_cat?post=830382"},{"taxonomy":"product_tag","embeddable":true,"href":"https:\/\/lucacastelli.com\/fr\/wp-json\/wp\/v2\/product_tag?post=830382"}],"curies":[{"name":"wp","href":"https:\/\/api.w.org\/{rel}","templated":true}]}}