{"id":830374,"date":"2025-08-08T18:58:36","date_gmt":"2025-08-08T16:58:36","guid":{"rendered":"https:\/\/lucacastelli.com\/prodotto\/milwaukee-coffret-de-douilles-packout-1-2\/"},"modified":"2025-08-08T18:58:36","modified_gmt":"2025-08-08T16:58:36","slug":"milwaukee-coffret-de-douilles-packout-1-2","status":"publish","type":"product","link":"https:\/\/lucacastelli.com\/fr\/produit\/milwaukee-coffret-de-douilles-packout-1-2\/","title":{"rendered":"MILWAUKEE COFFRET DE DOUILLES PACKOUT\u2122 1\/2&#8243;"},"content":{"rendered":"<p>COFFRET DE DOUILLES PACKOUT\u2122 1\/2&#8243;<br \/>\nL\u2019acier SHOCKWAVE\u2122 IMPACT DUTY (chrome-molybd\u00e8ne) est un alliage d\u2019acier de haute qualit\u00e9 offrant une r\u00e9sistance et une durabilit\u00e9 maximales ; 6 points de serrage pour une pr\u00e9cision maximale ; Les angles arrondis permettent un meilleur transfert de couple en \u00e9vitant une contrainte excessive dans les angles ; La version longue facilite l\u2019application sur les boulons saillants ; Diam\u00e8tre grav\u00e9 au laser et rempli d\u2019encre blanche pour une lecture facile et une durabilit\u00e9 maximale ; Conception \u00e0 trou traversant et rainure pour loger un accessoire de s\u00e9curit\u00e9<\/p>\n<p>4932480943<br \/>\n4058546412289<\/p>\n","protected":false},"excerpt":{"rendered":"<p>COFFRET DE DOUILLES PACKOUT\u2122 1\/2&#8243;<\/p>\n","protected":false},"featured_media":554566,"template":"","meta":{"_seopress_robots_primary_cat":"","_seopress_titles_title":"","_seopress_titles_desc":"","_seopress_robots_index":""},"product_brand":[3407],"product_cat":[5416,33],"product_tag":[3270],"class_list":{"0":"post-830374","1":"product","2":"type-product","3":"status-publish","4":"has-post-thumbnail","6":"product_brand-milwaukee","7":"product_cat-utensili-per-officina","8":"product_cat-attrezzature","9":"product_tag-import-milwau","10":"sws-conto-ricavi-merci-rivendita-macchinari-fr","11":"sws-gruppo-iva-iva81-fr","13":"first","14":"onbackorder","15":"sale","16":"shipping-taxable","17":"purchasable","18":"product-type-simple"},"_links":{"self":[{"href":"https:\/\/lucacastelli.com\/fr\/wp-json\/wp\/v2\/product\/830374","targetHints":{"allow":["GET"]}}],"collection":[{"href":"https:\/\/lucacastelli.com\/fr\/wp-json\/wp\/v2\/product"}],"about":[{"href":"https:\/\/lucacastelli.com\/fr\/wp-json\/wp\/v2\/types\/product"}],"wp:featuredmedia":[{"embeddable":true,"href":"https:\/\/lucacastelli.com\/fr\/wp-json\/wp\/v2\/media\/554566"}],"wp:attachment":[{"href":"https:\/\/lucacastelli.com\/fr\/wp-json\/wp\/v2\/media?parent=830374"}],"wp:term":[{"taxonomy":"product_brand","embeddable":true,"href":"https:\/\/lucacastelli.com\/fr\/wp-json\/wp\/v2\/product_brand?post=830374"},{"taxonomy":"product_cat","embeddable":true,"href":"https:\/\/lucacastelli.com\/fr\/wp-json\/wp\/v2\/product_cat?post=830374"},{"taxonomy":"product_tag","embeddable":true,"href":"https:\/\/lucacastelli.com\/fr\/wp-json\/wp\/v2\/product_tag?post=830374"}],"curies":[{"name":"wp","href":"https:\/\/api.w.org\/{rel}","templated":true}]}}