{"id":830372,"date":"2025-08-08T18:58:45","date_gmt":"2025-08-08T16:58:45","guid":{"rendered":"https:\/\/lucacastelli.com\/prodotto\/milwaukee-jeu-de-cles-en-t-a-douille-hexagonale-articulee\/"},"modified":"2025-08-08T18:58:45","modified_gmt":"2025-08-08T16:58:45","slug":"milwaukee-jeu-de-cles-en-t-a-douille-hexagonale-articulee","status":"publish","type":"product","link":"https:\/\/lucacastelli.com\/fr\/produit\/milwaukee-jeu-de-cles-en-t-a-douille-hexagonale-articulee\/","title":{"rendered":"MILWAUKEE Jeu de cl\u00e9s en T \u00e0 douille hexagonale articul\u00e9e"},"content":{"rendered":"<p>Insert en mousse pour jeu de cl\u00e9s en T 10 pcs<br \/>\nInserts en mousse haute qualit\u00e9 et r\u00e9sistante pour ranger soigneusement les outils dans les tiroirs de la servante ; D\u00e9coupe laser pour un positionnement pr\u00e9cis des outils<\/p>\n<p>4932499296<br \/>\n4058546564605<\/p>\n","protected":false},"excerpt":{"rendered":"<p>Insert en mousse pour jeu de cl\u00e9s en T 10 pcs<\/p>\n","protected":false},"featured_media":567747,"template":"","meta":{"_seopress_robots_primary_cat":"","_seopress_titles_title":"","_seopress_titles_desc":"","_seopress_robots_index":""},"product_brand":[3407],"product_cat":[5416,33],"product_tag":[3270],"class_list":{"0":"post-830372","1":"product","2":"type-product","3":"status-publish","4":"has-post-thumbnail","6":"product_brand-milwaukee","7":"product_cat-utensili-per-officina","8":"product_cat-attrezzature","9":"product_tag-import-milwau","10":"sws-conto-ricavi-merci-rivendita-macchinari-fr","11":"sws-gruppo-iva-iva81-fr","13":"first","14":"onbackorder","15":"sale","16":"shipping-taxable","17":"purchasable","18":"product-type-simple"},"_links":{"self":[{"href":"https:\/\/lucacastelli.com\/fr\/wp-json\/wp\/v2\/product\/830372","targetHints":{"allow":["GET"]}}],"collection":[{"href":"https:\/\/lucacastelli.com\/fr\/wp-json\/wp\/v2\/product"}],"about":[{"href":"https:\/\/lucacastelli.com\/fr\/wp-json\/wp\/v2\/types\/product"}],"wp:featuredmedia":[{"embeddable":true,"href":"https:\/\/lucacastelli.com\/fr\/wp-json\/wp\/v2\/media\/567747"}],"wp:attachment":[{"href":"https:\/\/lucacastelli.com\/fr\/wp-json\/wp\/v2\/media?parent=830372"}],"wp:term":[{"taxonomy":"product_brand","embeddable":true,"href":"https:\/\/lucacastelli.com\/fr\/wp-json\/wp\/v2\/product_brand?post=830372"},{"taxonomy":"product_cat","embeddable":true,"href":"https:\/\/lucacastelli.com\/fr\/wp-json\/wp\/v2\/product_cat?post=830372"},{"taxonomy":"product_tag","embeddable":true,"href":"https:\/\/lucacastelli.com\/fr\/wp-json\/wp\/v2\/product_tag?post=830372"}],"curies":[{"name":"wp","href":"https:\/\/api.w.org\/{rel}","templated":true}]}}