{"id":830369,"date":"2025-08-08T18:58:46","date_gmt":"2025-08-08T16:58:46","guid":{"rendered":"https:\/\/lucacastelli.com\/prodotto\/milwaukee-jeu-de-cles-a-molette-en-module-mousse\/"},"modified":"2025-08-08T18:58:46","modified_gmt":"2025-08-08T16:58:46","slug":"milwaukee-jeu-de-cles-a-molette-en-module-mousse","status":"publish","type":"product","link":"https:\/\/lucacastelli.com\/fr\/produit\/milwaukee-jeu-de-cles-a-molette-en-module-mousse\/","title":{"rendered":"MILWAUKEE Jeu de cl\u00e9s \u00e0 molette en module mousse"},"content":{"rendered":"<p>JEU DE CL\u00c9S \u00c0 MOLETTE MODULE MOUSSE<br \/>\nMolette crant\u00e9e pour une pr\u00e9cision et une tenue maximales. La m\u00e2choire ne recule pas une fois le r\u00e9glage effectu\u00e9 ; Cl\u00e9s chrom\u00e9es pour une meilleure protection contre la rouille ; Poign\u00e9e au design ergonomique. Arrondie pour un confort maximal lors de l\u2019utilisation ; T\u00eate fine pour atteindre les zones \u00e9troites ; M\u00e2choires parall\u00e8les ; Graduation laser en pouces\/mm pour une pr\u00e9cision maximale ; Trou pour lani\u00e8re  <\/p>\n<p>4932492397<br \/>\n4058546417642<\/p>\n","protected":false},"excerpt":{"rendered":"<p>JEU DE CL\u00c9S \u00c0 MOLETTE MODULE MOUSSE<\/p>\n","protected":false},"featured_media":556307,"template":"","meta":{"_seopress_robots_primary_cat":"","_seopress_titles_title":"","_seopress_titles_desc":"","_seopress_robots_index":""},"product_brand":[3407],"product_cat":[5416,33],"product_tag":[3270],"class_list":{"0":"post-830369","1":"product","2":"type-product","3":"status-publish","4":"has-post-thumbnail","6":"product_brand-milwaukee","7":"product_cat-utensili-per-officina","8":"product_cat-attrezzature","9":"product_tag-import-milwau","10":"sws-conto-ricavi-merci-rivendita-macchinari-fr","11":"sws-gruppo-iva-iva81-fr","13":"first","14":"onbackorder","15":"sale","16":"shipping-taxable","17":"purchasable","18":"product-type-simple"},"_links":{"self":[{"href":"https:\/\/lucacastelli.com\/fr\/wp-json\/wp\/v2\/product\/830369","targetHints":{"allow":["GET"]}}],"collection":[{"href":"https:\/\/lucacastelli.com\/fr\/wp-json\/wp\/v2\/product"}],"about":[{"href":"https:\/\/lucacastelli.com\/fr\/wp-json\/wp\/v2\/types\/product"}],"wp:featuredmedia":[{"embeddable":true,"href":"https:\/\/lucacastelli.com\/fr\/wp-json\/wp\/v2\/media\/556307"}],"wp:attachment":[{"href":"https:\/\/lucacastelli.com\/fr\/wp-json\/wp\/v2\/media?parent=830369"}],"wp:term":[{"taxonomy":"product_brand","embeddable":true,"href":"https:\/\/lucacastelli.com\/fr\/wp-json\/wp\/v2\/product_brand?post=830369"},{"taxonomy":"product_cat","embeddable":true,"href":"https:\/\/lucacastelli.com\/fr\/wp-json\/wp\/v2\/product_cat?post=830369"},{"taxonomy":"product_tag","embeddable":true,"href":"https:\/\/lucacastelli.com\/fr\/wp-json\/wp\/v2\/product_tag?post=830369"}],"curies":[{"name":"wp","href":"https:\/\/api.w.org\/{rel}","templated":true}]}}