{"id":830366,"date":"2025-08-08T18:58:33","date_gmt":"2025-08-08T16:58:33","guid":{"rendered":"https:\/\/lucacastelli.com\/prodotto\/milwaukee-cardan-universel-1-2%cb%9d\/"},"modified":"2025-08-08T18:58:33","modified_gmt":"2025-08-08T16:58:33","slug":"milwaukee-cardan-universel-1-2%cb%9d","status":"publish","type":"product","link":"https:\/\/lucacastelli.com\/fr\/produit\/milwaukee-cardan-universel-1-2%cb%9d\/","title":{"rendered":"MILWAUKEE Cardan universel 1\/2\u02dd"},"content":{"rendered":"<p>CARDAN UNIVERSEL 1\/2&#8221;<br \/>\nDurabilit\u00e9 accrue du cardan pour r\u00e9sister \u00e0 des couples plus \u00e9lev\u00e9s. ; L\u2019action oscillante permet un acc\u00e8s suppl\u00e9mentaire et peut \u00e9galement \u00eatre utilis\u00e9 en position standard lorsque la douille est compl\u00e8tement ins\u00e9r\u00e9e. ; Permet d\u2019acc\u00e9der \u00e0 des angles difficiles impossibles \u00e0 atteindre avec un cliquet et une douille fixes. ; Finition chrom\u00e9e pour r\u00e9sister \u00e0 la corrosion et \u00e0 la rouille. ; Marquage des dimensions grav\u00e9 au laser pour une identification facile et rapide.<\/p>\n<p>4932480650<br \/>\n4058546409357<\/p>\n","protected":false},"excerpt":{"rendered":"<p>CARDAN UNIVERSEL 1\/2&#8221;<\/p>\n","protected":false},"featured_media":553177,"template":"","meta":{"_seopress_robots_primary_cat":"","_seopress_titles_title":"","_seopress_titles_desc":"","_seopress_robots_index":""},"product_brand":[3407],"product_cat":[5416,33],"product_tag":[3270],"class_list":{"0":"post-830366","1":"product","2":"type-product","3":"status-publish","4":"has-post-thumbnail","6":"product_brand-milwaukee","7":"product_cat-utensili-per-officina","8":"product_cat-attrezzature","9":"product_tag-import-milwau","10":"sws-conto-ricavi-merci-rivendita-macchinari-fr","11":"sws-gruppo-iva-iva81-fr","13":"first","14":"onbackorder","15":"sale","16":"shipping-taxable","17":"purchasable","18":"product-type-simple"},"_links":{"self":[{"href":"https:\/\/lucacastelli.com\/fr\/wp-json\/wp\/v2\/product\/830366","targetHints":{"allow":["GET"]}}],"collection":[{"href":"https:\/\/lucacastelli.com\/fr\/wp-json\/wp\/v2\/product"}],"about":[{"href":"https:\/\/lucacastelli.com\/fr\/wp-json\/wp\/v2\/types\/product"}],"wp:featuredmedia":[{"embeddable":true,"href":"https:\/\/lucacastelli.com\/fr\/wp-json\/wp\/v2\/media\/553177"}],"wp:attachment":[{"href":"https:\/\/lucacastelli.com\/fr\/wp-json\/wp\/v2\/media?parent=830366"}],"wp:term":[{"taxonomy":"product_brand","embeddable":true,"href":"https:\/\/lucacastelli.com\/fr\/wp-json\/wp\/v2\/product_brand?post=830366"},{"taxonomy":"product_cat","embeddable":true,"href":"https:\/\/lucacastelli.com\/fr\/wp-json\/wp\/v2\/product_cat?post=830366"},{"taxonomy":"product_tag","embeddable":true,"href":"https:\/\/lucacastelli.com\/fr\/wp-json\/wp\/v2\/product_tag?post=830366"}],"curies":[{"name":"wp","href":"https:\/\/api.w.org\/{rel}","templated":true}]}}