{"id":830364,"date":"2025-08-08T18:49:00","date_gmt":"2025-08-08T16:49:00","guid":{"rendered":"https:\/\/lucacastelli.com\/prodotto\/milwaukee-cardan-universel-1%cb%9d\/"},"modified":"2025-08-08T18:49:00","modified_gmt":"2025-08-08T16:49:00","slug":"milwaukee-cardan-universel-1%cb%9d","status":"publish","type":"product","link":"https:\/\/lucacastelli.com\/fr\/produit\/milwaukee-cardan-universel-1%cb%9d\/","title":{"rendered":"MILWAUKEE Cardan universel 1\u02dd"},"content":{"rendered":"<p>CARDAN 1 CARR\u00c9 25 DEGR\u00c9S<br \/>\nL\u2019acier r\u00e9sistant aux chocs SHOCKWAVE\u2122 (chrome-molybd\u00e8ne) est un acier de haute qualit\u00e9 offrant une durabilit\u00e9 exceptionnelle ; Joint articul\u00e9 \u00e0 25\u00b0 pour faciliter l\u2019acc\u00e8s aux zones difficiles d\u2019acc\u00e8s ; Marquages grav\u00e9s et codes couleurs pour une identification facile et durable de la taille ; Double per\u00e7age et rainure pour une fixation ais\u00e9e des accessoires de s\u00e9curit\u00e9<\/p>\n<p>4932480443<br \/>\n4058546407285<\/p>\n","protected":false},"excerpt":{"rendered":"<p>CARDAN 1 CARR\u00c9 25 DEGR\u00c9S<\/p>\n","protected":false},"featured_media":548480,"template":"","meta":{"_seopress_robots_primary_cat":"","_seopress_titles_title":"","_seopress_titles_desc":"","_seopress_robots_index":""},"product_brand":[3407],"product_cat":[29,514,549,550],"product_tag":[3270],"class_list":{"0":"post-830364","1":"product","2":"type-product","3":"status-publish","4":"has-post-thumbnail","6":"product_brand-milwaukee","7":"product_cat-macchinari","8":"product_cat-altri-dispositivi","9":"product_cat-trapani-e-avvitatori","10":"product_cat-accessori-per-trapani-ed-avvitatori","11":"product_tag-import-milwau","12":"sws-conto-ricavi-merci-rivendita-macchinari-fr","13":"sws-gruppo-iva-iva81-fr","15":"first","16":"onbackorder","17":"sale","18":"shipping-taxable","19":"purchasable","20":"product-type-simple"},"_links":{"self":[{"href":"https:\/\/lucacastelli.com\/fr\/wp-json\/wp\/v2\/product\/830364","targetHints":{"allow":["GET"]}}],"collection":[{"href":"https:\/\/lucacastelli.com\/fr\/wp-json\/wp\/v2\/product"}],"about":[{"href":"https:\/\/lucacastelli.com\/fr\/wp-json\/wp\/v2\/types\/product"}],"wp:featuredmedia":[{"embeddable":true,"href":"https:\/\/lucacastelli.com\/fr\/wp-json\/wp\/v2\/media\/548480"}],"wp:attachment":[{"href":"https:\/\/lucacastelli.com\/fr\/wp-json\/wp\/v2\/media?parent=830364"}],"wp:term":[{"taxonomy":"product_brand","embeddable":true,"href":"https:\/\/lucacastelli.com\/fr\/wp-json\/wp\/v2\/product_brand?post=830364"},{"taxonomy":"product_cat","embeddable":true,"href":"https:\/\/lucacastelli.com\/fr\/wp-json\/wp\/v2\/product_cat?post=830364"},{"taxonomy":"product_tag","embeddable":true,"href":"https:\/\/lucacastelli.com\/fr\/wp-json\/wp\/v2\/product_tag?post=830364"}],"curies":[{"name":"wp","href":"https:\/\/api.w.org\/{rel}","templated":true}]}}