{"id":830356,"date":"2025-08-08T18:58:47","date_gmt":"2025-08-08T16:58:47","guid":{"rendered":"https:\/\/lucacastelli.com\/prodotto\/milwaukee-jeu-de-douilles-a-main-3-8-3\/"},"modified":"2025-08-08T18:58:47","modified_gmt":"2025-08-08T16:58:47","slug":"milwaukee-jeu-de-douilles-a-main-3-8-3","status":"publish","type":"product","link":"https:\/\/lucacastelli.com\/fr\/produit\/milwaukee-jeu-de-douilles-a-main-3-8-3\/","title":{"rendered":"MILWAUKEE Jeu de douilles \u00e0 main 3\/8\u2019\u2019"},"content":{"rendered":"<p>JEU 10 PCS DOUILLES \u00c0 MAIN COURTES 3\/8 M\u00c9TRIQUE<br \/>\nLe design FOUR FLAT\u2122 emp\u00eache le roulement ; Prise maximale gr\u00e2ce au design FOUR FLAT\u2122 ; Diam\u00e8tres grav\u00e9s pour une identification facile ; Finition chrom\u00e9e ; Livr\u00e9es sur un rail de rangement<\/p>\n<p>4932492507<br \/>\n4058546418748<\/p>\n","protected":false},"excerpt":{"rendered":"<p>JEU 10 PCS DOUILLES \u00c0 MAIN COURTES 3\/8 M\u00c9TRIQUE<\/p>\n","protected":false},"featured_media":557067,"template":"","meta":{"_seopress_robots_primary_cat":"","_seopress_titles_title":"","_seopress_titles_desc":"","_seopress_robots_index":""},"product_brand":[3407],"product_cat":[5416,33],"product_tag":[3270],"class_list":{"0":"post-830356","1":"product","2":"type-product","3":"status-publish","4":"has-post-thumbnail","6":"product_brand-milwaukee","7":"product_cat-utensili-per-officina","8":"product_cat-attrezzature","9":"product_tag-import-milwau","10":"sws-conto-ricavi-merci-rivendita-macchinari-fr","11":"sws-gruppo-iva-iva81-fr","13":"first","14":"onbackorder","15":"sale","16":"shipping-taxable","17":"purchasable","18":"product-type-simple"},"_links":{"self":[{"href":"https:\/\/lucacastelli.com\/fr\/wp-json\/wp\/v2\/product\/830356","targetHints":{"allow":["GET"]}}],"collection":[{"href":"https:\/\/lucacastelli.com\/fr\/wp-json\/wp\/v2\/product"}],"about":[{"href":"https:\/\/lucacastelli.com\/fr\/wp-json\/wp\/v2\/types\/product"}],"wp:featuredmedia":[{"embeddable":true,"href":"https:\/\/lucacastelli.com\/fr\/wp-json\/wp\/v2\/media\/557067"}],"wp:attachment":[{"href":"https:\/\/lucacastelli.com\/fr\/wp-json\/wp\/v2\/media?parent=830356"}],"wp:term":[{"taxonomy":"product_brand","embeddable":true,"href":"https:\/\/lucacastelli.com\/fr\/wp-json\/wp\/v2\/product_brand?post=830356"},{"taxonomy":"product_cat","embeddable":true,"href":"https:\/\/lucacastelli.com\/fr\/wp-json\/wp\/v2\/product_cat?post=830356"},{"taxonomy":"product_tag","embeddable":true,"href":"https:\/\/lucacastelli.com\/fr\/wp-json\/wp\/v2\/product_tag?post=830356"}],"curies":[{"name":"wp","href":"https:\/\/api.w.org\/{rel}","templated":true}]}}