{"id":830354,"date":"2025-08-08T18:58:48","date_gmt":"2025-08-08T16:58:48","guid":{"rendered":"https:\/\/lucacastelli.com\/prodotto\/milwaukee-jeu-de-douilles-a-main-3-8-2\/"},"modified":"2025-08-08T18:58:48","modified_gmt":"2025-08-08T16:58:48","slug":"milwaukee-jeu-de-douilles-a-main-3-8-2","status":"publish","type":"product","link":"https:\/\/lucacastelli.com\/fr\/produit\/milwaukee-jeu-de-douilles-a-main-3-8-2\/","title":{"rendered":"MILWAUKEE Jeu de douilles \u00e0 main 3\/8&#8221;"},"content":{"rendered":"<p>JEU DE 10 PCS DOUILLES \u00c0 MAIN COURTES 3\/8 IMP\u00c9RIAL<br \/>\nLe design FOUR FLAT\u2122 emp\u00eache le roulement ; Prise maximale gr\u00e2ce au design FOUR FLAT\u2122 ; Diam\u00e8tres grav\u00e9s pour une identification facile ; Finition chrom\u00e9e ; Livr\u00e9es sur un rail porte-douilles<\/p>\n<p>4932492508<br \/>\n4058546418755<\/p>\n","protected":false},"excerpt":{"rendered":"<p>JEU DE 10 PCS DOUILLES \u00c0 MAIN COURTES 3\/8 IMP\u00c9RIAL<\/p>\n","protected":false},"featured_media":599671,"template":"","meta":{"_seopress_robots_primary_cat":"","_seopress_titles_title":"","_seopress_titles_desc":"","_seopress_robots_index":""},"product_brand":[3658],"product_cat":[144,5417],"product_tag":[3273],"class_list":{"0":"post-830354","1":"product","2":"type-product","3":"status-publish","4":"has-post-thumbnail","6":"product_brand-milwaukee-fr","7":"product_cat-equipement","8":"product_cat-outils-pour-atelier","9":"product_tag-import-milwau-fr","10":"sws-conto-ricavi-merci-rivendita-macchinari-fr","11":"sws-gruppo-iva-iva81-fr","13":"first","14":"onbackorder","15":"sale","16":"shipping-taxable","17":"purchasable","18":"product-type-simple"},"_links":{"self":[{"href":"https:\/\/lucacastelli.com\/fr\/wp-json\/wp\/v2\/product\/830354","targetHints":{"allow":["GET"]}}],"collection":[{"href":"https:\/\/lucacastelli.com\/fr\/wp-json\/wp\/v2\/product"}],"about":[{"href":"https:\/\/lucacastelli.com\/fr\/wp-json\/wp\/v2\/types\/product"}],"wp:featuredmedia":[{"embeddable":true,"href":"https:\/\/lucacastelli.com\/fr\/wp-json\/wp\/v2\/media\/599671"}],"wp:attachment":[{"href":"https:\/\/lucacastelli.com\/fr\/wp-json\/wp\/v2\/media?parent=830354"}],"wp:term":[{"taxonomy":"product_brand","embeddable":true,"href":"https:\/\/lucacastelli.com\/fr\/wp-json\/wp\/v2\/product_brand?post=830354"},{"taxonomy":"product_cat","embeddable":true,"href":"https:\/\/lucacastelli.com\/fr\/wp-json\/wp\/v2\/product_cat?post=830354"},{"taxonomy":"product_tag","embeddable":true,"href":"https:\/\/lucacastelli.com\/fr\/wp-json\/wp\/v2\/product_tag?post=830354"}],"curies":[{"name":"wp","href":"https:\/\/api.w.org\/{rel}","templated":true}]}}