{"id":830339,"date":"2025-08-08T18:58:44","date_gmt":"2025-08-08T16:58:44","guid":{"rendered":"https:\/\/lucacastelli.com\/prodotto\/milwaukee-coffret-dembouts-cliquet-cles-et-douilles-1-4%e2%80%b3\/"},"modified":"2025-08-08T18:58:44","modified_gmt":"2025-08-08T16:58:44","slug":"milwaukee-coffret-dembouts-cliquet-cles-et-douilles-1-4%e2%80%b3","status":"publish","type":"product","link":"https:\/\/lucacastelli.com\/fr\/produit\/milwaukee-coffret-dembouts-cliquet-cles-et-douilles-1-4%e2%80%b3\/","title":{"rendered":"MILWAUKEE Coffret d\u2019embouts, cliquet, cl\u00e9s et douilles 1\/4\u2033"},"content":{"rendered":"<p>COFFRET 42 PCS CLIQUET 1\/4 &#8211; M\u00c9TRIQUE<br \/>\nCliquet MILWAUKEE\u00ae avec conception \u00e0 90 dents, angle de reprise et design Stubby pour les travaux dans les espaces restreints. ; Design FOUR FLAT\u2122 pour l\u2019insertion de cl\u00e9s plates ; Cl\u00e9s mixtes \u00e0 cliquet avec 144 dents et angle de reprise de 2,5\u00b0 pour garantir une flexibilit\u00e9 m\u00eame dans les espaces restreints. ; Embouts de vissage r\u00e9sistants Shockwave\u2122<\/p>\n<p>4932498382<br \/>\n4058546522513<\/p>\n","protected":false},"excerpt":{"rendered":"<p>COFFRET 42 PCS CLIQUET 1\/4 &#8211; M\u00c9TRIQUE<\/p>\n","protected":false},"featured_media":567293,"template":"","meta":{"_seopress_robots_primary_cat":"","_seopress_titles_title":"","_seopress_titles_desc":"","_seopress_robots_index":""},"product_brand":[3658],"product_cat":[144,5417],"product_tag":[3273],"class_list":{"0":"post-830339","1":"product","2":"type-product","3":"status-publish","4":"has-post-thumbnail","6":"product_brand-milwaukee-fr","7":"product_cat-equipement","8":"product_cat-outils-pour-atelier","9":"product_tag-import-milwau-fr","10":"sws-conto-ricavi-merci-rivendita-macchinari-fr","11":"sws-gruppo-iva-iva81-fr","13":"first","14":"onbackorder","15":"sale","16":"shipping-taxable","17":"purchasable","18":"product-type-simple"},"_links":{"self":[{"href":"https:\/\/lucacastelli.com\/fr\/wp-json\/wp\/v2\/product\/830339","targetHints":{"allow":["GET"]}}],"collection":[{"href":"https:\/\/lucacastelli.com\/fr\/wp-json\/wp\/v2\/product"}],"about":[{"href":"https:\/\/lucacastelli.com\/fr\/wp-json\/wp\/v2\/types\/product"}],"wp:featuredmedia":[{"embeddable":true,"href":"https:\/\/lucacastelli.com\/fr\/wp-json\/wp\/v2\/media\/567293"}],"wp:attachment":[{"href":"https:\/\/lucacastelli.com\/fr\/wp-json\/wp\/v2\/media?parent=830339"}],"wp:term":[{"taxonomy":"product_brand","embeddable":true,"href":"https:\/\/lucacastelli.com\/fr\/wp-json\/wp\/v2\/product_brand?post=830339"},{"taxonomy":"product_cat","embeddable":true,"href":"https:\/\/lucacastelli.com\/fr\/wp-json\/wp\/v2\/product_cat?post=830339"},{"taxonomy":"product_tag","embeddable":true,"href":"https:\/\/lucacastelli.com\/fr\/wp-json\/wp\/v2\/product_tag?post=830339"}],"curies":[{"name":"wp","href":"https:\/\/api.w.org\/{rel}","templated":true}]}}