{"id":830321,"date":"2026-04-15T08:46:43","date_gmt":"2026-04-15T06:46:43","guid":{"rendered":"https:\/\/lucacastelli.com\/prodotto\/ortovox-fleece-light-grid-hoody\/"},"modified":"2026-04-15T08:46:43","modified_gmt":"2026-04-15T06:46:43","slug":"ortovox-fleece-light-grid-hoody","status":"publish","type":"product","link":"https:\/\/lucacastelli.com\/fr\/produit\/ortovox-fleece-light-grid-hoody\/","title":{"rendered":"ORTOVOX FLEECE LIGHT GRID HOODY"},"content":{"rendered":"<p>CHALEUR ET L\u00c9G\u00c8RET\u00c9<br \/>\nVeste polaire \u00e0 capuche ultra-l\u00e9g\u00e8re en laine m\u00e9rinos pour randonn\u00e9es exigeantes en montagne<\/p>\n<p>Points forts<br \/>\nLaine m\u00e9rinos au contact de la peau<br \/>\nTr\u00e8s l\u00e9g\u00e8re avec un rapport poids\/isolation optimal<br \/>\nDimensions compactes<br \/>\nChaude mais l\u00e9g\u00e8re, la veste MERINO FLEECE LIGHT GRID HOODY offre une isolation thermique et une ventilation exceptionnelles, dans un v\u00eatement compact au poids r\u00e9duit. Parfaite \u00e0 emporter dans le sac \u00e0 dos quand chaque gramme compte. Gr\u00e2ce \u00e0 la structure gauffr\u00e9e \u00e0 l\u2019int\u00e9rieur, le mat\u00e9riau MERINO FLEECE LIGHT GRID est particuli\u00e8rement respirant, s\u00e8che rapidement et tient chaud lorsque les temp\u00e9ratures baissent. De plus, la laine m\u00e9rinos r\u00e9gule la temp\u00e9rature, bloque les odeurs et est tr\u00e8s douce sur la peau. Les deux poches avant offrent tout l\u2019espace n\u00e9cessaire pour les petits objets, tandis que la capuche et le col haut prot\u00e8gent du vent et des intemp\u00e9ries.    <\/p>\n<p>&nbsp;<\/p>\n<p>Capuche de protection<br \/>\n2 poches avant<br \/>\nFabriqu\u00e9 en Europe<\/p>\n<p>&nbsp;<\/p>\n<p>MATI\u00c8RE PRINCIPALE : 72 % polyester + 22 % laine (M\u00c9RINOS) + 6 % polyamide<\/p>\n<p>&nbsp;<\/p>\n<p>&nbsp;<\/p>\n","protected":false},"excerpt":{"rendered":"<p>CHALEUR ET L\u00c9G\u00c8RET\u00c9 Veste polaire \u00e0 capuche ultra-l\u00e9g\u00e8re en laine m\u00e9rinos pour randonn\u00e9es exigeantes en montagne Points forts Laine m\u00e9rinos<\/p>\n","protected":false},"featured_media":830304,"template":"","meta":{"_seopress_robots_primary_cat":"","_seopress_titles_title":"","_seopress_titles_desc":"","_seopress_robots_index":""},"product_brand":[3664],"product_cat":[81,981,1387],"product_tag":[],"class_list":{"0":"post-830321","1":"product","2":"type-product","3":"status-publish","4":"has-post-thumbnail","6":"product_brand-ortovox-fr","7":"product_cat-vetements","8":"product_cat-vetements-de-loisirs","9":"product_cat-vetements-pour-femmes","10":"sws-gruppo-abb-libero-fr","11":"sws-conto-ricavi-merci-rivendita-abbigliamento-fr","12":"sws-gruppo-iva-iva81-fr","14":"first","15":"instock","16":"shipping-taxable","17":"purchasable","18":"product-type-variable","19":"has-default-attributes"},"_links":{"self":[{"href":"https:\/\/lucacastelli.com\/fr\/wp-json\/wp\/v2\/product\/830321","targetHints":{"allow":["GET"]}}],"collection":[{"href":"https:\/\/lucacastelli.com\/fr\/wp-json\/wp\/v2\/product"}],"about":[{"href":"https:\/\/lucacastelli.com\/fr\/wp-json\/wp\/v2\/types\/product"}],"wp:featuredmedia":[{"embeddable":true,"href":"https:\/\/lucacastelli.com\/fr\/wp-json\/wp\/v2\/media\/830304"}],"wp:attachment":[{"href":"https:\/\/lucacastelli.com\/fr\/wp-json\/wp\/v2\/media?parent=830321"}],"wp:term":[{"taxonomy":"product_brand","embeddable":true,"href":"https:\/\/lucacastelli.com\/fr\/wp-json\/wp\/v2\/product_brand?post=830321"},{"taxonomy":"product_cat","embeddable":true,"href":"https:\/\/lucacastelli.com\/fr\/wp-json\/wp\/v2\/product_cat?post=830321"},{"taxonomy":"product_tag","embeddable":true,"href":"https:\/\/lucacastelli.com\/fr\/wp-json\/wp\/v2\/product_tag?post=830321"}],"curies":[{"name":"wp","href":"https:\/\/api.w.org\/{rel}","templated":true}]}}