{"id":830289,"date":"2026-04-15T03:14:33","date_gmt":"2026-04-15T01:14:33","guid":{"rendered":"https:\/\/lucacastelli.com\/prodotto\/stihl-bra-500-set-avec-2-batteries-ap-500-s-et-chargeur-al-301\/"},"modified":"2026-04-15T03:14:33","modified_gmt":"2026-04-15T01:14:33","slug":"stihl-bra-500-set-avec-2-batteries-ap-500-s-et-chargeur-al-301","status":"publish","type":"product","link":"https:\/\/lucacastelli.com\/fr\/produit\/stihl-bra-500-set-avec-2-batteries-ap-500-s-et-chargeur-al-301\/","title":{"rendered":"STIHL BRA 500 set avec 2 batteries AP 500 S et chargeur AL 301"},"content":{"rendered":"<p>Le souffleur \u00e0 batterie STIHL BRA 500, port\u00e9 sur le dos, est le choix id\u00e9al pour les professionnels de l&#8217;entretien des jardins et des espaces verts, ainsi que pour l&#8217;utilisation communale. Gr\u00e2ce \u00e0 sa puissance de soufflage \u00e9norme jusqu&#8217;\u00e0 32 N, il est possible d&#8217;\u00e9liminer rapidement et efficacement m\u00eame les feuilles lourdes et humides, l&#8217;herbe coup\u00e9e, les r\u00e9sidus de taille ou les d\u00e9bris sur de grandes surfaces, dans les parcs, sur les sentiers et sur les routes. Gr\u00e2ce au STIHL Noise Reduction System, le BRA 500 fonctionne de mani\u00e8re particuli\u00e8rement silencieuse et est donc id\u00e9al pour l&#8217;utilisation dans les zones sensibles au bruit. Le bruit haute fr\u00e9quence r\u00e9duit garantit en outre un son plus agr\u00e9able.   <\/p>\n<p>Le moteur EC, pratiquement sans usure, convainc par son fonctionnement silencieux et ses vibrations r\u00e9duites. Le BRA 500 tire son \u00e9nergie de 2 batteries STIHL AP, qui garantissent une puissance de soufflage constamment \u00e9lev\u00e9e pendant toute la dur\u00e9e de fonctionnement. Via l&#8217;unit\u00e9 de commande num\u00e9rique sur la poign\u00e9e multifonction \u00e0 une main, il est possible de r\u00e9gler confortablement la puissance de soufflage en fonction de l&#8217;application : choisissez entre 3 niveaux de puissance ou activez le mode Boost permanent. De plus, vous pouvez visualiser ici l&#8217;\u00e9tat de charge des batteries et d&#8217;autres informations de fonctionnement.   <\/p>\n<p>Le BRA 500 est \u00e9quip\u00e9 de s\u00e9rie du module HMI ADVANCE PLUS et de STIHL connected. Il est ainsi possible, par exemple, d&#8217;activer via l&#8217;application un mode d&#8217;\u00e9conomie d&#8217;\u00e9nergie lorsque la pleine puissance n&#8217;est pas requise \u2013 ce qui prolonge sensiblement la dur\u00e9e de vie de la batterie. <\/p>\n<p>Pour une utilisation confortable, le tube de soufflage est r\u00e9glable rapidement et peut \u00eatre facilement raccourci dans les espaces restreints. Le syst\u00e8me de portage ergonomique avec bretelles en forme de S et ceinture ventrale r\u00e9partit le poids de mani\u00e8re uniforme et garantit un confort \u00e9lev\u00e9 m\u00eame lors des interventions les plus longues. <\/p>\n<p>&nbsp;<\/p>\n<p>Set compos\u00e9 de :<\/p>\n<p>1 souffleur STIHL BRA 500<\/p>\n<p>2 batteries AP 500 S<\/p>\n<p>1 chargeur AL 301<\/p>\n","protected":false},"excerpt":{"rendered":"<p>Le souffleur \u00e0 batterie STIHL BRA 500, port\u00e9 sur le dos, est le choix id\u00e9al pour les professionnels de l&#8217;entretien<\/p>\n","protected":false},"featured_media":830279,"template":"","meta":{"_seopress_robots_primary_cat":"none","_seopress_titles_title":"","_seopress_titles_desc":"","_seopress_robots_index":""},"product_brand":[3555],"product_cat":[167,1651,1643],"product_tag":[],"class_list":{"0":"post-830289","1":"product","2":"type-product","3":"status-publish","4":"has-post-thumbnail","6":"product_brand-stihl-fr","7":"product_cat-machines","8":"product_cat-souffleurs-a-batterie","9":"product_cat-souffleurs-et-aspirateurs","10":"sws-gruppo-macchinari-fr","11":"sws-conto-ricavi-merci-rivendita-macchinari-fr","12":"sws-gruppo-iva-iva81-fr","14":"first","15":"instock","16":"sale","17":"shipping-taxable","18":"purchasable","19":"product-type-simple"},"_links":{"self":[{"href":"https:\/\/lucacastelli.com\/fr\/wp-json\/wp\/v2\/product\/830289","targetHints":{"allow":["GET"]}}],"collection":[{"href":"https:\/\/lucacastelli.com\/fr\/wp-json\/wp\/v2\/product"}],"about":[{"href":"https:\/\/lucacastelli.com\/fr\/wp-json\/wp\/v2\/types\/product"}],"wp:featuredmedia":[{"embeddable":true,"href":"https:\/\/lucacastelli.com\/fr\/wp-json\/wp\/v2\/media\/830279"}],"wp:attachment":[{"href":"https:\/\/lucacastelli.com\/fr\/wp-json\/wp\/v2\/media?parent=830289"}],"wp:term":[{"taxonomy":"product_brand","embeddable":true,"href":"https:\/\/lucacastelli.com\/fr\/wp-json\/wp\/v2\/product_brand?post=830289"},{"taxonomy":"product_cat","embeddable":true,"href":"https:\/\/lucacastelli.com\/fr\/wp-json\/wp\/v2\/product_cat?post=830289"},{"taxonomy":"product_tag","embeddable":true,"href":"https:\/\/lucacastelli.com\/fr\/wp-json\/wp\/v2\/product_tag?post=830289"}],"curies":[{"name":"wp","href":"https:\/\/api.w.org\/{rel}","templated":true}]}}