{"id":830077,"date":"2026-02-22T15:25:12","date_gmt":"2026-02-22T14:25:12","guid":{"rendered":"https:\/\/lucacastelli.com\/prodotto\/milwaukee-carter-de-poncage\/"},"modified":"2026-02-22T15:25:12","modified_gmt":"2026-02-22T14:25:12","slug":"milwaukee-carter-de-poncage","status":"publish","type":"product","link":"https:\/\/lucacastelli.com\/fr\/produit\/milwaukee-carter-de-poncage\/","title":{"rendered":"MILWAUKEE Carter de pon\u00e7age"},"content":{"rendered":"<p>DSG125 115+125 mm Carter d\u2019aspiration pour M18 SAG<br \/>\nConnexion enti\u00e8rement sans outil aux meuleuses M18\u2122 de 115 et 125 mm (sauf mod\u00e8les \u00e0 t\u00eate plate et mod\u00e8les de s\u00e9curit\u00e9 \u00e0 double interrupteur), s\u00e9ries AG(V) 12 et AGV 15. Fonction avant coulissante sans outil pour permettre l\u2019acc\u00e8s aux angles et le travail au ras des bords. Le carter est compatible avec les aspirateurs MILWAUKEE\u00ae de classe M gr\u00e2ce \u00e0 l\u2019adaptateur exclusif avec syst\u00e8me \u00ab click \u00bb fourni avec l\u2019aspirateur  <\/p>\n<p>4058546569334<\/p>\n","protected":false},"excerpt":{"rendered":"<p>DSG125 115+125 mm Carter d\u2019aspiration pour M18 SAG Connexion enti\u00e8rement sans outil aux meuleuses M18\u2122 de 115 et 125 mm<\/p>\n","protected":false},"featured_media":738408,"template":"","meta":{"_seopress_robots_primary_cat":"","_seopress_titles_title":"","_seopress_titles_desc":"","_seopress_robots_index":""},"product_brand":[3658],"product_cat":[1453,5532,167],"product_tag":[6838],"class_list":{"0":"post-830077","1":"product","2":"type-product","3":"status-publish","4":"has-post-thumbnail","6":"product_brand-milwaukee-fr","7":"product_cat-autres-appareils","8":"product_cat-diverses-machines-milwaukee","9":"product_cat-machines","10":"product_tag-imp-26-mw_new","11":"sws-gruppo-macchinari-fr","12":"sws-conto-ricavi-merci-rivendita-macchinari-fr","13":"sws-gruppo-iva-iva81-fr","15":"first","16":"instock","17":"sale","18":"shipping-taxable","19":"purchasable","20":"product-type-simple"},"_links":{"self":[{"href":"https:\/\/lucacastelli.com\/fr\/wp-json\/wp\/v2\/product\/830077","targetHints":{"allow":["GET"]}}],"collection":[{"href":"https:\/\/lucacastelli.com\/fr\/wp-json\/wp\/v2\/product"}],"about":[{"href":"https:\/\/lucacastelli.com\/fr\/wp-json\/wp\/v2\/types\/product"}],"wp:featuredmedia":[{"embeddable":true,"href":"https:\/\/lucacastelli.com\/fr\/wp-json\/wp\/v2\/media\/738408"}],"wp:attachment":[{"href":"https:\/\/lucacastelli.com\/fr\/wp-json\/wp\/v2\/media?parent=830077"}],"wp:term":[{"taxonomy":"product_brand","embeddable":true,"href":"https:\/\/lucacastelli.com\/fr\/wp-json\/wp\/v2\/product_brand?post=830077"},{"taxonomy":"product_cat","embeddable":true,"href":"https:\/\/lucacastelli.com\/fr\/wp-json\/wp\/v2\/product_cat?post=830077"},{"taxonomy":"product_tag","embeddable":true,"href":"https:\/\/lucacastelli.com\/fr\/wp-json\/wp\/v2\/product_tag?post=830077"}],"curies":[{"name":"wp","href":"https:\/\/api.w.org\/{rel}","templated":true}]}}