{"id":829995,"date":"2026-02-22T15:27:12","date_gmt":"2026-02-22T14:27:12","guid":{"rendered":"https:\/\/lucacastelli.com\/prodotto\/milwaukee-machine-de-recuperation-de-refrigerant-2\/"},"modified":"2026-02-22T15:27:12","modified_gmt":"2026-02-22T14:27:12","slug":"milwaukee-machine-de-recuperation-de-refrigerant-2","status":"publish","type":"product","link":"https:\/\/lucacastelli.com\/fr\/produit\/milwaukee-machine-de-recuperation-de-refrigerant-2\/","title":{"rendered":"MILWAUKEE Machine de r\u00e9cup\u00e9ration de r\u00e9frig\u00e9rant"},"content":{"rendered":"<p>M18BLRP-0 POMPE DE R\u00c9CUP\u00c9RATION BRUSHLESS XXX<\/p>\n<p>Livr\u00e9 sans batteries, livr\u00e9 sans chargeur, livr\u00e9 sans kitbox ni sac<br \/>\n4058546520410<\/p>\n","protected":false},"excerpt":{"rendered":"<p>M18BLRP-0 POMPE DE R\u00c9CUP\u00c9RATION BRUSHLESS XXX Livr\u00e9 sans batteries, livr\u00e9 sans chargeur, livr\u00e9 sans kitbox ni sac 4058546520410<\/p>\n","protected":false},"featured_media":738576,"template":"","meta":{"_seopress_robots_primary_cat":"","_seopress_titles_title":"","_seopress_titles_desc":"","_seopress_robots_index":""},"product_brand":[3658],"product_cat":[1555,5532,167],"product_tag":[6838],"class_list":{"0":"post-829995","1":"product","2":"type-product","3":"status-publish","4":"has-post-thumbnail","6":"product_brand-milwaukee-fr","7":"product_cat-accessoires-pour-perceuses-et-tournevis","8":"product_cat-diverses-machines-milwaukee","9":"product_cat-machines","10":"product_tag-imp-26-mw_new","11":"sws-gruppo-macchinari-fr","12":"sws-conto-ricavi-merci-rivendita-macchinari-fr","13":"sws-gruppo-iva-iva81-fr","15":"first","16":"instock","17":"sale","18":"shipping-taxable","19":"purchasable","20":"product-type-simple"},"_links":{"self":[{"href":"https:\/\/lucacastelli.com\/fr\/wp-json\/wp\/v2\/product\/829995","targetHints":{"allow":["GET"]}}],"collection":[{"href":"https:\/\/lucacastelli.com\/fr\/wp-json\/wp\/v2\/product"}],"about":[{"href":"https:\/\/lucacastelli.com\/fr\/wp-json\/wp\/v2\/types\/product"}],"wp:featuredmedia":[{"embeddable":true,"href":"https:\/\/lucacastelli.com\/fr\/wp-json\/wp\/v2\/media\/738576"}],"wp:attachment":[{"href":"https:\/\/lucacastelli.com\/fr\/wp-json\/wp\/v2\/media?parent=829995"}],"wp:term":[{"taxonomy":"product_brand","embeddable":true,"href":"https:\/\/lucacastelli.com\/fr\/wp-json\/wp\/v2\/product_brand?post=829995"},{"taxonomy":"product_cat","embeddable":true,"href":"https:\/\/lucacastelli.com\/fr\/wp-json\/wp\/v2\/product_cat?post=829995"},{"taxonomy":"product_tag","embeddable":true,"href":"https:\/\/lucacastelli.com\/fr\/wp-json\/wp\/v2\/product_tag?post=829995"}],"curies":[{"name":"wp","href":"https:\/\/api.w.org\/{rel}","templated":true}]}}