{"id":829913,"date":"2026-02-22T15:27:54","date_gmt":"2026-02-22T14:27:54","guid":{"rendered":"https:\/\/lucacastelli.com\/prodotto\/milwaukee-unite-moteur\/"},"modified":"2026-02-22T15:27:54","modified_gmt":"2026-02-22T14:27:54","slug":"milwaukee-unite-moteur","status":"publish","type":"product","link":"https:\/\/lucacastelli.com\/fr\/produit\/milwaukee-unite-moteur\/","title":{"rendered":"MILWAUKEE Unit\u00e9 moteur"},"content":{"rendered":"<p>POMPES IMMERG\u00c9ES\/MXF SMP2PBE-0<br \/>\nMoteur de rechange pour pompe immerg\u00e9e MXF SMP2 (moteur seul sans pompe)<\/p>\n<p>Fourni sans batteries, fourni sans chargeur, fourni sans coffret ou sac, station de base, c\u00e2ble arri\u00e8re, t\u00e9l\u00e9commande<br \/>\n4058546564360<\/p>\n","protected":false},"excerpt":{"rendered":"<p>POMPES IMMERG\u00c9ES\/MXF SMP2PBE-0 Moteur de rechange pour pompe immerg\u00e9e MXF SMP2 (moteur seul sans pompe) Fourni sans batteries, fourni sans<\/p>\n","protected":false},"featured_media":738631,"template":"","meta":{"_seopress_robots_primary_cat":"","_seopress_titles_title":"","_seopress_titles_desc":"","_seopress_robots_index":""},"product_brand":[3658],"product_cat":[1555,5532,167],"product_tag":[6838],"class_list":{"0":"post-829913","1":"product","2":"type-product","3":"status-publish","4":"has-post-thumbnail","6":"product_brand-milwaukee-fr","7":"product_cat-accessoires-pour-perceuses-et-tournevis","8":"product_cat-diverses-machines-milwaukee","9":"product_cat-machines","10":"product_tag-imp-26-mw_new","11":"sws-gruppo-macchinari-fr","12":"sws-conto-ricavi-merci-rivendita-macchinari-fr","13":"sws-gruppo-iva-iva81-fr","15":"first","16":"instock","17":"sale","18":"shipping-taxable","19":"purchasable","20":"product-type-simple"},"_links":{"self":[{"href":"https:\/\/lucacastelli.com\/fr\/wp-json\/wp\/v2\/product\/829913","targetHints":{"allow":["GET"]}}],"collection":[{"href":"https:\/\/lucacastelli.com\/fr\/wp-json\/wp\/v2\/product"}],"about":[{"href":"https:\/\/lucacastelli.com\/fr\/wp-json\/wp\/v2\/types\/product"}],"wp:featuredmedia":[{"embeddable":true,"href":"https:\/\/lucacastelli.com\/fr\/wp-json\/wp\/v2\/media\/738631"}],"wp:attachment":[{"href":"https:\/\/lucacastelli.com\/fr\/wp-json\/wp\/v2\/media?parent=829913"}],"wp:term":[{"taxonomy":"product_brand","embeddable":true,"href":"https:\/\/lucacastelli.com\/fr\/wp-json\/wp\/v2\/product_brand?post=829913"},{"taxonomy":"product_cat","embeddable":true,"href":"https:\/\/lucacastelli.com\/fr\/wp-json\/wp\/v2\/product_cat?post=829913"},{"taxonomy":"product_tag","embeddable":true,"href":"https:\/\/lucacastelli.com\/fr\/wp-json\/wp\/v2\/product_tag?post=829913"}],"curies":[{"name":"wp","href":"https:\/\/api.w.org\/{rel}","templated":true}]}}