{"id":829517,"date":"2026-04-12T17:23:31","date_gmt":"2026-04-12T15:23:31","guid":{"rendered":"https:\/\/lucacastelli.com\/prodotto\/la-sportiva-tx4-evo-2\/"},"modified":"2026-04-12T17:23:31","modified_gmt":"2026-04-12T15:23:31","slug":"la-sportiva-tx4-evo-2","status":"publish","type":"product","link":"https:\/\/lucacastelli.com\/fr\/produit\/la-sportiva-tx4-evo-2\/","title":{"rendered":"La Sportiva TX4 Evo"},"content":{"rendered":"<p>La TX4 Evo est la chaussure en cuir d\u00e9velopp\u00e9e pour garantir une stabilit\u00e9 et une adh\u00e9rence maximales, m\u00eame sur les terrains les plus accident\u00e9s. Id\u00e9ale pour les marches d\u2019approche techniques et les passages d\u2019escalade faciles, elle offre un confort in\u00e9gal\u00e9 gr\u00e2ce aux mat\u00e9riaux de la tige et aux volumes internes g\u00e9n\u00e9reux. La semelle d\u2019usure avec compos\u00e9 Vibram\u00ae MegaGrip et structure de crampons brevet\u00e9e Impact Brake System\u2122 assure une stabilit\u00e9 maximale en descente et un contr\u00f4le parfait de la traction en mont\u00e9e. La large Climbing Zone \u00e0 la pointe garantit pr\u00e9cision et grande adh\u00e9rence lors de l\u2019escalade et des passages les plus d\u00e9licats. La semelle intercalaire sp\u00e9ciale avec insert brevet\u00e9 Resole Platform\u2122 permet de ressemeler la TX4 Evo sans alt\u00e9rer ses caract\u00e9ristiques techniques et son confort. Ressemeler ses chaussures permet de prolonger leur cycle de vie et d\u2019\u00e9viter ainsi le gaspillage.     <\/p>\n<p>&nbsp;<\/p>\n<p>Membrane imperm\u00e9able : Non<br \/>\nHauteur de la semelle (mm) &#8211; Talon : 29<br \/>\nHauteur de la semelle (mm) &#8211; Avant-pied : 21<br \/>\nDrop (mm) : 8<br \/>\nHauteur des crampons (mm) : 4<br \/>\nChaussant large : Non<br \/>\nSemelle int\u00e9rieure : A001 Ortholite\u00ae Hybrid Approach 4 mm<br \/>\nDoublure : Mesh<br \/>\nSemelle intercalaire : EVA moul\u00e9e par compression<br \/>\nBrevet : Resole Platform\u2122, Impact Brake System\u2122<br \/>\nSemelle ext\u00e9rieure : Vibram\u00ae Megagrip avec Impact Brake System\u2122<br \/>\nTige : Cuir su\u00e9d\u00e9 + bord de protection en caoutchouc et pointe de protection en caoutchouc<\/p>\n<p>+ Resole Platform\u2122 : le bloc semelle est con\u00e7u pour un ressemelage facile et rapide en rempla\u00e7ant la semelle d\u2019usure avec des composants originaux fournis par La Sportiva<br \/>\n+ Tissu de protection appliqu\u00e9 sur la partie m\u00e9diane avant de l\u2019intercalaire pour la prot\u00e9ger de l\u2019abrasion<br \/>\n+ Syst\u00e8me de la\u00e7age d\u00e9riv\u00e9 de l\u2019escalade pour un ajustement optimal des volumes<\/p>\n","protected":false},"excerpt":{"rendered":"<p>La TX4 Evo est la chaussure en cuir d\u00e9velopp\u00e9e pour garantir une stabilit\u00e9 et une adh\u00e9rence maximales, m\u00eame sur les<\/p>\n","protected":false},"featured_media":829523,"template":"","meta":{"_seopress_robots_primary_cat":"none","_seopress_titles_title":"","_seopress_titles_desc":"","_seopress_robots_index":""},"product_brand":[3648],"product_cat":[173,1420,1432],"product_tag":[],"class_list":{"0":"post-829517","1":"product","2":"type-product","3":"status-publish","4":"has-post-thumbnail","6":"product_brand-la-sportiva-fr","7":"product_cat-chaussures","8":"product_cat-chaussures-de-loisirs","9":"product_cat-chaussures-pour-hommes","10":"sws-gruppo-abb-libero-fr","11":"sws-conto-ricavi-merci-rivendita-abbigliamento-fr","12":"sws-gruppo-iva-iva81-fr","14":"first","15":"instock","16":"sale","17":"shipping-taxable","18":"purchasable","19":"product-type-variable","20":"has-default-attributes"},"_links":{"self":[{"href":"https:\/\/lucacastelli.com\/fr\/wp-json\/wp\/v2\/product\/829517","targetHints":{"allow":["GET"]}}],"collection":[{"href":"https:\/\/lucacastelli.com\/fr\/wp-json\/wp\/v2\/product"}],"about":[{"href":"https:\/\/lucacastelli.com\/fr\/wp-json\/wp\/v2\/types\/product"}],"wp:featuredmedia":[{"embeddable":true,"href":"https:\/\/lucacastelli.com\/fr\/wp-json\/wp\/v2\/media\/829523"}],"wp:attachment":[{"href":"https:\/\/lucacastelli.com\/fr\/wp-json\/wp\/v2\/media?parent=829517"}],"wp:term":[{"taxonomy":"product_brand","embeddable":true,"href":"https:\/\/lucacastelli.com\/fr\/wp-json\/wp\/v2\/product_brand?post=829517"},{"taxonomy":"product_cat","embeddable":true,"href":"https:\/\/lucacastelli.com\/fr\/wp-json\/wp\/v2\/product_cat?post=829517"},{"taxonomy":"product_tag","embeddable":true,"href":"https:\/\/lucacastelli.com\/fr\/wp-json\/wp\/v2\/product_tag?post=829517"}],"curies":[{"name":"wp","href":"https:\/\/api.w.org\/{rel}","templated":true}]}}