{"id":829491,"date":"2026-04-12T17:05:26","date_gmt":"2026-04-12T15:05:26","guid":{"rendered":"https:\/\/lucacastelli.com\/prodotto\/la-sportiva-jandal-woman\/"},"modified":"2026-04-12T17:05:26","modified_gmt":"2026-04-12T15:05:26","slug":"la-sportiva-jandal-woman","status":"publish","type":"product","link":"https:\/\/lucacastelli.com\/fr\/produit\/la-sportiva-jandal-woman\/","title":{"rendered":"La Sportiva Jandal Woman"},"content":{"rendered":"<div class=\"row viewport_pdp\">\n<div class=\"col-md-5\">\n<div class=\"product-info-main\">\n<div class=\"product attribute overview\">\n<div class=\"value\">\n<p class=\"product-short-description\">Tongs confortables parfaites pour une utilisation estivale et la d\u00e9tente apr\u00e8s l\u2019escalade.<\/p>\n<\/div>\n<\/div>\n<\/div>\n<\/div>\n<\/div>\n<div class=\"row justify-content-center product-details\"><\/div>\n<div><b>Membrane imperm\u00e9able : <\/b>Non<br \/>\n<b>Hauteur de semelle (mm) &#8211; Talon : <\/b>15<br \/>\n<b>Hauteur de semelle (mm) &#8211; Avant-pied : <\/b>15<br \/>\n<b>Drop (mm) : <\/b>0<br \/>\n<b>Hauteur des crampons (mm) : <\/b>3,5<br \/>\n<b>Coupe large : <\/b>Non<br \/>\n<b>Tissu principal : <\/b>Cuir su\u00e9d\u00e9<br \/>\n<b>Semelle interm\u00e9diaire : <\/b>EVA avec surface antid\u00e9rapante<br \/>\n<b>Semelle : <\/b>FriXion\u00ae Blue<br \/>\n<b>Tige : <\/b>Cuir su\u00e9d\u00e9<\/div>\n<div><\/div>\n<div>+ Look escalade avec sangles, cuirs et cordon inspir\u00e9s des chaussons d\u2019escalade La Sportiva<br \/>\n+ Surface antid\u00e9rapante en contact avec le pied<br \/>\n+ Graphisme topographique : repr\u00e9sente les lignes topographiques de la Val di Fiemme et les coordonn\u00e9es du si\u00e8ge de La Sportiva dans la Val di Fiemme au c\u0153ur des Dolomites<br \/>\n+ Semelle adh\u00e9rente en m\u00e9lange FriXion\u00ae Blue<\/div>\n","protected":false},"excerpt":{"rendered":"<p>Tongs confortables parfaites pour une utilisation estivale et la d\u00e9tente apr\u00e8s l\u2019escalade. Membrane imperm\u00e9able : Non Hauteur de semelle (mm)<\/p>\n","protected":false},"featured_media":829423,"template":"","meta":{"_seopress_robots_primary_cat":"none","_seopress_titles_title":"","_seopress_titles_desc":"","_seopress_robots_index":""},"product_brand":[3648],"product_cat":[173,1420,1429],"product_tag":[],"class_list":{"0":"post-829491","1":"product","2":"type-product","3":"status-publish","4":"has-post-thumbnail","6":"product_brand-la-sportiva-fr","7":"product_cat-chaussures","8":"product_cat-chaussures-de-loisirs","9":"product_cat-chaussures-pour-femmes","11":"first","12":"instock","13":"shipping-taxable","14":"purchasable","15":"product-type-variable","16":"has-default-attributes"},"_links":{"self":[{"href":"https:\/\/lucacastelli.com\/fr\/wp-json\/wp\/v2\/product\/829491","targetHints":{"allow":["GET"]}}],"collection":[{"href":"https:\/\/lucacastelli.com\/fr\/wp-json\/wp\/v2\/product"}],"about":[{"href":"https:\/\/lucacastelli.com\/fr\/wp-json\/wp\/v2\/types\/product"}],"wp:featuredmedia":[{"embeddable":true,"href":"https:\/\/lucacastelli.com\/fr\/wp-json\/wp\/v2\/media\/829423"}],"wp:attachment":[{"href":"https:\/\/lucacastelli.com\/fr\/wp-json\/wp\/v2\/media?parent=829491"}],"wp:term":[{"taxonomy":"product_brand","embeddable":true,"href":"https:\/\/lucacastelli.com\/fr\/wp-json\/wp\/v2\/product_brand?post=829491"},{"taxonomy":"product_cat","embeddable":true,"href":"https:\/\/lucacastelli.com\/fr\/wp-json\/wp\/v2\/product_cat?post=829491"},{"taxonomy":"product_tag","embeddable":true,"href":"https:\/\/lucacastelli.com\/fr\/wp-json\/wp\/v2\/product_tag?post=829491"}],"curies":[{"name":"wp","href":"https:\/\/api.w.org\/{rel}","templated":true}]}}