{"id":829465,"date":"2026-04-12T16:58:17","date_gmt":"2026-04-12T14:58:17","guid":{"rendered":"https:\/\/lucacastelli.com\/prodotto\/la-sportiva-prodigio-pro-2\/"},"modified":"2026-04-12T16:58:17","modified_gmt":"2026-04-12T14:58:17","slug":"la-sportiva-prodigio-pro-2","status":"publish","type":"product","link":"https:\/\/lucacastelli.com\/fr\/produit\/la-sportiva-prodigio-pro-2\/","title":{"rendered":"La Sportiva Prodigio Pro"},"content":{"rendered":"<p>Con\u00e7ues pour les ultra-marathoniens et les coureurs de trail souhaitant battre de nouveaux records : les chaussures de course Prodigio Pro sont dot\u00e9es d\u2019une semelle interm\u00e9diaire XFlow Speed\u2122. Si vous recherchez une chaussure pr\u00e9cise et r\u00e9active pour vos comp\u00e9titions et vos entra\u00eenements, la Prodigio Pro est faite pour vous. <\/p>\n<p>Con\u00e7ues pour les ultra-marathoniens et les coureurs de trail souhaitant battre de nouveaux records : les chaussures de course Prodigio Pro sont dot\u00e9es d\u2019une semelle interm\u00e9diaire XFlow Speed\u2122, qui am\u00e9liore le rebond et absorbe les chocs tout en augmentant votre puissance \u00e0 chaque pas. L\u2019innovante technologie Power Wire avec Wrapping System am\u00e9liore le fit, la stabilit\u00e9 et le transfert de puissance pour vous donner l\u2019\u00e9lan n\u00e9cessaire sur les longues distances. De plus, le collier en maille enveloppe et soutient la cheville en emp\u00eachant l\u2019entr\u00e9e de cailloux. Pour vous offrir plus de s\u00e9curit\u00e9 et de stabilit\u00e9 sur les d\u00e9vers difficiles, nous avons ajout\u00e9 une protection en caoutchouc dans la zone du m\u00e9tatarse : ces inserts lat\u00e9raux prot\u00e8gent le milieu du pied, vous permettant de conqu\u00e9rir les terrains les plus accident\u00e9s sans inqui\u00e9tude. Si vous recherchez une chaussure pr\u00e9cise et r\u00e9active pour vos comp\u00e9titions et vos entra\u00eenements, la Prodigio Pro est faite pour vous.    <\/p>\n<p>&nbsp;<\/p>\n<p>Tige : Power Wire (technologie avec fils fusionn\u00e9s en TPU) + syst\u00e8me d\u2019enveloppement<br \/>\nDoublure : mesh 3D<br \/>\nSemelle interm\u00e9diaire : XFlow Speed\u2122 + couche de protection XFlow\u2122<br \/>\nSemelle ext\u00e9rieure : semelle FriXion\u00ae White pour une adh\u00e9rence fiable sur tous les terrains<br \/>\nSemelle int\u00e9rieure : XFlow de 5 mm avec mousse supercritique en TPU 100 % recycl\u00e9<br \/>\nHauteur de la semelle (mm) &#8211; Talon : 34<br \/>\nHauteur de la semelle (mm) &#8211; Avant-pied : 28<br \/>\nDrop (mm) : 6<br \/>\nHauteur des crampons (mm) : 4<br \/>\nChaussant large : Non<\/p>\n<p>+ Semelle FriXion White pour une adh\u00e9rence maximale sur tous les terrains<br \/>\n+ Semelle interm\u00e9diaire XFlow Speed\u2122 et couche protectrice XFlow Speed\u2122 pour am\u00e9liorer le rebond et l\u2019absorption des chocs<br \/>\n+ Semelle int\u00e9rieure XFlow 5 mm pour optimiser le retour d\u2019\u00e9nergie et la vitesse sur les sentiers<br \/>\n+ Collier en maille pour emp\u00eacher l\u2019entr\u00e9e de d\u00e9bris<br \/>\n+ Doublure en mesh 3D pour am\u00e9liorer le confort et la respirabilit\u00e9<br \/>\n+ Wrapping System pour envelopper parfaitement le pied<br \/>\n+ Tige avec technologie Power Wire pour un fit pr\u00e9cis qui soutient le pied et optimise la pouss\u00e9e<br \/>\n+ Protection des m\u00e9tatarses en caoutchouc pour stabiliser le pied aux points de pression du m\u00e9tatarse<\/p>\n<p>&nbsp;<\/p>\n<p>&nbsp;<\/p>\n","protected":false},"excerpt":{"rendered":"<p>Con\u00e7ues pour les ultra-marathoniens et les coureurs de trail souhaitant battre de nouveaux records : les chaussures de course Prodigio<\/p>\n","protected":false},"featured_media":829413,"template":"","meta":{"_seopress_robots_primary_cat":"none","_seopress_titles_title":"","_seopress_titles_desc":"","_seopress_robots_index":""},"product_brand":[3648],"product_cat":[173,1420,1432],"product_tag":[],"class_list":{"0":"post-829465","1":"product","2":"type-product","3":"status-publish","4":"has-post-thumbnail","6":"product_brand-la-sportiva-fr","7":"product_cat-chaussures","8":"product_cat-chaussures-de-loisirs","9":"product_cat-chaussures-pour-hommes","10":"sws-gruppo-abb-libero-fr","11":"sws-conto-ricavi-merci-rivendita-abbigliamento-fr","12":"sws-gruppo-iva-iva81-fr","14":"first","15":"instock","16":"sale","17":"shipping-taxable","18":"purchasable","19":"product-type-variable","20":"has-default-attributes"},"_links":{"self":[{"href":"https:\/\/lucacastelli.com\/fr\/wp-json\/wp\/v2\/product\/829465","targetHints":{"allow":["GET"]}}],"collection":[{"href":"https:\/\/lucacastelli.com\/fr\/wp-json\/wp\/v2\/product"}],"about":[{"href":"https:\/\/lucacastelli.com\/fr\/wp-json\/wp\/v2\/types\/product"}],"wp:featuredmedia":[{"embeddable":true,"href":"https:\/\/lucacastelli.com\/fr\/wp-json\/wp\/v2\/media\/829413"}],"wp:attachment":[{"href":"https:\/\/lucacastelli.com\/fr\/wp-json\/wp\/v2\/media?parent=829465"}],"wp:term":[{"taxonomy":"product_brand","embeddable":true,"href":"https:\/\/lucacastelli.com\/fr\/wp-json\/wp\/v2\/product_brand?post=829465"},{"taxonomy":"product_cat","embeddable":true,"href":"https:\/\/lucacastelli.com\/fr\/wp-json\/wp\/v2\/product_cat?post=829465"},{"taxonomy":"product_tag","embeddable":true,"href":"https:\/\/lucacastelli.com\/fr\/wp-json\/wp\/v2\/product_tag?post=829465"}],"curies":[{"name":"wp","href":"https:\/\/api.w.org\/{rel}","templated":true}]}}