{"id":829327,"date":"2026-04-12T15:55:18","date_gmt":"2026-04-12T13:55:18","guid":{"rendered":"https:\/\/lucacastelli.com\/?post_type=product&#038;p=829327"},"modified":"2026-04-12T16:04:16","modified_gmt":"2026-04-12T14:04:16","slug":"la-femme-prodige-sportive-copia","status":"publish","type":"product","link":"https:\/\/lucacastelli.com\/fr\/produit\/la-femme-prodige-sportive-copia\/","title":{"rendered":"LA SPORTIVA PRODIGIO FEMME"},"content":{"rendered":"<p>Produit r\u00e9volutionnaire d\u00e9di\u00e9 \u00e0 l\u2019univers de l\u2019Ultra Trail de La Sportiva. Nouvelle mousse XFlow\u2122, con\u00e7ue et d\u00e9velopp\u00e9e pour garantir un amorti maximal et un retour d\u2019\u00e9nergie kilom\u00e8tre apr\u00e8s kilom\u00e8tre. Chaque d\u00e9tail a \u00e9t\u00e9 pens\u00e9 pour r\u00e9pondre aux besoins de l\u2019ultra-runneuse la plus exigeante : la large toe box et l\u2019empeigne respirante offrent un confort optimal m\u00eame apr\u00e8s plusieurs heures de course, la construction Wrapping System et l\u2019ergonomie parfaite du talon assurent stabilit\u00e9 et protection, tandis que la g\u00e9om\u00e9trie du rocker favorise une foul\u00e9e fluide et progressive sur tous les terrains.<\/p>\n<p>Doublure : Mesh anti-abrasion en mat\u00e9riau recycl\u00e9<br \/>\nEmpeigne : HT light mesh + wrapping footcage<br \/>\nPoids : 270 (1\/2 PAIRE)<br \/>\nSemelle : Bi-compos\u00e9 FriXion\u00ae Red<\/p>\n","protected":false},"excerpt":{"rendered":"<p>Produit r\u00e9volutionnaire d\u00e9di\u00e9 \u00e0 l\u2019univers de l\u2019Ultra Trail de La Sportiva. Nouvelle mousse XFlow\u2122, con\u00e7ue et d\u00e9velopp\u00e9e pour garantir un<\/p>\n","protected":false},"featured_media":829350,"template":"","meta":{"_seopress_robots_primary_cat":"none","_seopress_titles_title":"","_seopress_titles_desc":"","_seopress_robots_index":""},"product_brand":[3648],"product_cat":[173,1420,1429],"product_tag":[],"class_list":{"0":"post-829327","1":"product","2":"type-product","3":"status-publish","4":"has-post-thumbnail","6":"product_brand-la-sportiva-fr","7":"product_cat-chaussures","8":"product_cat-chaussures-de-loisirs","9":"product_cat-chaussures-pour-femmes","10":"sws-gruppo-abb-libero-fr","11":"sws-conto-ricavi-merci-rivendita-abbigliamento-fr","12":"sws-gruppo-iva-iva81-fr","14":"first","15":"instock","16":"sale","17":"shipping-taxable","18":"purchasable","19":"product-type-variable","20":"has-default-attributes"},"_links":{"self":[{"href":"https:\/\/lucacastelli.com\/fr\/wp-json\/wp\/v2\/product\/829327","targetHints":{"allow":["GET"]}}],"collection":[{"href":"https:\/\/lucacastelli.com\/fr\/wp-json\/wp\/v2\/product"}],"about":[{"href":"https:\/\/lucacastelli.com\/fr\/wp-json\/wp\/v2\/types\/product"}],"wp:featuredmedia":[{"embeddable":true,"href":"https:\/\/lucacastelli.com\/fr\/wp-json\/wp\/v2\/media\/829350"}],"wp:attachment":[{"href":"https:\/\/lucacastelli.com\/fr\/wp-json\/wp\/v2\/media?parent=829327"}],"wp:term":[{"taxonomy":"product_brand","embeddable":true,"href":"https:\/\/lucacastelli.com\/fr\/wp-json\/wp\/v2\/product_brand?post=829327"},{"taxonomy":"product_cat","embeddable":true,"href":"https:\/\/lucacastelli.com\/fr\/wp-json\/wp\/v2\/product_cat?post=829327"},{"taxonomy":"product_tag","embeddable":true,"href":"https:\/\/lucacastelli.com\/fr\/wp-json\/wp\/v2\/product_tag?post=829327"}],"curies":[{"name":"wp","href":"https:\/\/api.w.org\/{rel}","templated":true}]}}