{"id":829200,"date":"2026-04-12T14:57:02","date_gmt":"2026-04-12T12:57:02","guid":{"rendered":"https:\/\/lucacastelli.com\/?post_type=product&#038;p=829200"},"modified":"2026-04-12T15:17:15","modified_gmt":"2026-04-12T13:17:15","slug":"la-sportiva-prodigio-copia","status":"publish","type":"product","link":"https:\/\/lucacastelli.com\/fr\/produit\/la-sportiva-prodigio-copia\/","title":{"rendered":"La Sportiva Prodigio"},"content":{"rendered":"<p>Un produit r\u00e9volutionnaire d\u00e9di\u00e9 \u00e0 l\u2019univers Ultra Trail de La Sportiva. Nouvelle mousse XFlow\u2122, con\u00e7ue et d\u00e9velopp\u00e9e pour garantir un amorti maximal et un retour d\u2019\u00e9nergie optimal, kilom\u00e8tre apr\u00e8s kilom\u00e8tre. Chaque d\u00e9tail a \u00e9t\u00e9 \u00e9tudi\u00e9 pour r\u00e9pondre aux besoins des coureurs les plus exigeants : la pointe large et la tige respirante assurent un confort m\u00eame apr\u00e8s plusieurs heures de course, tandis que le syst\u00e8me de construction Wrapping System et l\u2019ergonomie parfaite du talon garantissent stabilit\u00e9 et protection.  <\/p>\n<p>Informations techniques<\/p>\n<p>Amorti : 10<br \/>\nAVANT-PIED : 28 mm<br \/>\nHAUTEUR DES CRAMPONS : 3,5 mm<br \/>\nTalon : 34 mm<br \/>\nDrop : 6 mm<\/p>\n<p>&nbsp;<\/p>\n<p>+ Semelle interm\u00e9diaire XFlow\u2122, mousse supercritique \u00e0 l\u2019effet super amortissant et r\u00e9siliente dans le retour d\u2019\u00e9nergie.<br \/>\n+ Le d\u00e9roul\u00e9 et la stabilit\u00e9 sont facilit\u00e9s gr\u00e2ce au Progressive Rocker et \u00e0 la large base d\u2019appui du pied<br \/>\n+ Construction Wrapping System qui enveloppe et bloque agr\u00e9ablement le pied en l\u2019emp\u00eachant de glisser \u00e0 l\u2019int\u00e9rieur de la chaussure<br \/>\n+ Tige en mesh respirant pour un s\u00e9chage rapide et pour pr\u00e9venir la surchauffe du pied<\/p>\n","protected":false},"excerpt":{"rendered":"<p>Un produit r\u00e9volutionnaire d\u00e9di\u00e9 \u00e0 l\u2019univers Ultra Trail de La Sportiva. Nouvelle mousse XFlow\u2122, con\u00e7ue et d\u00e9velopp\u00e9e pour garantir un<\/p>\n","protected":false},"featured_media":829273,"template":"","meta":{"_seopress_robots_primary_cat":"none","_seopress_titles_title":"","_seopress_titles_desc":"","_seopress_robots_index":""},"product_brand":[3648],"product_cat":[173,1420,1432],"product_tag":[],"class_list":{"0":"post-829200","1":"product","2":"type-product","3":"status-publish","4":"has-post-thumbnail","6":"product_brand-la-sportiva-fr","7":"product_cat-chaussures","8":"product_cat-chaussures-de-loisirs","9":"product_cat-chaussures-pour-hommes","10":"sws-gruppo-abb-libero-fr","11":"sws-conto-ricavi-merci-rivendita-abbigliamento-fr","12":"sws-gruppo-iva-iva81-fr","14":"first","15":"instock","16":"sale","17":"shipping-taxable","18":"purchasable","19":"product-type-variable","20":"has-default-attributes"},"_links":{"self":[{"href":"https:\/\/lucacastelli.com\/fr\/wp-json\/wp\/v2\/product\/829200","targetHints":{"allow":["GET"]}}],"collection":[{"href":"https:\/\/lucacastelli.com\/fr\/wp-json\/wp\/v2\/product"}],"about":[{"href":"https:\/\/lucacastelli.com\/fr\/wp-json\/wp\/v2\/types\/product"}],"wp:featuredmedia":[{"embeddable":true,"href":"https:\/\/lucacastelli.com\/fr\/wp-json\/wp\/v2\/media\/829273"}],"wp:attachment":[{"href":"https:\/\/lucacastelli.com\/fr\/wp-json\/wp\/v2\/media?parent=829200"}],"wp:term":[{"taxonomy":"product_brand","embeddable":true,"href":"https:\/\/lucacastelli.com\/fr\/wp-json\/wp\/v2\/product_brand?post=829200"},{"taxonomy":"product_cat","embeddable":true,"href":"https:\/\/lucacastelli.com\/fr\/wp-json\/wp\/v2\/product_cat?post=829200"},{"taxonomy":"product_tag","embeddable":true,"href":"https:\/\/lucacastelli.com\/fr\/wp-json\/wp\/v2\/product_tag?post=829200"}],"curies":[{"name":"wp","href":"https:\/\/api.w.org\/{rel}","templated":true}]}}