{"id":829116,"date":"2026-04-12T14:19:21","date_gmt":"2026-04-12T12:19:21","guid":{"rendered":"https:\/\/lucacastelli.com\/prodotto\/la-sportiva-ultra-raptor-ii-woman-gtx\/"},"modified":"2026-04-12T14:19:21","modified_gmt":"2026-04-12T12:19:21","slug":"la-sportiva-ultra-raptor-ii-woman-gtx","status":"publish","type":"product","link":"https:\/\/lucacastelli.com\/fr\/produit\/la-sportiva-ultra-raptor-ii-woman-gtx\/","title":{"rendered":"LA SPORTIVA Ultra Raptor II Woman GTX"},"content":{"rendered":"<p>Version f\u00e9minine de la r\u00e9\u00e9dition esth\u00e9tique avec membrane GORE-TEX Extended Comfort du c\u00e9l\u00e8bre mod\u00e8le Ultra Raptor, une chaussure de randonn\u00e9e en montagne d\u00e9velopp\u00e9e pour les parcours tout-terrain de longue distance, m\u00eame en hiver. La doublure en membrane GORE-TEX permet \u00e0 la transpiration de s\u2019\u00e9vacuer tout en emp\u00eachant l\u2019eau de p\u00e9n\u00e9trer, ce qui la rend id\u00e9ale pour le running hivernal. Le stabilisateur de talon \u00e0 l\u2019arri\u00e8re assure un contr\u00f4le parfait lors des travers\u00e9es. Le syst\u00e8me de la\u00e7age est int\u00e9gr\u00e9 \u00e0 l\u2019empeigne par des boucles cousues sur le tissu \u00e9lastique interne et des renforts haute fr\u00e9quence sur le mesh externe : ce syst\u00e8me permet de r\u00e9partir la tension du la\u00e7age sur toute l\u2019empeigne et d\u2019envelopper au mieux le pied pour un confort de chaussant optimal. L\u2019Ultra Raptor II GTX est \u00e9galement disponible en version confort wide-fit d\u00e9di\u00e9e aux randonneuses ayant le pied large. Le r\u00e9sultat est une chaussure technique et l\u00e9g\u00e8re, agr\u00e9able \u00e0 porter pendant de nombreuses heures cons\u00e9cutives et adapt\u00e9e \u00e0 une utilisation tout-terrain sur n\u2019importe quel type de sol.     <\/p>\n<p>&nbsp;<\/p>\n<p>Membrane imperm\u00e9able : GORE-TEX Extended Comfort<br \/>\nHauteur de la semelle (mm) &#8211; Talon : 27<br \/>\nHauteur de la semelle (mm) &#8211; Avant-pied : 16<br \/>\nDiff\u00e9rentiel (mm) : 11<br \/>\nHauteur de la bande de roulement (mm) : 6<br \/>\nChaussant large : Non<\/p>\n<p>&nbsp;<\/p>\n<p>+ Doublure imperm\u00e9able et respirante en membrane GORE-TEX Extended Comfort<br \/>\n+ Contrefort stabilisateur arri\u00e8re pour un contr\u00f4le parfait sur les travers\u00e9es<br \/>\n+ Semelle FriXion\u00ae White avec talon Trail Bite Heel prononc\u00e9 pour un meilleur freinage en descente<br \/>\n+ R\u00e9glage parfait des volumes et maintien du pied gr\u00e2ce au syst\u00e8me de la\u00e7age particulier : les passants sont cousus sur la partie interne de la tige et renforc\u00e9s sur la partie externe avec des renforts haute fr\u00e9quence : ce syst\u00e8me permet de r\u00e9partir la tension du la\u00e7age sur toute la tige<\/p>\n","protected":false},"excerpt":{"rendered":"<p>Version f\u00e9minine de la r\u00e9\u00e9dition esth\u00e9tique avec membrane GORE-TEX Extended Comfort du c\u00e9l\u00e8bre mod\u00e8le Ultra Raptor, une chaussure de randonn\u00e9e<\/p>\n","protected":false},"featured_media":829053,"template":"","meta":{"_seopress_robots_primary_cat":"","_seopress_titles_title":"","_seopress_titles_desc":"","_seopress_robots_index":""},"product_brand":[3648],"product_cat":[173,1420,1429],"product_tag":[],"class_list":{"0":"post-829116","1":"product","2":"type-product","3":"status-publish","4":"has-post-thumbnail","6":"product_brand-la-sportiva-fr","7":"product_cat-chaussures","8":"product_cat-chaussures-de-loisirs","9":"product_cat-chaussures-pour-femmes","10":"sws-gruppo-abb-libero-fr","11":"sws-conto-ricavi-merci-rivendita-abbigliamento-fr","12":"sws-gruppo-iva-iva81-fr","14":"first","15":"instock","16":"sale","17":"shipping-taxable","18":"purchasable","19":"product-type-variable","20":"has-default-attributes"},"_links":{"self":[{"href":"https:\/\/lucacastelli.com\/fr\/wp-json\/wp\/v2\/product\/829116","targetHints":{"allow":["GET"]}}],"collection":[{"href":"https:\/\/lucacastelli.com\/fr\/wp-json\/wp\/v2\/product"}],"about":[{"href":"https:\/\/lucacastelli.com\/fr\/wp-json\/wp\/v2\/types\/product"}],"wp:featuredmedia":[{"embeddable":true,"href":"https:\/\/lucacastelli.com\/fr\/wp-json\/wp\/v2\/media\/829053"}],"wp:attachment":[{"href":"https:\/\/lucacastelli.com\/fr\/wp-json\/wp\/v2\/media?parent=829116"}],"wp:term":[{"taxonomy":"product_brand","embeddable":true,"href":"https:\/\/lucacastelli.com\/fr\/wp-json\/wp\/v2\/product_brand?post=829116"},{"taxonomy":"product_cat","embeddable":true,"href":"https:\/\/lucacastelli.com\/fr\/wp-json\/wp\/v2\/product_cat?post=829116"},{"taxonomy":"product_tag","embeddable":true,"href":"https:\/\/lucacastelli.com\/fr\/wp-json\/wp\/v2\/product_tag?post=829116"}],"curies":[{"name":"wp","href":"https:\/\/api.w.org\/{rel}","templated":true}]}}