{"id":828830,"date":"2026-04-12T12:34:16","date_gmt":"2026-04-12T10:34:16","guid":{"rendered":"https:\/\/lucacastelli.com\/prodotto\/la-sportiva-ultra-raptor-ii-gtx\/"},"modified":"2026-04-12T12:34:16","modified_gmt":"2026-04-12T10:34:16","slug":"la-sportiva-ultra-raptor-ii-gtx","status":"publish","type":"product","link":"https:\/\/lucacastelli.com\/fr\/produit\/la-sportiva-ultra-raptor-ii-gtx\/","title":{"rendered":"La Sportiva Ultra Raptor II GTX"},"content":{"rendered":"<div class=\"row viewport_pdp\">\n<div class=\"col-md-5\">\n<div class=\"product-info-main\">\n<div class=\"product attribute overview\">\n<div class=\"value\">\n<p class=\"product-short-description\">R\u00e9\u00e9dition esth\u00e9tique avec membrane GORE-TEX Extended Comfort du c\u00e9l\u00e8bre mod\u00e8le Ultra Raptor, une chaussure de randonn\u00e9e en montagne d\u00e9velopp\u00e9e pour les parcours tout-terrain de longue distance, m\u00eame durant les mois d\u2019hiver. La doublure en membrane GORE-TEX permet \u00e0 la transpiration de s\u2019\u00e9vacuer tout en emp\u00eachant l\u2019eau de p\u00e9n\u00e9trer, ce qui la rend id\u00e9ale pour le running hivernal. La talonnette stabilisatrice arri\u00e8re assure un contr\u00f4le parfait lors des d\u00e9vers. Le syst\u00e8me de la\u00e7age est int\u00e9gr\u00e9 \u00e0 l\u2019empeigne par des passants cousus sur le tissu \u00e9lastique interne et des renforts haute fr\u00e9quence sur le mesh ext\u00e9rieur : ce syst\u00e8me permet de r\u00e9partir la tension du la\u00e7age sur toute l\u2019empeigne et d\u2019envelopper au mieux le pied pour un confort de chaussant parfait. L\u2019Ultra Raptor II GTX est \u00e9galement disponible en version confort wide-fit d\u00e9di\u00e9e aux randonneurs aux pieds larges. Le r\u00e9sultat est une chaussure technique et l\u00e9g\u00e8re, pouvant \u00eatre port\u00e9e pendant de nombreuses heures cons\u00e9cutives et adapt\u00e9e \u00e0 une utilisation tout-terrain sur tout type de sol. Raptorisez-vous, \u00e0 nouveau.      <\/p>\n<\/div>\n<\/div>\n<\/div>\n<\/div>\n<\/div>\n<div class=\"row justify-content-center product-details\">Membrane imperm\u00e9able : GORE-TEX Extended Comfort<br \/>\nHauteur de la semelle (mm) &#8211; Talon : 27<br \/>\nHauteur de la semelle (mm) &#8211; Avant-pied : 16<br \/>\nDrop (mm) : 11<br \/>\nHauteur des crampons (mm) : 6<br \/>\nChaussant large : Non<\/div>\n<div><\/div>\n<div>+ Doublure imperm\u00e9able et respirante en membrane GORE-TEX Extended Comfort<br \/>\n+ Talonnette stabilisatrice arri\u00e8re pour un contr\u00f4le parfait lors des d\u00e9vers<br \/>\n+ Semelle FriXion\u00ae White avec talon Trail Bite Heel prononc\u00e9 pour un meilleur freinage en descente<br \/>\n+ R\u00e9glage parfait des volumes et enveloppement du pied gr\u00e2ce au syst\u00e8me de la\u00e7age particulier : les passants sont cousus sur la partie interne de l\u2019empeigne et renforc\u00e9s sur la partie externe par des renforts haute fr\u00e9quence : ce syst\u00e8me permet de r\u00e9partir la tension du la\u00e7age sur toute l\u2019empeigne<\/div>\n","protected":false},"excerpt":{"rendered":"<p>R\u00e9\u00e9dition esth\u00e9tique avec membrane GORE-TEX Extended Comfort du c\u00e9l\u00e8bre mod\u00e8le Ultra Raptor, une chaussure de randonn\u00e9e en montagne d\u00e9velopp\u00e9e pour<\/p>\n","protected":false},"featured_media":828824,"template":"","meta":{"_seopress_robots_primary_cat":"none","_seopress_titles_title":"","_seopress_titles_desc":"","_seopress_robots_index":""},"product_brand":[3648],"product_cat":[173,1420,1432],"product_tag":[],"class_list":{"0":"post-828830","1":"product","2":"type-product","3":"status-publish","4":"has-post-thumbnail","6":"product_brand-la-sportiva-fr","7":"product_cat-chaussures","8":"product_cat-chaussures-de-loisirs","9":"product_cat-chaussures-pour-hommes","10":"sws-gruppo-abb-libero-fr","11":"sws-conto-ricavi-merci-rivendita-abbigliamento-fr","12":"sws-gruppo-iva-iva81-fr","14":"first","15":"instock","16":"sale","17":"shipping-taxable","18":"purchasable","19":"product-type-variable","20":"has-default-attributes"},"_links":{"self":[{"href":"https:\/\/lucacastelli.com\/fr\/wp-json\/wp\/v2\/product\/828830","targetHints":{"allow":["GET"]}}],"collection":[{"href":"https:\/\/lucacastelli.com\/fr\/wp-json\/wp\/v2\/product"}],"about":[{"href":"https:\/\/lucacastelli.com\/fr\/wp-json\/wp\/v2\/types\/product"}],"wp:featuredmedia":[{"embeddable":true,"href":"https:\/\/lucacastelli.com\/fr\/wp-json\/wp\/v2\/media\/828824"}],"wp:attachment":[{"href":"https:\/\/lucacastelli.com\/fr\/wp-json\/wp\/v2\/media?parent=828830"}],"wp:term":[{"taxonomy":"product_brand","embeddable":true,"href":"https:\/\/lucacastelli.com\/fr\/wp-json\/wp\/v2\/product_brand?post=828830"},{"taxonomy":"product_cat","embeddable":true,"href":"https:\/\/lucacastelli.com\/fr\/wp-json\/wp\/v2\/product_cat?post=828830"},{"taxonomy":"product_tag","embeddable":true,"href":"https:\/\/lucacastelli.com\/fr\/wp-json\/wp\/v2\/product_tag?post=828830"}],"curies":[{"name":"wp","href":"https:\/\/api.w.org\/{rel}","templated":true}]}}