{"id":828735,"date":"2026-04-12T11:49:39","date_gmt":"2026-04-12T09:49:39","guid":{"rendered":"https:\/\/lucacastelli.com\/prodotto\/la-sportiva-tx5-gtx\/"},"modified":"2026-04-12T11:49:39","modified_gmt":"2026-04-12T09:49:39","slug":"la-sportiva-tx5-gtx","status":"publish","type":"product","link":"https:\/\/lucacastelli.com\/fr\/produit\/la-sportiva-tx5-gtx\/","title":{"rendered":"La Sportiva TX5 GTX"},"content":{"rendered":"<p>Chaussure montante en cuir con\u00e7ue pour offrir protection et soutien aux randonneurs lors d\u2019excursions de plusieurs jours avec des charges lourdes. Stable et confortable, elle est dot\u00e9e d\u2019une membrane GORE-TEX Extended Comfort imperm\u00e9able et respirante. <\/p>\n<p>&nbsp;<\/p>\n<p>Membrane imperm\u00e9able : GORE-TEX Extended Comfort<br \/>\nHauteur de la semelle (mm) &#8211; Talon : 24<br \/>\nHauteur de la semelle (mm) &#8211; Avant-pied : 16<br \/>\nDrop (mm) : 8<br \/>\nHauteur des crampons (mm) : 4<br \/>\nChaussant large : Non<br \/>\nSemelle int\u00e9rieure : Ortholite Hybrid Mountain Hiking 5 mm<br \/>\nDoublure : GORE-TEX Extended Comfort<br \/>\nSemelle interm\u00e9diaire : Stabilisateur en EVA inject\u00e9 avec absorption des chocs et inserts STB Control<br \/>\nSemelle ext\u00e9rieure : Vibram Megagrip<br \/>\nTige : Nubuck + bord de protection et pare-pierres<\/p>\n<p>&nbsp;<\/p>\n<p>+ Enrobage int\u00e9gral r\u00e9sistant \u00e0 l\u2019abrasion<br \/>\n+ Tige en nubuck de haute qualit\u00e9, souple et confortable<br \/>\n+ Structure protectrice gr\u00e2ce \u00e0 la semelle de montage stabilisatrice permettant une utilisation prolong\u00e9e<\/p>\n","protected":false},"excerpt":{"rendered":"<p>Chaussure montante en cuir con\u00e7ue pour offrir protection et soutien aux randonneurs lors d\u2019excursions de plusieurs jours avec des charges<\/p>\n","protected":false},"featured_media":828681,"template":"","meta":{"_seopress_robots_primary_cat":"none","_seopress_titles_title":"","_seopress_titles_desc":"","_seopress_robots_index":""},"product_brand":[3648],"product_cat":[173,1420,1432],"product_tag":[],"class_list":{"0":"post-828735","1":"product","2":"type-product","3":"status-publish","4":"has-post-thumbnail","6":"product_brand-la-sportiva-fr","7":"product_cat-chaussures","8":"product_cat-chaussures-de-loisirs","9":"product_cat-chaussures-pour-hommes","10":"sws-gruppo-abb-libero-fr","11":"sws-conto-ricavi-merci-rivendita-abbigliamento-fr","12":"sws-gruppo-iva-iva81-fr","14":"first","15":"instock","16":"sale","17":"shipping-taxable","18":"purchasable","19":"product-type-variable","20":"has-default-attributes"},"_links":{"self":[{"href":"https:\/\/lucacastelli.com\/fr\/wp-json\/wp\/v2\/product\/828735","targetHints":{"allow":["GET"]}}],"collection":[{"href":"https:\/\/lucacastelli.com\/fr\/wp-json\/wp\/v2\/product"}],"about":[{"href":"https:\/\/lucacastelli.com\/fr\/wp-json\/wp\/v2\/types\/product"}],"wp:featuredmedia":[{"embeddable":true,"href":"https:\/\/lucacastelli.com\/fr\/wp-json\/wp\/v2\/media\/828681"}],"wp:attachment":[{"href":"https:\/\/lucacastelli.com\/fr\/wp-json\/wp\/v2\/media?parent=828735"}],"wp:term":[{"taxonomy":"product_brand","embeddable":true,"href":"https:\/\/lucacastelli.com\/fr\/wp-json\/wp\/v2\/product_brand?post=828735"},{"taxonomy":"product_cat","embeddable":true,"href":"https:\/\/lucacastelli.com\/fr\/wp-json\/wp\/v2\/product_cat?post=828735"},{"taxonomy":"product_tag","embeddable":true,"href":"https:\/\/lucacastelli.com\/fr\/wp-json\/wp\/v2\/product_tag?post=828735"}],"curies":[{"name":"wp","href":"https:\/\/api.w.org\/{rel}","templated":true}]}}