{"id":828599,"date":"2026-04-12T11:18:51","date_gmt":"2026-04-12T09:18:51","guid":{"rendered":"https:\/\/lucacastelli.com\/prodotto\/la-sportiva-tx5-low-woman-gtx\/"},"modified":"2026-04-12T11:18:51","modified_gmt":"2026-04-12T09:18:51","slug":"la-sportiva-tx5-low-woman-gtx","status":"publish","type":"product","link":"https:\/\/lucacastelli.com\/fr\/produit\/la-sportiva-tx5-low-woman-gtx\/","title":{"rendered":"La Sportiva TX5 Low Woman GTX"},"content":{"rendered":"<p>De la s\u00e9rie TX, cette chaussure en cuir est d\u00e9di\u00e9e aux randonneurs qui recherchent un produit technique pour les approches, le hiking et les via ferrata. L\u00e9g\u00e8re et protectrice, la TX5 Low GTX est imperm\u00e9able et respirante gr\u00e2ce \u00e0 la membrane GORE-TEX. <\/p>\n<p>&nbsp;<\/p>\n<p>Membrane imperm\u00e9able : GORE-TEX Extended Comfort<br \/>\nHauteur de la semelle (mm) &#8211; Talon : 24<br \/>\nHauteur de la semelle (mm) &#8211; Avant-pied : 16<br \/>\nDiff\u00e9rentiel (mm) : 8<br \/>\nHauteur de la bande de roulement (mm) : 4<br \/>\nChaussant large : Non<\/p>\n<p>&nbsp;<\/p>\n<p>Bande p\u00e9riph\u00e9rique r\u00e9sistante \u00e0 l&#8217;abrasion<br \/>\n+ Tige en nubuck de haute qualit\u00e9, souple et confortable<br \/>\n+ Structur\u00e9e et protectrice gr\u00e2ce \u00e0 la semelle de propret\u00e9 stabilisante qui permet une utilisation prolong\u00e9e<br \/>\n+ Syst\u00e8me de fermeture \u00e0 lacets l\u00e9ger et rapide<\/p>\n","protected":false},"excerpt":{"rendered":"<p>De la s\u00e9rie TX, cette chaussure en cuir est d\u00e9di\u00e9e aux randonneurs qui recherchent un produit technique pour les approches,<\/p>\n","protected":false},"featured_media":828584,"template":"","meta":{"_seopress_robots_primary_cat":"","_seopress_titles_title":"","_seopress_titles_desc":"","_seopress_robots_index":""},"product_brand":[3648],"product_cat":[173,1420,1429],"product_tag":[],"class_list":{"0":"post-828599","1":"product","2":"type-product","3":"status-publish","4":"has-post-thumbnail","6":"product_brand-la-sportiva-fr","7":"product_cat-chaussures","8":"product_cat-chaussures-de-loisirs","9":"product_cat-chaussures-pour-femmes","10":"sws-gruppo-abb-libero-fr","11":"sws-conto-ricavi-merci-rivendita-abbigliamento-fr","12":"sws-gruppo-iva-iva81-fr","14":"first","15":"instock","16":"sale","17":"shipping-taxable","18":"purchasable","19":"product-type-variable","20":"has-default-attributes"},"_links":{"self":[{"href":"https:\/\/lucacastelli.com\/fr\/wp-json\/wp\/v2\/product\/828599","targetHints":{"allow":["GET"]}}],"collection":[{"href":"https:\/\/lucacastelli.com\/fr\/wp-json\/wp\/v2\/product"}],"about":[{"href":"https:\/\/lucacastelli.com\/fr\/wp-json\/wp\/v2\/types\/product"}],"wp:featuredmedia":[{"embeddable":true,"href":"https:\/\/lucacastelli.com\/fr\/wp-json\/wp\/v2\/media\/828584"}],"wp:attachment":[{"href":"https:\/\/lucacastelli.com\/fr\/wp-json\/wp\/v2\/media?parent=828599"}],"wp:term":[{"taxonomy":"product_brand","embeddable":true,"href":"https:\/\/lucacastelli.com\/fr\/wp-json\/wp\/v2\/product_brand?post=828599"},{"taxonomy":"product_cat","embeddable":true,"href":"https:\/\/lucacastelli.com\/fr\/wp-json\/wp\/v2\/product_cat?post=828599"},{"taxonomy":"product_tag","embeddable":true,"href":"https:\/\/lucacastelli.com\/fr\/wp-json\/wp\/v2\/product_tag?post=828599"}],"curies":[{"name":"wp","href":"https:\/\/api.w.org\/{rel}","templated":true}]}}