{"id":828504,"date":"2026-04-12T10:12:34","date_gmt":"2026-04-12T08:12:34","guid":{"rendered":"https:\/\/lucacastelli.com\/prodotto\/la-sportiva-tx5-woman-gtx\/"},"modified":"2026-04-12T10:12:34","modified_gmt":"2026-04-12T08:12:34","slug":"la-sportiva-tx5-woman-gtx","status":"publish","type":"product","link":"https:\/\/lucacastelli.com\/fr\/produit\/la-sportiva-tx5-woman-gtx\/","title":{"rendered":"La Sportiva TX5 Woman GTX"},"content":{"rendered":"<p>Chaussure en cuir \u00e0 tige haute con\u00e7ue pour garantir protection et soutien aux randonneurs et backpackers lors de leurs excursions de plusieurs jours, m\u00eame avec des charges lourdes. Stable et confortable, elle est dot\u00e9e d\u2019une membrane GORE-TEX Extended Comfort imperm\u00e9able et respirante. <\/p>\n<p>&nbsp;<\/p>\n<p>Membrane imperm\u00e9able : GORE-TEX Extended Comfort<br \/>\nHauteur de la semelle (mm) &#8211; Talon : 24<br \/>\nHauteur de la semelle (mm) &#8211; Avant-pied : 16<br \/>\nDrop (mm) : 8<br \/>\nHauteur des crampons (mm) : 4<br \/>\nChaussant large : Non<br \/>\nSemelle int\u00e9rieure : Ortholite Hybrid Mountain Hiking 5 mm<br \/>\nDoublure : GORE-TEX Extended Comfort<br \/>\nSemelle interm\u00e9diaire : Stabilisateur en EVA inject\u00e9 avec absorption des chocs et inserts STB Control<br \/>\nSemelle ext\u00e9rieure : Vibram Megagrip<br \/>\nTige : Nubuck + bord de protection et pointe<\/p>\n<p>+ Pare-pierres int\u00e9gral, r\u00e9sistant \u00e0 l\u2019abrasion<br \/>\n+ Tige en nubuck de haute qualit\u00e9, souple et confortable<br \/>\n+ Structure et protection gr\u00e2ce \u00e0 la semelle de montage stabilisatrice permettant une utilisation prolong\u00e9e<\/p>\n","protected":false},"excerpt":{"rendered":"<p>Chaussure en cuir \u00e0 tige haute con\u00e7ue pour garantir protection et soutien aux randonneurs et backpackers lors de leurs excursions<\/p>\n","protected":false},"featured_media":828454,"template":"","meta":{"_seopress_robots_primary_cat":"none","_seopress_titles_title":"","_seopress_titles_desc":"","_seopress_robots_index":""},"product_brand":[3648],"product_cat":[173,1420,1429],"product_tag":[],"class_list":{"0":"post-828504","1":"product","2":"type-product","3":"status-publish","4":"has-post-thumbnail","6":"product_brand-la-sportiva-fr","7":"product_cat-chaussures","8":"product_cat-chaussures-de-loisirs","9":"product_cat-chaussures-pour-femmes","10":"sws-gruppo-abb-libero-fr","11":"sws-conto-ricavi-merci-rivendita-abbigliamento-fr","12":"sws-gruppo-iva-iva81-fr","14":"first","15":"instock","16":"sale","17":"shipping-taxable","18":"purchasable","19":"product-type-variable","20":"has-default-attributes"},"_links":{"self":[{"href":"https:\/\/lucacastelli.com\/fr\/wp-json\/wp\/v2\/product\/828504","targetHints":{"allow":["GET"]}}],"collection":[{"href":"https:\/\/lucacastelli.com\/fr\/wp-json\/wp\/v2\/product"}],"about":[{"href":"https:\/\/lucacastelli.com\/fr\/wp-json\/wp\/v2\/types\/product"}],"wp:featuredmedia":[{"embeddable":true,"href":"https:\/\/lucacastelli.com\/fr\/wp-json\/wp\/v2\/media\/828454"}],"wp:attachment":[{"href":"https:\/\/lucacastelli.com\/fr\/wp-json\/wp\/v2\/media?parent=828504"}],"wp:term":[{"taxonomy":"product_brand","embeddable":true,"href":"https:\/\/lucacastelli.com\/fr\/wp-json\/wp\/v2\/product_brand?post=828504"},{"taxonomy":"product_cat","embeddable":true,"href":"https:\/\/lucacastelli.com\/fr\/wp-json\/wp\/v2\/product_cat?post=828504"},{"taxonomy":"product_tag","embeddable":true,"href":"https:\/\/lucacastelli.com\/fr\/wp-json\/wp\/v2\/product_tag?post=828504"}],"curies":[{"name":"wp","href":"https:\/\/api.w.org\/{rel}","templated":true}]}}