{"id":828321,"date":"2026-04-11T20:20:24","date_gmt":"2026-04-11T18:20:24","guid":{"rendered":"https:\/\/lucacastelli.com\/prodotto\/la-sportiva-aequilibrium-trek-gtx-4\/"},"modified":"2026-04-11T20:20:24","modified_gmt":"2026-04-11T18:20:24","slug":"la-sportiva-aequilibrium-trek-gtx-4","status":"publish","type":"product","link":"https:\/\/lucacastelli.com\/fr\/produit\/la-sportiva-aequilibrium-trek-gtx-4\/","title":{"rendered":"La Sportiva Aequilibrium Trek GTX"},"content":{"rendered":"<p>Con\u00e7ue pour allier protection et soutien avec une marchabilit\u00e9 extr\u00eame et une libert\u00e9 de mouvement, m\u00eame sur les passages les plus techniques. Le savoir-faire La Sportiva et les technologies du monde de l&#8217;alpinisme pour d\u00e9velopper la chaussure parfaite pour les longues randonn\u00e9es et le backpacking : un excellent compromis entre technicit\u00e9 et confort. Un d\u00e9roul\u00e9 fluide et un appui naturel du pied sont garantis par la semelle avec construction Double Heel\u2122 tandis qu&#8217;une traction maximale en mont\u00e9e et un contr\u00f4le du freinage en descente sont assur\u00e9s par l&#8217;Impact Brake System\u2122. Semelle d&#8217;usure ressemelable qui permet de prolonger la dur\u00e9e de vie du produit et d&#8217;en garantir la qualit\u00e9. La tige en cuir, r\u00e9sistante \u00e0 l&#8217;abrasion, se mod\u00e8lera en suivant l&#8217;ergonomie du pied, rendant cette chaussure parfaite pour toute aventure.    <\/p>\n<p>Membrane imperm\u00e9able : GORE-TEX Performance Comfort<br \/>\nHauteur semelle (mm) &#8211; Talon : 29<br \/>\nHauteur semelle (mm) &#8211; Avant-pied : 17<br \/>\nDiff\u00e9rentiel (mm) : 12<br \/>\nHauteur crampons (mm) : 5<br \/>\nChaussant large : Non<br \/>\nSemelle int\u00e9rieure : Semelle int\u00e9rieure La Sportiva Mountain Hiking<br \/>\nDoublure : GORE-TEX Performance Comfort<br \/>\nSemelle interm\u00e9diaire : Mousse de polyur\u00e9thane avec film TPU anti-abrasion<br \/>\nBrevet : 3D Flex System Evo\u2122 &#8211; Impact Brake System\u2122<br \/>\nSemelle d&#8217;usure : Semelle d&#8217;usure en gomme Vibram\u00ae avec rev\u00eatement en mousse PU<br \/>\nTige : Cuir hydrofuge Hydro-Perwanger\u00ae de 1,6 mm<\/p>\n<p>&nbsp;<\/p>\n<p>+ Bordure en tissu r\u00e9sistant \u00e0 l&#8217;abrasion<br \/>\n+ Semelle interm\u00e9diaire avec inserts internes en mat\u00e9riau expans\u00e9 pour un meilleur<br \/>\namorti et une l\u00e9g\u00e8ret\u00e9 issue d&#8217;une utilisation r\u00e9duite de couches<br \/>\nde gomme<br \/>\n+ Tige hydrofuge en cuir, membrane GORE-TEX et bordure r\u00e9sistante \u00e0 l&#8217;abrasion pour affronter tous les terrains et conditions climatiques extr\u00eames.<br \/>\n+ Articulation directionnelle 3D Flex System Evo\u2122 avec mall\u00e9ole galb\u00e9e et prot\u00e9g\u00e9e : permet un meilleur contr\u00f4le de l&#8217;appui et une parfaite mobilit\u00e9 de la cheville<br \/>\n+ Marchabilit\u00e9 exceptionnelle gr\u00e2ce \u00e0 l&#8217;innovante<br \/>\nconstruction du talon Double Heel\u2122 : la g\u00e9om\u00e9trie<br \/>\n\u00e0 double crampon arri\u00e8re tr\u00e8s prononc\u00e9<br \/>\naugmente l&#8217;effet de freinage en descente et permet<br \/>\nun d\u00e9roul\u00e9 plus fluide en r\u00e9duisant la fatigue<br \/>\nmusculaire<br \/>\n+ Grande traction et contr\u00f4le pendant la mont\u00e9e et la descente gr\u00e2ce aux crampons avec Impact Brake System\u2122<br \/>\n+ Marchabilit\u00e9 exceptionnelle gr\u00e2ce \u00e0 l&#8217;innovante<br \/>\nconstruction du talon Double Heel\u2122 : la g\u00e9om\u00e9trie<br \/>\n\u00e0 double crampon arri\u00e8re tr\u00e8s prononc\u00e9<br \/>\naugmente l&#8217;effet de freinage en descente et permet<br \/>\nun d\u00e9roul\u00e9 plus fluide en r\u00e9duisant la fatigue<br \/>\nmusculaire<br \/>\n+ Articulation directionnelle 3D Flex System Evo\u2122 avec mall\u00e9ole galb\u00e9e et prot\u00e9g\u00e9e : permet un meilleur contr\u00f4le de l&#8217;appui et une parfaite mobilit\u00e9 de la cheville<br \/>\n+ Tige hydrofuge en cuir, membrane GORE-TEX et bordure r\u00e9sistante \u00e0 l&#8217;abrasion pour affronter tous les terrains et conditions climatiques extr\u00eames.<br \/>\n+ Bordure en tissu r\u00e9sistant \u00e0 l&#8217;abrasion<br \/>\n+ Semelle interm\u00e9diaire avec inserts internes en mat\u00e9riau expans\u00e9 pour un meilleur<br \/>\namorti et une l\u00e9g\u00e8ret\u00e9 issue d&#8217;une utilisation r\u00e9duite de couches<br \/>\nde gomme<br \/>\n+ Grande traction et contr\u00f4le pendant la mont\u00e9e et la descente gr\u00e2ce aux crampons avec Impact Brake System\u2122<\/p>\n","protected":false},"excerpt":{"rendered":"<p>Con\u00e7ue pour allier protection et soutien avec une marchabilit\u00e9 extr\u00eame et une libert\u00e9 de mouvement, m\u00eame sur les passages les<\/p>\n","protected":false},"featured_media":828282,"template":"","meta":{"_seopress_robots_primary_cat":"none","_seopress_titles_title":"","_seopress_titles_desc":"","_seopress_robots_index":""},"product_brand":[3648],"product_cat":[173,1420,1429,1432],"product_tag":[],"class_list":{"0":"post-828321","1":"product","2":"type-product","3":"status-publish","4":"has-post-thumbnail","6":"product_brand-la-sportiva-fr","7":"product_cat-chaussures","8":"product_cat-chaussures-de-loisirs","9":"product_cat-chaussures-pour-femmes","10":"product_cat-chaussures-pour-hommes","11":"sws-gruppo-abb-libero-fr","12":"sws-conto-ricavi-merci-rivendita-abbigliamento-fr","13":"sws-gruppo-iva-iva81-fr","15":"first","16":"instock","17":"sale","18":"shipping-taxable","19":"purchasable","20":"product-type-variable","21":"has-default-attributes"},"_links":{"self":[{"href":"https:\/\/lucacastelli.com\/fr\/wp-json\/wp\/v2\/product\/828321","targetHints":{"allow":["GET"]}}],"collection":[{"href":"https:\/\/lucacastelli.com\/fr\/wp-json\/wp\/v2\/product"}],"about":[{"href":"https:\/\/lucacastelli.com\/fr\/wp-json\/wp\/v2\/types\/product"}],"wp:featuredmedia":[{"embeddable":true,"href":"https:\/\/lucacastelli.com\/fr\/wp-json\/wp\/v2\/media\/828282"}],"wp:attachment":[{"href":"https:\/\/lucacastelli.com\/fr\/wp-json\/wp\/v2\/media?parent=828321"}],"wp:term":[{"taxonomy":"product_brand","embeddable":true,"href":"https:\/\/lucacastelli.com\/fr\/wp-json\/wp\/v2\/product_brand?post=828321"},{"taxonomy":"product_cat","embeddable":true,"href":"https:\/\/lucacastelli.com\/fr\/wp-json\/wp\/v2\/product_cat?post=828321"},{"taxonomy":"product_tag","embeddable":true,"href":"https:\/\/lucacastelli.com\/fr\/wp-json\/wp\/v2\/product_tag?post=828321"}],"curies":[{"name":"wp","href":"https:\/\/api.w.org\/{rel}","templated":true}]}}