{"id":828289,"date":"2026-04-11T20:14:46","date_gmt":"2026-04-11T18:14:46","guid":{"rendered":"https:\/\/lucacastelli.com\/prodotto\/la-sportiva-aequilibrium-trek-gtx-3\/"},"modified":"2026-04-11T20:14:46","modified_gmt":"2026-04-11T18:14:46","slug":"la-sportiva-aequilibrium-trek-gtx-3","status":"publish","type":"product","link":"https:\/\/lucacastelli.com\/fr\/produit\/la-sportiva-aequilibrium-trek-gtx-3\/","title":{"rendered":"La Sportiva Aequilibrium Trek GTX"},"content":{"rendered":"<p>Con\u00e7ue pour allier protection et soutien avec une marche fluide et une libert\u00e9 de mouvement totale, m\u00eame sur les passages les plus techniques. Le savoir-faire La Sportiva et les technologies de l\u2019alpinisme s\u2019unissent pour cr\u00e9er la chaussure id\u00e9ale pour les longs trekkings et le backpacking : un excellent compromis entre technicit\u00e9 et confort. Un d\u00e9roul\u00e9 fluide et un appui naturel du pied sont garantis par la semelle avec construction Double Heel\u2122, tandis que l\u2019Impact Brake System\u2122 assure une traction maximale en mont\u00e9e et un contr\u00f4le du freinage en descente. Semelle ressemelable permettant de prolonger la dur\u00e9e de vie du produit et d\u2019en garantir la qualit\u00e9. L\u2019empeigne en cuir, r\u00e9sistante \u00e0 l\u2019abrasion, s\u2019adapte \u00e0 l\u2019ergonomie du pied, rendant cette chaussure parfaite pour chaque aventure.    <\/p>\n<p>Membrane imperm\u00e9able : GORE-TEX Performance Comfort<br \/>\nHauteur semelle (mm) &#8211; Talon : 29<br \/>\nHauteur semelle (mm) &#8211; Avant-pied : 17<br \/>\nDiff\u00e9rentiel (mm) : 12<br \/>\nHauteur des crampons (mm) : 5<br \/>\nChaussant large : Non<br \/>\nSemelle int\u00e9rieure : Semelle La Sportiva Mountain Hiking<br \/>\nDoublure : GORE-TEX Performance Comfort<br \/>\nSemelle interm\u00e9diaire : Mousse de polyur\u00e9thane avec film TPU anti-abrasion<br \/>\nBrevet : 3D Flex System Evo\u2122 &#8211; Impact Brake System\u2122<br \/>\nSemelle : Semelle d\u2019usure en caoutchouc Vibram\u00ae avec rev\u00eatement en mousse PU<br \/>\nEmpeigne : Cuir Hydro-Perwanger\u00ae d\u00e9perlant de 1,6 mm<\/p>\n<p>&nbsp;<\/p>\n<p>+ Bordure en tissu r\u00e9sistant \u00e0 l\u2019abrasion<br \/>\n+ Semelle interm\u00e9diaire avec inserts internes en mousse pour un meilleur<br \/>\namorti et une l\u00e9g\u00e8ret\u00e9 accrue gr\u00e2ce \u00e0 une utilisation r\u00e9duite de couches<br \/>\nde caoutchouc<br \/>\n+ Empeigne en cuir d\u00e9perlant, membrane GORE-TEX et bordure r\u00e9sistante \u00e0 l\u2019abrasion pour affronter tous les terrains et les conditions climatiques extr\u00eames.<br \/>\n+ Jonction directionnelle 3D Flex System Evo\u2122 avec mall\u00e9ole pr\u00e9form\u00e9e et prot\u00e9g\u00e9e : permet un meilleur contr\u00f4le de l\u2019appui et une mobilit\u00e9 parfaite de la cheville<br \/>\n+ Marche exceptionnelle gr\u00e2ce \u00e0 l\u2019innovante<br \/>\nconstruction du talon Double Heel\u2122 : la g\u00e9om\u00e9trie<br \/>\n\u00e0 double crampon arri\u00e8re tr\u00e8s prononc\u00e9<br \/>\naugmente l\u2019effet de freinage en descente et permet<br \/>\nun d\u00e9roul\u00e9 plus fluide en r\u00e9duisant la fatigue<br \/>\nmusculaire<br \/>\n+ Grande traction et contr\u00f4le en mont\u00e9e et en descente gr\u00e2ce aux crampons avec Impact Brake System\u2122<br \/>\n+ Marche exceptionnelle gr\u00e2ce \u00e0 l\u2019innovante<br \/>\nconstruction du talon Double Heel\u2122 : la g\u00e9om\u00e9trie<br \/>\n\u00e0 double crampon arri\u00e8re tr\u00e8s prononc\u00e9<br \/>\naugmente l\u2019effet de freinage en descente et permet<br \/>\nun d\u00e9roul\u00e9 plus fluide en r\u00e9duisant la fatigue<br \/>\nmusculaire<br \/>\n+ Jonction directionnelle 3D Flex System Evo\u2122 avec mall\u00e9ole pr\u00e9form\u00e9e et prot\u00e9g\u00e9e : permet un meilleur contr\u00f4le de l\u2019appui et une mobilit\u00e9 parfaite de la cheville<br \/>\n+ Empeigne en cuir d\u00e9perlant, membrane GORE-TEX et bordure r\u00e9sistante \u00e0 l\u2019abrasion pour affronter tous les terrains et les conditions climatiques extr\u00eames.<br \/>\n+ Bordure en tissu r\u00e9sistant \u00e0 l\u2019abrasion<br \/>\n+ Semelle interm\u00e9diaire avec inserts internes en mousse pour un meilleur<br \/>\namorti et une l\u00e9g\u00e8ret\u00e9 accrue gr\u00e2ce \u00e0 une utilisation r\u00e9duite de couches<br \/>\nde caoutchouc<br \/>\n+ Grande traction et contr\u00f4le en mont\u00e9e et en descente gr\u00e2ce aux crampons avec Impact Brake System\u2122<\/p>\n","protected":false},"excerpt":{"rendered":"<p>Con\u00e7ue pour allier protection et soutien avec une marche fluide et une libert\u00e9 de mouvement totale, m\u00eame sur les passages<\/p>\n","protected":false},"featured_media":828253,"template":"","meta":{"_seopress_robots_primary_cat":"","_seopress_titles_title":"","_seopress_titles_desc":"","_seopress_robots_index":""},"product_brand":[3648],"product_cat":[173,1420,1429,1432],"product_tag":[],"class_list":{"0":"post-828289","1":"product","2":"type-product","3":"status-publish","4":"has-post-thumbnail","6":"product_brand-la-sportiva-fr","7":"product_cat-chaussures","8":"product_cat-chaussures-de-loisirs","9":"product_cat-chaussures-pour-femmes","10":"product_cat-chaussures-pour-hommes","11":"sws-gruppo-abb-libero-fr","12":"sws-conto-ricavi-merci-rivendita-abbigliamento-fr","13":"sws-gruppo-iva-iva81-fr","15":"first","16":"instock","17":"sale","18":"shipping-taxable","19":"purchasable","20":"product-type-variable","21":"has-default-attributes"},"_links":{"self":[{"href":"https:\/\/lucacastelli.com\/fr\/wp-json\/wp\/v2\/product\/828289","targetHints":{"allow":["GET"]}}],"collection":[{"href":"https:\/\/lucacastelli.com\/fr\/wp-json\/wp\/v2\/product"}],"about":[{"href":"https:\/\/lucacastelli.com\/fr\/wp-json\/wp\/v2\/types\/product"}],"wp:featuredmedia":[{"embeddable":true,"href":"https:\/\/lucacastelli.com\/fr\/wp-json\/wp\/v2\/media\/828253"}],"wp:attachment":[{"href":"https:\/\/lucacastelli.com\/fr\/wp-json\/wp\/v2\/media?parent=828289"}],"wp:term":[{"taxonomy":"product_brand","embeddable":true,"href":"https:\/\/lucacastelli.com\/fr\/wp-json\/wp\/v2\/product_brand?post=828289"},{"taxonomy":"product_cat","embeddable":true,"href":"https:\/\/lucacastelli.com\/fr\/wp-json\/wp\/v2\/product_cat?post=828289"},{"taxonomy":"product_tag","embeddable":true,"href":"https:\/\/lucacastelli.com\/fr\/wp-json\/wp\/v2\/product_tag?post=828289"}],"curies":[{"name":"wp","href":"https:\/\/api.w.org\/{rel}","templated":true}]}}