{"id":828220,"date":"2026-04-11T19:26:51","date_gmt":"2026-04-11T17:26:51","guid":{"rendered":"https:\/\/lucacastelli.com\/prodotto\/la-sportiva-aequilibrium-top-gtx\/"},"modified":"2026-04-11T19:26:51","modified_gmt":"2026-04-11T17:26:51","slug":"la-sportiva-aequilibrium-top-gtx","status":"publish","type":"product","link":"https:\/\/lucacastelli.com\/fr\/produit\/la-sportiva-aequilibrium-top-gtx\/","title":{"rendered":"La Sportiva Aequilibrium Top GTX"},"content":{"rendered":"<p>Chaussure high-tech l\u00e9g\u00e8re et performante pour l&#8217;alpinisme rapide sur terrains mixtes et utilisations \u00e0 moyenne altitude. State of the art technique, c&#8217;est la synth\u00e8se parfaite entre l\u00e9g\u00e8ret\u00e9, confort et durabilit\u00e9. Marchabilit\u00e9 exceptionnelle gr\u00e2ce \u00e0 la construction innovante du talon Double Heel\u2122 : la g\u00e9om\u00e9trie \u00e0 double crampon arri\u00e8re tr\u00e8s prononc\u00e9 augmente l&#8217;effet de freinage en descente et permet un d\u00e9roul\u00e9 plus fluide en r\u00e9duisant la fatigue musculaire. Durabilit\u00e9 et l\u00e9g\u00e8ret\u00e9 cohabitent en harmonie gr\u00e2ce au nouveau package semelle\/semelle interm\u00e9diaire avec construction \u00e0 coque Rubber Guard\u2122 externe et mat\u00e9riau expans\u00e9 interne pour un amorti accentu\u00e9 et une l\u00e9g\u00e8ret\u00e9 d\u00e9riv\u00e9e d&#8217;une moindre utilisation de couches de gomme. La forme est Ergonomic : enveloppante et pr\u00e9cise avec coques en TPU int\u00e9gr\u00e9es \u00e0 la pointe et au talon pour renforcer la tige. L&#8217;articulation directionnelle 3D Flex System Evo\u2122 avec mall\u00e9ole galb\u00e9e et lignes de pliage externes permet un meilleur contr\u00f4le de l&#8217;appui et une parfaite mobilit\u00e9 de la cheville. La gu\u00eatre externe hydrofuge en Cordura\u00ae \u00e9lastiqu\u00e9 offre une hydrofugation maximale tandis que la membrane GORE-TEX Performance Comfort interne permet \u00e0 la transpiration de sortir mais pas \u00e0 l&#8217;eau d&#8217;entrer. Le la\u00e7age int\u00e8gre le syst\u00e8me BOA\u00ae Fit System pr\u00e9cis et rapide. La semelle interm\u00e9diaire est semi-cramponnable pour utilisations avec crampons l\u00e9gers en cas de glace ou de neige, semelle avec bande de roulement Vibram\u00ae SpringLug Tech avec crampons Impact Brake System pour une meilleure adaptabilit\u00e9 aux surfaces dures de la roche. L&#8217;alpinisme en parfaite harmonie.         <\/p>\n<p>&nbsp;<\/p>\n<p>Tige : Tissu hydrofuge, thermosoud\u00e9, avec haute r\u00e9sistance \u00e0 l&#8217;abrasion + gu\u00eatre interne hydrofuge<br \/>\nDoublure : GORE-TEX Performance Comfort<br \/>\nSemelle interm\u00e9diaire : Aucune<br \/>\nSemelle : Gomme Vibram\u00ae et rev\u00eatement interne en mousse de PU<br \/>\nCh\u00e2ssis : Nylon renforc\u00e9 de carbone<\/p>\n<p>&nbsp;<\/p>\n<p>+ Articulation directionnelle 3D Flex System Evo\u2122 avec mall\u00e9ole galb\u00e9e et lignes de pliage externes pour un meilleur contr\u00f4le de l&#8217;appui et une parfaite mobilit\u00e9 de la cheville<br \/>\n+ Gu\u00eatre externe hydrofuge en Cordura\u00ae \u00e9lastiqu\u00e9 et tissu \u00e0 tr\u00e8s haute r\u00e9sistance<br \/>\n+ La\u00e7age diff\u00e9renci\u00e9 pour un r\u00e9glage parfait des volumes : \u00e0 sangle dans la partie sup\u00e9rieure, avec BOA\u00ae Fit System, int\u00e9gr\u00e9 dans la gu\u00eatre, dans la partie inf\u00e9rieure<br \/>\n+ Forme Ergonomic enveloppante et pr\u00e9cise avec coques en TPU int\u00e9gr\u00e9es \u00e0 la pointe et au talon pour renforcer la tige<br \/>\n+ Marchabilit\u00e9 exceptionnelle gr\u00e2ce \u00e0 la construction innovante du talon Double Heel\u2122<br \/>\n+ L\u00e9g\u00e8ret\u00e9 sans compromis : chaque \u00e9l\u00e9ment est \u00e9tudi\u00e9 pour contenir au maximum les volumes et rendre le produit l\u00e9ger<br \/>\n+ Durabilit\u00e9 et l\u00e9g\u00e8ret\u00e9 maximales gr\u00e2ce au nouveau package semelle\/semelle interm\u00e9diaire avec construction \u00e0 coque Rubber Guard\u2122 externe et mat\u00e9riau expans\u00e9 interne pour un amorti accentu\u00e9 et une l\u00e9g\u00e8ret\u00e9 d\u00e9riv\u00e9e d&#8217;une moindre utilisation de couches de gomme.<br \/>\n+ Semelle interm\u00e9diaire semi-cramponnable compatible avec crampons semi-automatiques en cas de glace ou de neige<br \/>\n+ Semelle avec bande de roulement Vibram\u00ae avec crampons Impact Brake System pour une meilleure adaptabilit\u00e9 aux surfaces dures de la roche<\/p>\n<p>&nbsp;<\/p>\n","protected":false},"excerpt":{"rendered":"<p>Chaussure high-tech l\u00e9g\u00e8re et performante pour l&#8217;alpinisme rapide sur terrains mixtes et utilisations \u00e0 moyenne altitude. State of the art<\/p>\n","protected":false},"featured_media":828146,"template":"","meta":{"_seopress_robots_primary_cat":"","_seopress_titles_title":"","_seopress_titles_desc":"","_seopress_robots_index":""},"product_brand":[3648],"product_cat":[173,1420,1429,1432],"product_tag":[],"class_list":{"0":"post-828220","1":"product","2":"type-product","3":"status-publish","4":"has-post-thumbnail","6":"product_brand-la-sportiva-fr","7":"product_cat-chaussures","8":"product_cat-chaussures-de-loisirs","9":"product_cat-chaussures-pour-femmes","10":"product_cat-chaussures-pour-hommes","11":"sws-gruppo-abb-libero-fr","12":"sws-conto-ricavi-merci-rivendita-abbigliamento-fr","13":"sws-gruppo-iva-iva81-fr","15":"first","16":"instock","17":"sale","18":"shipping-taxable","19":"purchasable","20":"product-type-variable","21":"has-default-attributes"},"_links":{"self":[{"href":"https:\/\/lucacastelli.com\/fr\/wp-json\/wp\/v2\/product\/828220","targetHints":{"allow":["GET"]}}],"collection":[{"href":"https:\/\/lucacastelli.com\/fr\/wp-json\/wp\/v2\/product"}],"about":[{"href":"https:\/\/lucacastelli.com\/fr\/wp-json\/wp\/v2\/types\/product"}],"wp:featuredmedia":[{"embeddable":true,"href":"https:\/\/lucacastelli.com\/fr\/wp-json\/wp\/v2\/media\/828146"}],"wp:attachment":[{"href":"https:\/\/lucacastelli.com\/fr\/wp-json\/wp\/v2\/media?parent=828220"}],"wp:term":[{"taxonomy":"product_brand","embeddable":true,"href":"https:\/\/lucacastelli.com\/fr\/wp-json\/wp\/v2\/product_brand?post=828220"},{"taxonomy":"product_cat","embeddable":true,"href":"https:\/\/lucacastelli.com\/fr\/wp-json\/wp\/v2\/product_cat?post=828220"},{"taxonomy":"product_tag","embeddable":true,"href":"https:\/\/lucacastelli.com\/fr\/wp-json\/wp\/v2\/product_tag?post=828220"}],"curies":[{"name":"wp","href":"https:\/\/api.w.org\/{rel}","templated":true}]}}