{"id":828189,"date":"2026-04-08T08:10:52","date_gmt":"2026-04-08T06:10:52","guid":{"rendered":"https:\/\/lucacastelli.com\/prodotto\/kramp-nl40026nkr-20-pieces-de-fil-de-coupe-nylsaw-4-mm-x-26-cm-pour-diverses-tetes\/"},"modified":"2026-04-08T08:10:52","modified_gmt":"2026-04-08T06:10:52","slug":"kramp-nl40026nkr-20-pieces-de-fil-de-coupe-nylsaw-4-mm-x-26-cm-pour-diverses-tetes","status":"publish","type":"product","link":"https:\/\/lucacastelli.com\/fr\/produit\/kramp-nl40026nkr-20-pieces-de-fil-de-coupe-nylsaw-4-mm-x-26-cm-pour-diverses-tetes\/","title":{"rendered":"Kramp NL40026NKR 20 pi\u00e8ces de fil de coupe Nylsaw 4 mm x 26 cm pour diverses t\u00eates"},"content":{"rendered":"<p>Caract\u00e9ristiques &#8211; Con\u00e7u pour une coupe semblable \u00e0 celle d\u2019un couteau<br \/>\n&#8211; Fabriqu\u00e9 avec des mat\u00e9riaux sp\u00e9ciaux<br \/>\n&#8211; Comprend un coupe-fil (uniquement pour bobine et donut)<br \/>\n&#8211; R\u00e9duction des vibrations<\/p>\n<p>Avantages &#8211; Coupe nette, l\u2019herbe coup\u00e9e ne dess\u00e8che pas<br \/>\n&#8211; Rendement de coupe accru<br \/>\n&#8211; Coupe-fil compact pour la coupe \u00e0 longueur<br \/>\n&#8211; Travail plus confortable<\/p>\n<p>&nbsp;<\/p>\n<p>Domaines d\u2019application &#8211; Qualit\u00e9 professionnelle pour herbes hautes, mauvaises herbes ou broussailles<br \/>\nCaract\u00e9ristiques &#8211; Fil de coupe Nylsaw<br \/>\nContenu de la livraison &#8211; Fil en nylon, emballage, coupe-fil \u00ab Kramp \u00bb uniquement pour bobines et donuts<br \/>\nUnit\u00e9 Pi\u00e8ce<br \/>\n\u00d8 (mm) 4,0<br \/>\nLongueur (m) 0,26<br \/>\nProfil carr\u00e9<br \/>\nCouleur Noir<\/p>\n","protected":false},"excerpt":{"rendered":"<p>Caract\u00e9ristiques &#8211; Con\u00e7u pour une coupe semblable \u00e0 celle d\u2019un couteau &#8211; Fabriqu\u00e9 avec des mat\u00e9riaux sp\u00e9ciaux &#8211; Comprend un<\/p>\n","protected":false},"featured_media":827943,"template":"","meta":{"_seopress_robots_primary_cat":"none","_seopress_titles_title":"","_seopress_titles_desc":"","_seopress_robots_index":""},"product_brand":[7225],"product_cat":[1587,1586,167],"product_tag":[],"class_list":{"0":"post-828189","1":"product","2":"type-product","3":"status-publish","4":"has-post-thumbnail","6":"product_brand-kramp","7":"product_cat-accessoires-et-consommables-fr-3","8":"product_cat-debroussailleuses-et-coupe-bordures","9":"product_cat-machines","10":"sws-gruppo-macchinari-fr","11":"sws-conto-ricavi-merci-rivendita-macchinari-fr","12":"sws-gruppo-iva-iva81-fr","14":"first","15":"instock","16":"shipping-taxable","17":"purchasable","18":"product-type-simple"},"_links":{"self":[{"href":"https:\/\/lucacastelli.com\/fr\/wp-json\/wp\/v2\/product\/828189","targetHints":{"allow":["GET"]}}],"collection":[{"href":"https:\/\/lucacastelli.com\/fr\/wp-json\/wp\/v2\/product"}],"about":[{"href":"https:\/\/lucacastelli.com\/fr\/wp-json\/wp\/v2\/types\/product"}],"wp:featuredmedia":[{"embeddable":true,"href":"https:\/\/lucacastelli.com\/fr\/wp-json\/wp\/v2\/media\/827943"}],"wp:attachment":[{"href":"https:\/\/lucacastelli.com\/fr\/wp-json\/wp\/v2\/media?parent=828189"}],"wp:term":[{"taxonomy":"product_brand","embeddable":true,"href":"https:\/\/lucacastelli.com\/fr\/wp-json\/wp\/v2\/product_brand?post=828189"},{"taxonomy":"product_cat","embeddable":true,"href":"https:\/\/lucacastelli.com\/fr\/wp-json\/wp\/v2\/product_cat?post=828189"},{"taxonomy":"product_tag","embeddable":true,"href":"https:\/\/lucacastelli.com\/fr\/wp-json\/wp\/v2\/product_tag?post=828189"}],"curies":[{"name":"wp","href":"https:\/\/api.w.org\/{rel}","templated":true}]}}