{"id":828163,"date":"2026-04-08T07:58:49","date_gmt":"2026-04-08T05:58:49","guid":{"rendered":"https:\/\/lucacastelli.com\/prodotto\/polo-crewline-helly-hansen-pour-homme\/"},"modified":"2026-04-08T07:58:49","modified_gmt":"2026-04-08T05:58:49","slug":"polo-crewline-helly-hansen-pour-homme","status":"publish","type":"product","link":"https:\/\/lucacastelli.com\/fr\/produit\/polo-crewline-helly-hansen-pour-homme\/","title":{"rendered":"Polo Crewline Helly Hansen pour homme"},"content":{"rendered":"<p>Le polo Tactel\u00ae \u00e0 s\u00e9chage rapide et haute performance offre un espace d\u00e9di\u00e9 pour le logo de votre entreprise ou de votre \u00e9quipe afin de personnaliser votre style. Le tissu Tactel\u00ae vous garde au frais et au sec pendant toute activit\u00e9, tout en assurant un look impeccable ! <\/p>\n<p>&nbsp;<\/p>\n<p>Composition des fibres :<\/p>\n<div class=\"richtext_wrapper__9_UZc blocks_root__vE_15\">Ext\u00e9rieur : 100 % polyamide<\/div>\n<p>Instructions d&#8217;entretien :<\/p>\n<div class=\"richtext_wrapper__9_UZc blocks_root__vE_15\">Laver les couleurs fonc\u00e9es s\u00e9par\u00e9ment.<\/div>\n<div><\/div>\n<div>\n<ul>\n<li>\n<p class=\"body_default__4VaWv body_style--basic__VkXTp\">TACTEL\u00ae<\/p>\n<\/li>\n<li>\n<p class=\"body_default__4VaWv body_style--basic__VkXTp\">Patte de boutonnage \u00e0 l\u2019avant<\/p>\n<\/li>\n<li>\n<p class=\"body_default__4VaWv body_style--basic__VkXTp\">Col et poignets en c\u00f4tes<\/p>\n<\/li>\n<li>\n<p class=\"body_default__4VaWv body_style--basic__VkXTp\">Fentes lat\u00e9rales<\/p>\n<\/li>\n<li>\n<p class=\"body_default__4VaWv body_style--basic__VkXTp\">Tissu Tactel\u00ae gaufr\u00e9 \u00e0 s\u00e9chage rapide, 195 g\/m\u00b2<\/p>\n<\/li>\n<li>\n<p class=\"body_default__4VaWv body_style--basic__VkXTp\">UPF 50<\/p>\n<\/li>\n<li>\n<p class=\"body_default__4VaWv body_style--basic__VkXTp\">produit bluesign<\/p>\n<\/li>\n<\/ul>\n<\/div>\n","protected":false},"excerpt":{"rendered":"<p>Le polo Tactel\u00ae \u00e0 s\u00e9chage rapide et haute performance offre un espace d\u00e9di\u00e9 pour le logo de votre entreprise ou<\/p>\n","protected":false},"featured_media":827937,"template":"","meta":{"_seopress_robots_primary_cat":"none","_seopress_titles_title":"","_seopress_titles_desc":"","_seopress_robots_index":""},"product_brand":[3646],"product_cat":[81,981,982],"product_tag":[],"class_list":{"0":"post-828163","1":"product","2":"type-product","3":"status-publish","4":"has-post-thumbnail","6":"product_brand-helly-hansen-fr","7":"product_cat-vetements","8":"product_cat-vetements-de-loisirs","9":"product_cat-vetements-pour-hommes","10":"sws-gruppo-abb-libero-fr","11":"sws-conto-ricavi-merci-rivendita-abbigliamento-fr","12":"sws-gruppo-iva-iva81-fr","14":"first","15":"instock","16":"shipping-taxable","17":"purchasable","18":"product-type-variable","19":"has-default-attributes"},"_links":{"self":[{"href":"https:\/\/lucacastelli.com\/fr\/wp-json\/wp\/v2\/product\/828163","targetHints":{"allow":["GET"]}}],"collection":[{"href":"https:\/\/lucacastelli.com\/fr\/wp-json\/wp\/v2\/product"}],"about":[{"href":"https:\/\/lucacastelli.com\/fr\/wp-json\/wp\/v2\/types\/product"}],"wp:featuredmedia":[{"embeddable":true,"href":"https:\/\/lucacastelli.com\/fr\/wp-json\/wp\/v2\/media\/827937"}],"wp:attachment":[{"href":"https:\/\/lucacastelli.com\/fr\/wp-json\/wp\/v2\/media?parent=828163"}],"wp:term":[{"taxonomy":"product_brand","embeddable":true,"href":"https:\/\/lucacastelli.com\/fr\/wp-json\/wp\/v2\/product_brand?post=828163"},{"taxonomy":"product_cat","embeddable":true,"href":"https:\/\/lucacastelli.com\/fr\/wp-json\/wp\/v2\/product_cat?post=828163"},{"taxonomy":"product_tag","embeddable":true,"href":"https:\/\/lucacastelli.com\/fr\/wp-json\/wp\/v2\/product_tag?post=828163"}],"curies":[{"name":"wp","href":"https:\/\/api.w.org\/{rel}","templated":true}]}}