{"id":828053,"date":"2026-04-11T18:22:20","date_gmt":"2026-04-11T16:22:20","guid":{"rendered":"https:\/\/lucacastelli.com\/?post_type=product&#038;p=828053"},"modified":"2026-04-11T19:30:54","modified_gmt":"2026-04-11T17:30:54","slug":"la-sportiva-trango-tech-leather-gtx-copia-2","status":"publish","type":"product","link":"https:\/\/lucacastelli.com\/fr\/produit\/la-sportiva-trango-tech-leather-gtx-copia-2\/","title":{"rendered":"LA SPORTIVA Trango Tech Leather GTX"},"content":{"rendered":"<p>Chaussure montante en cuir respirante et imperm\u00e9able, con\u00e7ue pour la randonn\u00e9e alpine : particuli\u00e8rement l\u00e9g\u00e8re, confortable et durable gr\u00e2ce \u00e0 la tige en nubuck. Parfaite pour les marches d\u2019approche techniques et les utilisations professionnelles par les secouristes et les guides de montagne. <\/p>\n<p>DESCRIPTION :<br \/>\nLa Trango Tech Leather GTX est une chaussure montante en cuir respirante et imperm\u00e9able con\u00e7ue pour la randonn\u00e9e alpine : particuli\u00e8rement l\u00e9g\u00e8re, confortable et durable gr\u00e2ce \u00e0 la tige en nubuck. Parfaite pour les marches d\u2019approche techniques et les utilisations professionnelles par les secouristes et les guides de montagne. La tige au design \u00e9pur\u00e9 et moderne pr\u00e9sente des coutures r\u00e9duites au minimum pour augmenter l\u2019imperm\u00e9abilit\u00e9 globale. C\u2019est un produit de grande durabilit\u00e9 gr\u00e2ce \u00e0 l\u2019utilisation de cuirs de haute qualit\u00e9 et aux renforts de protection en microfibre sur la tige. L\u2019interselle anti-choc en polyur\u00e9thane basse densit\u00e9 avec Protective PU-Skin r\u00e9duit l\u2019impact avec le sol et favorise une utilisation prolong\u00e9e du produit, tandis que les protections en caoutchouc anti-choc \u00e0 la pointe et au talon pr\u00e9viennent les impacts avec les rochers et les racines. Comme chaque produit de la s\u00e9rie La Sportiva Trango, elle adopte la jonction de la cheville 3D-Flex System qui favorise la mobilit\u00e9 et les appuis en phase dynamique. La languette int\u00e9gr\u00e9e \u00e0 la tige est r\u00e9alis\u00e9e en tissu souple et \u00e9lastique pour un confort de chaussant maximal, \u00e9galement accentu\u00e9 par la forme ergonomique et le fit enveloppant. La semelle La Sportiva Cube by Vibram avec des \u00e9paisseurs all\u00e9g\u00e9es permet de r\u00e9duire encore le poids pour une chaussure de backpacking l\u00e9g\u00e8re et moderne.      <\/p>\n<p>Tige :<br \/>\nNubuck + renforts en microfibre<\/p>\n<p>Doublure :<br \/>\nGore-Tex\u00ae Performance Comfort<\/p>\n<p>Semelle int\u00e9rieure :<br \/>\nPPE 4 mm avec \u00e9paisseur accrue renforc\u00e9e par de la fibre de verre<\/p>\n<p>Semelle interm\u00e9diaire :<br \/>\nPolyur\u00e9thane basse densit\u00e9 + Protective PU Skin et insert en TPU pour fixation de crampon arri\u00e8re<\/p>\n<p>Poids :<br \/>\n640 g (la demi-paire)<\/p>\n<p>PLUS :<br \/>\n+ Clean-Design et coutures r\u00e9duites au minimum<br \/>\n+ Combinaison parfaite de mat\u00e9riaux classiques (cuir nubuck) et d\u2019esth\u00e9tique moderne<br \/>\n+ Haute durabilit\u00e9 gr\u00e2ce aux renforts de protection en microfibre sur la tige<br \/>\n+ Semelle interm\u00e9diaire anti-choc en polyur\u00e9thane basse densit\u00e9 avec Protective PU-Skin : r\u00e9duit l\u2019impact avec le sol et favorise l\u2019utilisation prolong\u00e9e du produit<br \/>\n+ Jonction de la cheville 3D-Flex System qui favorise la mobilit\u00e9 et les appuis<br \/>\n+ Forme ergonomique et fit enveloppant<\/p>\n","protected":false},"excerpt":{"rendered":"<p>Chaussure montante en cuir respirante et imperm\u00e9able, con\u00e7ue pour la randonn\u00e9e alpine : particuli\u00e8rement l\u00e9g\u00e8re, confortable et durable gr\u00e2ce \u00e0<\/p>\n","protected":false},"featured_media":828078,"template":"","meta":{"_seopress_robots_primary_cat":"none","_seopress_titles_title":"","_seopress_titles_desc":"","_seopress_robots_index":""},"product_brand":[3648],"product_cat":[173,1420,1432],"product_tag":[],"class_list":{"0":"post-828053","1":"product","2":"type-product","3":"status-publish","4":"has-post-thumbnail","6":"product_brand-la-sportiva-fr","7":"product_cat-chaussures","8":"product_cat-chaussures-de-loisirs","9":"product_cat-chaussures-pour-hommes","11":"first","12":"instock","13":"sale","14":"shipping-taxable","15":"purchasable","16":"product-type-variable","17":"has-default-attributes"},"_links":{"self":[{"href":"https:\/\/lucacastelli.com\/fr\/wp-json\/wp\/v2\/product\/828053","targetHints":{"allow":["GET"]}}],"collection":[{"href":"https:\/\/lucacastelli.com\/fr\/wp-json\/wp\/v2\/product"}],"about":[{"href":"https:\/\/lucacastelli.com\/fr\/wp-json\/wp\/v2\/types\/product"}],"wp:featuredmedia":[{"embeddable":true,"href":"https:\/\/lucacastelli.com\/fr\/wp-json\/wp\/v2\/media\/828078"}],"wp:attachment":[{"href":"https:\/\/lucacastelli.com\/fr\/wp-json\/wp\/v2\/media?parent=828053"}],"wp:term":[{"taxonomy":"product_brand","embeddable":true,"href":"https:\/\/lucacastelli.com\/fr\/wp-json\/wp\/v2\/product_brand?post=828053"},{"taxonomy":"product_cat","embeddable":true,"href":"https:\/\/lucacastelli.com\/fr\/wp-json\/wp\/v2\/product_cat?post=828053"},{"taxonomy":"product_tag","embeddable":true,"href":"https:\/\/lucacastelli.com\/fr\/wp-json\/wp\/v2\/product_tag?post=828053"}],"curies":[{"name":"wp","href":"https:\/\/api.w.org\/{rel}","templated":true}]}}