{"id":827915,"date":"2026-04-07T17:52:03","date_gmt":"2026-04-07T15:52:03","guid":{"rendered":"https:\/\/lucacastelli.com\/prodotto\/barre-de-coupe-dauner\/"},"modified":"2026-04-07T17:52:03","modified_gmt":"2026-04-07T15:52:03","slug":"barre-de-coupe-dauner","status":"publish","type":"product","link":"https:\/\/lucacastelli.com\/fr\/produit\/barre-de-coupe-dauner\/","title":{"rendered":"Barre de coupe Dauner"},"content":{"rendered":"<p>R\u00e8gle de mesure, 30 x 30 mm, en bois de h\u00eatre. \u00c9chelle de mesure sur un c\u00f4t\u00e9 en d\u00e9cim\u00e8tres, avec chiffres bien visibles grav\u00e9s au feu en noir. T\u00eate en acier, avec deux but\u00e9es, pour la coupe de longueurs de 100 et 101 cm. Poids 1100 g. Avec d\u00e9chirure fixe.    <\/p>\n","protected":false},"excerpt":{"rendered":"<p>R\u00e8gle de mesure, 30 x 30 mm, en bois de h\u00eatre. \u00c9chelle de mesure sur un c\u00f4t\u00e9 en d\u00e9cim\u00e8tres, avec<\/p>\n","protected":false},"featured_media":827854,"template":"","meta":{"_seopress_robots_primary_cat":"","_seopress_titles_title":"","_seopress_titles_desc":"","_seopress_robots_index":""},"product_brand":[3411],"product_cat":[29,484,33,537,822],"product_tag":[],"class_list":{"0":"post-827915","1":"product","2":"type-product","3":"status-publish","4":"has-post-thumbnail","6":"product_brand-luca-castelli-legnami","7":"product_cat-macchinari","8":"product_cat-utensili-e-accessori-forestali","9":"product_cat-attrezzature","10":"product_cat-attrezzatura-da-lavoro","11":"product_cat-altro-attrezzatura-da-lavoro","12":"sws-gruppo-macchinari-fr","13":"sws-conto-ricavi-merci-rivendita-macchinari-fr","14":"sws-gruppo-iva-iva81-fr","16":"first","17":"instock","18":"shipping-taxable","19":"purchasable","20":"product-type-simple"},"_links":{"self":[{"href":"https:\/\/lucacastelli.com\/fr\/wp-json\/wp\/v2\/product\/827915","targetHints":{"allow":["GET"]}}],"collection":[{"href":"https:\/\/lucacastelli.com\/fr\/wp-json\/wp\/v2\/product"}],"about":[{"href":"https:\/\/lucacastelli.com\/fr\/wp-json\/wp\/v2\/types\/product"}],"wp:featuredmedia":[{"embeddable":true,"href":"https:\/\/lucacastelli.com\/fr\/wp-json\/wp\/v2\/media\/827854"}],"wp:attachment":[{"href":"https:\/\/lucacastelli.com\/fr\/wp-json\/wp\/v2\/media?parent=827915"}],"wp:term":[{"taxonomy":"product_brand","embeddable":true,"href":"https:\/\/lucacastelli.com\/fr\/wp-json\/wp\/v2\/product_brand?post=827915"},{"taxonomy":"product_cat","embeddable":true,"href":"https:\/\/lucacastelli.com\/fr\/wp-json\/wp\/v2\/product_cat?post=827915"},{"taxonomy":"product_tag","embeddable":true,"href":"https:\/\/lucacastelli.com\/fr\/wp-json\/wp\/v2\/product_tag?post=827915"}],"curies":[{"name":"wp","href":"https:\/\/api.w.org\/{rel}","templated":true}]}}