{"id":827891,"date":"2026-04-03T09:54:01","date_gmt":"2026-04-03T07:54:01","guid":{"rendered":"https:\/\/lucacastelli.com\/prodotto\/crazy-sun-hoodie-man\/"},"modified":"2026-04-03T09:54:01","modified_gmt":"2026-04-03T07:54:01","slug":"crazy-sun-hoodie-man","status":"publish","type":"product","link":"https:\/\/lucacastelli.com\/fr\/produit\/crazy-sun-hoodie-man\/","title":{"rendered":"CRAZY SUN HOODIE MAN"},"content":{"rendered":"<p>Sun Hoodie \u2013 Protection UV, confort et technologie avanc\u00e9e<\/p>\n<p>Caract\u00e9ristiques principales<\/p>\n<p>Impression all-over moderne et attrayante<br \/>\nTissu frais, l\u00e9ger et respirant avec protection UV +50<br \/>\nCapuche int\u00e9gr\u00e9e pour une couverture compl\u00e8te<br \/>\nDescription du produit<\/p>\n<p>La Sun Hoodie est le t-shirt \u00e0 manches longues id\u00e9al pour affronter les journ\u00e9es les plus ensoleill\u00e9es avec un maximum de confort et de protection.<\/p>\n<p>Con\u00e7u pour offrir une couverture totale du corps, il combine fra\u00eecheur et respirabilit\u00e9 gr\u00e2ce \u00e0 son tissu technique ultra l\u00e9ger. La protection UV +50 aide \u00e0 filtrer efficacement les rayons solaires, le rendant parfait pour les activit\u00e9s outdoor, la montagne et les loisirs. <\/p>\n<p>Le design \u00e9pur\u00e9, enrichi par l&#8217;impression all-over, le rend polyvalent \u00e9galement pour une utilisation quotidienne.<\/p>\n<p>Technologie F.I.R. \u2013 Bien-\u00eatre actif<\/p>\n<p>La v\u00e9ritable innovation est l&#8217;int\u00e9gration de la technologie F.I.R. (Far Infrared Rays) directement dans le tissu.<\/p>\n<p>Cette technologie :<\/p>\n<p>R\u00e9fl\u00e9chit la chaleur corporelle sous forme de rayons infrarouges<br \/>\nStimule la circulation sanguine<br \/>\nAm\u00e9liore l&#8217;oxyg\u00e9nation musculaire<br \/>\nFavorise l&#8217;\u00e9limination des toxines<\/p>\n<p>Un syst\u00e8me naturel qui contribue \u00e0 la r\u00e9cup\u00e9ration physique et au bien-\u00eatre g\u00e9n\u00e9ral, tr\u00e8s appr\u00e9ci\u00e9 \u00e9galement dans le secteur du fitness.<\/p>\n<p>Pourquoi le choisir<\/p>\n<p>Un t-shirt technique au look moderne qui allie protection, performance et confort, parfait en toute situation \u2013 du sport \u00e0 la vie quotidienne.<\/p>\n","protected":false},"excerpt":{"rendered":"<p>Sun Hoodie \u2013 Protection UV, confort et technologie avanc\u00e9e Caract\u00e9ristiques principales Impression all-over moderne et attrayante Tissu frais, l\u00e9ger et<\/p>\n","protected":false},"featured_media":827893,"template":"","meta":{"_seopress_robots_primary_cat":"none","_seopress_titles_title":"","_seopress_titles_desc":"","_seopress_robots_index":""},"product_brand":[3616],"product_cat":[81,981,982],"product_tag":[],"class_list":{"0":"post-827891","1":"product","2":"type-product","3":"status-publish","4":"has-post-thumbnail","6":"product_brand-crazy-fr","7":"product_cat-vetements","8":"product_cat-vetements-de-loisirs","9":"product_cat-vetements-pour-hommes","10":"sws-gruppo-abb-libero-fr","11":"sws-conto-ricavi-merci-rivendita-abbigliamento-fr","12":"sws-gruppo-iva-iva81-fr","14":"first","15":"instock","16":"sale","17":"shipping-taxable","18":"product-type-variable","19":"has-default-attributes"},"_links":{"self":[{"href":"https:\/\/lucacastelli.com\/fr\/wp-json\/wp\/v2\/product\/827891","targetHints":{"allow":["GET"]}}],"collection":[{"href":"https:\/\/lucacastelli.com\/fr\/wp-json\/wp\/v2\/product"}],"about":[{"href":"https:\/\/lucacastelli.com\/fr\/wp-json\/wp\/v2\/types\/product"}],"wp:featuredmedia":[{"embeddable":true,"href":"https:\/\/lucacastelli.com\/fr\/wp-json\/wp\/v2\/media\/827893"}],"wp:attachment":[{"href":"https:\/\/lucacastelli.com\/fr\/wp-json\/wp\/v2\/media?parent=827891"}],"wp:term":[{"taxonomy":"product_brand","embeddable":true,"href":"https:\/\/lucacastelli.com\/fr\/wp-json\/wp\/v2\/product_brand?post=827891"},{"taxonomy":"product_cat","embeddable":true,"href":"https:\/\/lucacastelli.com\/fr\/wp-json\/wp\/v2\/product_cat?post=827891"},{"taxonomy":"product_tag","embeddable":true,"href":"https:\/\/lucacastelli.com\/fr\/wp-json\/wp\/v2\/product_tag?post=827891"}],"curies":[{"name":"wp","href":"https:\/\/api.w.org\/{rel}","templated":true}]}}