{"id":827872,"date":"2026-04-03T10:02:12","date_gmt":"2026-04-03T08:02:12","guid":{"rendered":"https:\/\/lucacastelli.com\/prodotto\/crazy-pull-viper-light\/"},"modified":"2026-04-03T10:02:12","modified_gmt":"2026-04-03T08:02:12","slug":"crazy-pull-viper-light","status":"publish","type":"product","link":"https:\/\/lucacastelli.com\/fr\/produit\/crazy-pull-viper-light\/","title":{"rendered":"CRAZY PULL VIPER LIGHT"},"content":{"rendered":"<p>Pull Viper \u2013 Couche interm\u00e9diaire technique, l\u00e9g\u00e8re et performante<\/p>\n<p>Caract\u00e9ristiques principales<\/p>\n<p>Poche poitrine avec zip d\u00e9coup\u00e9 au laser et thermocoll\u00e9<br \/>\nInsert sous les aisselles en tissu respirant<br \/>\nPoches repose-mains avec zips invisibles<br \/>\nLogos r\u00e9fl\u00e9chissants pour une meilleure visibilit\u00e9<br \/>\nCoutures plates contrast\u00e9es<br \/>\nZip frontal int\u00e9gral avec rabat de protection<br \/>\nBas avec bord \u00e9lastique<br \/>\nPasse-pouce<br \/>\nDescription du produit<\/p>\n<p>Le Pull Viper est la couche interm\u00e9diaire la plus technique de la collection estivale, enti\u00e8rement repens\u00e9 pour offrir l\u2019\u00e9quilibre parfait entre protection, l\u00e9g\u00e8ret\u00e9 et respirabilit\u00e9.<\/p>\n<p>Fabriqu\u00e9 en tissu Stretch Series, il garantit une excellente \u00e9lasticit\u00e9 et une coupe ergonomique, accompagnant chaque mouvement lors de vos activit\u00e9s en montagne ou en plein air.<\/p>\n<p>Les inserts respirants sous les aisselles favorisent la ventilation, maintenant le corps au sec m\u00eame lors des efforts les plus intenses.<\/p>\n<p>Fonctionnalit\u00e9 et d\u00e9tails techniques<\/p>\n<p>Dot\u00e9 d\u2019une poche de poitrine pratique avec zip d\u00e9coup\u00e9 au laser et thermocoll\u00e9 et de poches repose-mains avec fermetures invisibles, il offre s\u00e9curit\u00e9 et esth\u00e9tique \u00e9pur\u00e9e.<\/p>\n<p>Les logos r\u00e9fl\u00e9chissants augmentent la visibilit\u00e9 par faible luminosit\u00e9, tandis que les coutures plates r\u00e9duisent les frottements et ajoutent une touche distinctive gr\u00e2ce au contraste de couleurs.<\/p>\n<p>Le zip frontal int\u00e9gral avec rabat de protection et le bas \u00e9lastiqu\u00e9 compl\u00e8tent un v\u00eatement con\u00e7u pour garantir confort et performance en toute situation.<\/p>\n<p>Pourquoi le choisir<\/p>\n<p>Une couche interm\u00e9diaire technique et polyvalente, id\u00e9ale pour ceux qui recherchent des performances \u00e9lev\u00e9es, du confort et un design moderne pour les activit\u00e9s de plein air.<\/p>\n","protected":false},"excerpt":{"rendered":"<p>Pull Viper \u2013 Couche interm\u00e9diaire technique, l\u00e9g\u00e8re et performante Caract\u00e9ristiques principales Poche poitrine avec zip d\u00e9coup\u00e9 au laser et thermocoll\u00e9<\/p>\n","protected":false},"featured_media":827876,"template":"","meta":{"_seopress_robots_primary_cat":"none","_seopress_titles_title":"","_seopress_titles_desc":"","_seopress_robots_index":""},"product_brand":[3413],"product_cat":[21,189,190],"product_tag":[],"class_list":{"0":"post-827872","1":"product","2":"type-product","3":"status-publish","4":"has-post-thumbnail","6":"product_brand-crazy","7":"product_cat-abbigliamento","8":"product_cat-abbigliamento-per-il-tempo-libero","9":"product_cat-abbigliamento-da-uomo","10":"sws-gruppo-abb-libero-fr","11":"sws-conto-ricavi-merci-rivendita-abbigliamento-fr","12":"sws-gruppo-iva-iva81-fr","14":"first","15":"instock","16":"sale","17":"shipping-taxable","18":"product-type-variable","19":"has-default-attributes"},"_links":{"self":[{"href":"https:\/\/lucacastelli.com\/fr\/wp-json\/wp\/v2\/product\/827872","targetHints":{"allow":["GET"]}}],"collection":[{"href":"https:\/\/lucacastelli.com\/fr\/wp-json\/wp\/v2\/product"}],"about":[{"href":"https:\/\/lucacastelli.com\/fr\/wp-json\/wp\/v2\/types\/product"}],"wp:featuredmedia":[{"embeddable":true,"href":"https:\/\/lucacastelli.com\/fr\/wp-json\/wp\/v2\/media\/827876"}],"wp:attachment":[{"href":"https:\/\/lucacastelli.com\/fr\/wp-json\/wp\/v2\/media?parent=827872"}],"wp:term":[{"taxonomy":"product_brand","embeddable":true,"href":"https:\/\/lucacastelli.com\/fr\/wp-json\/wp\/v2\/product_brand?post=827872"},{"taxonomy":"product_cat","embeddable":true,"href":"https:\/\/lucacastelli.com\/fr\/wp-json\/wp\/v2\/product_cat?post=827872"},{"taxonomy":"product_tag","embeddable":true,"href":"https:\/\/lucacastelli.com\/fr\/wp-json\/wp\/v2\/product_tag?post=827872"}],"curies":[{"name":"wp","href":"https:\/\/api.w.org\/{rel}","templated":true}]}}