{"id":827869,"date":"2026-04-03T10:36:31","date_gmt":"2026-04-03T08:36:31","guid":{"rendered":"https:\/\/lucacastelli.com\/prodotto\/crazy-pull-traverse-homme\/"},"modified":"2026-04-03T10:36:31","modified_gmt":"2026-04-03T08:36:31","slug":"crazy-pull-traverse-homme","status":"publish","type":"product","link":"https:\/\/lucacastelli.com\/fr\/produit\/crazy-pull-traverse-homme\/","title":{"rendered":"CRAZY PULL TRAVERSE HOMME"},"content":{"rendered":"<p>Pull Traverse \u2013 Couche interm\u00e9diaire l\u00e9g\u00e8re pour le trekking et la randonn\u00e9e<\/p>\n<p>Caract\u00e9ristiques principales<\/p>\n<p>Capuche avec bord \u00e9lastique<br \/>\nZip frontal complet avec rabat de protection<br \/>\nPasse-pouce<br \/>\nPoche poitrine contrast\u00e9e avec fermeture \u00e9clair<br \/>\nPoches lat\u00e9rales pratiques<br \/>\nLogos r\u00e9fl\u00e9chissants pour une meilleure visibilit\u00e9<br \/>\nCoutures plates de couleur contrast\u00e9e<br \/>\nDescription du produit<\/p>\n<p>Le Pull Traverse est une couche interm\u00e9diaire polyvalente, con\u00e7ue pour le trekking l\u00e9ger et les randonn\u00e9es de moyenne montagne.<\/p>\n<p>Gr\u00e2ce \u00e0 son design essentiel et moderne, il s\u2019adapte parfaitement aux activit\u00e9s de plein air comme \u00e0 l\u2019usage quotidien, offrant l\u2019\u00e9quilibre id\u00e9al entre confort et protection.<\/p>\n<p>Mat\u00e9riaux techniques et performances<\/p>\n<p>Fabriqu\u00e9 avec les m\u00eames tissus que les v\u00eatements de haute montagne, il garantit des performances \u00e9lev\u00e9es m\u00eame dans des conditions variables.<\/p>\n<p>Le tissu principal Endurance Light assure l\u00e9g\u00e8ret\u00e9, compressibilit\u00e9 et une bonne isolation thermique<br \/>\nLes inserts en Stretch Series augmentent l\u2019\u00e9lasticit\u00e9 et la libert\u00e9 de mouvement, am\u00e9liorant le confort pendant l\u2019activit\u00e9<\/p>\n<p>Cette combinaison rend le v\u00eatement technique tout en \u00e9tant pratique et confortable.<\/p>\n<p>Pourquoi le choisir<\/p>\n<p>Une couche interm\u00e9diaire l\u00e9g\u00e8re et fonctionnelle, id\u00e9ale pour ceux qui recherchent confort, libert\u00e9 de mouvement et protection lors de trekkings et de randonn\u00e9es.<\/p>\n","protected":false},"excerpt":{"rendered":"<p>Pull Traverse \u2013 Couche interm\u00e9diaire l\u00e9g\u00e8re pour le trekking et la randonn\u00e9e Caract\u00e9ristiques principales Capuche avec bord \u00e9lastique Zip frontal<\/p>\n","protected":false},"featured_media":827874,"template":"","meta":{"_seopress_robots_primary_cat":"none","_seopress_titles_title":"","_seopress_titles_desc":"","_seopress_robots_index":""},"product_brand":[3616],"product_cat":[81,981,982],"product_tag":[],"class_list":{"0":"post-827869","1":"product","2":"type-product","3":"status-publish","4":"has-post-thumbnail","6":"product_brand-crazy-fr","7":"product_cat-vetements","8":"product_cat-vetements-de-loisirs","9":"product_cat-vetements-pour-hommes","10":"sws-gruppo-abb-libero-fr","11":"sws-conto-ricavi-merci-rivendita-abbigliamento-fr","12":"sws-gruppo-iva-iva81-fr","14":"first","15":"instock","16":"sale","17":"shipping-taxable","18":"purchasable","19":"product-type-variable","20":"has-default-attributes"},"_links":{"self":[{"href":"https:\/\/lucacastelli.com\/fr\/wp-json\/wp\/v2\/product\/827869","targetHints":{"allow":["GET"]}}],"collection":[{"href":"https:\/\/lucacastelli.com\/fr\/wp-json\/wp\/v2\/product"}],"about":[{"href":"https:\/\/lucacastelli.com\/fr\/wp-json\/wp\/v2\/types\/product"}],"wp:featuredmedia":[{"embeddable":true,"href":"https:\/\/lucacastelli.com\/fr\/wp-json\/wp\/v2\/media\/827874"}],"wp:attachment":[{"href":"https:\/\/lucacastelli.com\/fr\/wp-json\/wp\/v2\/media?parent=827869"}],"wp:term":[{"taxonomy":"product_brand","embeddable":true,"href":"https:\/\/lucacastelli.com\/fr\/wp-json\/wp\/v2\/product_brand?post=827869"},{"taxonomy":"product_cat","embeddable":true,"href":"https:\/\/lucacastelli.com\/fr\/wp-json\/wp\/v2\/product_cat?post=827869"},{"taxonomy":"product_tag","embeddable":true,"href":"https:\/\/lucacastelli.com\/fr\/wp-json\/wp\/v2\/product_tag?post=827869"}],"curies":[{"name":"wp","href":"https:\/\/api.w.org\/{rel}","templated":true}]}}