{"id":827855,"date":"2026-04-03T10:08:26","date_gmt":"2026-04-03T08:08:26","guid":{"rendered":"https:\/\/lucacastelli.com\/prodotto\/crazy-pull-resolution-light\/"},"modified":"2026-04-03T10:08:26","modified_gmt":"2026-04-03T08:08:26","slug":"crazy-pull-resolution-light","status":"publish","type":"product","link":"https:\/\/lucacastelli.com\/fr\/produit\/crazy-pull-resolution-light\/","title":{"rendered":"CRAZY PULL RESOLUTION LIGHT"},"content":{"rendered":"<p>Pull Resolution \u2013 Couche interm\u00e9diaire polyvalente pour le trekking et l\u2019outdoor<\/p>\n<p>Caract\u00e9ristiques principales<\/p>\n<p>Capuche et bas avec bord \u00e9lastique<br \/>\nCoutures plates contrast\u00e9es<br \/>\nPoches repose-mains zipp\u00e9es<br \/>\nPassant pour le pouce<br \/>\nLogos r\u00e9fl\u00e9chissants pour une meilleure visibilit\u00e9<br \/>\nZip frontal int\u00e9gral avec rabat de protection<br \/>\nDescription du produit<\/p>\n<p>Le Pull Resolution est l\u2019un des v\u00eatements les plus appr\u00e9ci\u00e9s de la collection estivale homme, con\u00e7u pour offrir confort et polyvalence lors des activit\u00e9s de plein air.<\/p>\n<p>Id\u00e9al pour le trekking et les sports d\u2019intensit\u00e9 moyenne, cette couche interm\u00e9diaire allie fonctionnalit\u00e9 technique et style moderne, de plus en plus soign\u00e9 et attrayant saison apr\u00e8s saison.<\/p>\n<p>Enti\u00e8rement r\u00e9alis\u00e9 en tissu High Performance, un polaire technique \u00e9prouv\u00e9, il garantit une excellente respirabilit\u00e9 gr\u00e2ce \u00e0 sa structure 3D, gardant le corps au sec m\u00eame pendant l\u2019effort.<\/p>\n<p>Performance et confort<\/p>\n<p>La construction du tissu permet de mieux g\u00e9rer les variations de temp\u00e9rature, rendant ce v\u00eatement parfait pour une utilisation dynamique en montagne ou pendant les loisirs.<\/p>\n<p>Les coutures plates r\u00e9duisent les frottements, tandis que les d\u00e9tails techniques \u2013 tels que la capuche \u00e9lastiqu\u00e9e, les passants pour les pouces et les zips prot\u00e9g\u00e9s \u2013 assurent praticit\u00e9 et confort en toute situation.<\/p>\n<p>Pourquoi le choisir<\/p>\n<p>Une couche interm\u00e9diaire fiable et compl\u00e8te, id\u00e9ale pour ceux qui recherchent confort, respirabilit\u00e9 et style dans un seul v\u00eatement technique.<\/p>\n","protected":false},"excerpt":{"rendered":"<p>Pull Resolution \u2013 Couche interm\u00e9diaire polyvalente pour le trekking et l\u2019outdoor Caract\u00e9ristiques principales Capuche et bas avec bord \u00e9lastique Coutures<\/p>\n","protected":false},"featured_media":827856,"template":"","meta":{"_seopress_robots_primary_cat":"none","_seopress_titles_title":"","_seopress_titles_desc":"","_seopress_robots_index":""},"product_brand":[3413],"product_cat":[21,189,190],"product_tag":[],"class_list":{"0":"post-827855","1":"product","2":"type-product","3":"status-publish","4":"has-post-thumbnail","6":"product_brand-crazy","7":"product_cat-abbigliamento","8":"product_cat-abbigliamento-per-il-tempo-libero","9":"product_cat-abbigliamento-da-uomo","10":"sws-gruppo-abb-libero-fr","11":"sws-conto-ricavi-merci-rivendita-abbigliamento-fr","12":"sws-gruppo-iva-iva81-fr","14":"first","15":"instock","16":"sale","17":"shipping-taxable","18":"product-type-variable","19":"has-default-attributes"},"_links":{"self":[{"href":"https:\/\/lucacastelli.com\/fr\/wp-json\/wp\/v2\/product\/827855","targetHints":{"allow":["GET"]}}],"collection":[{"href":"https:\/\/lucacastelli.com\/fr\/wp-json\/wp\/v2\/product"}],"about":[{"href":"https:\/\/lucacastelli.com\/fr\/wp-json\/wp\/v2\/types\/product"}],"wp:featuredmedia":[{"embeddable":true,"href":"https:\/\/lucacastelli.com\/fr\/wp-json\/wp\/v2\/media\/827856"}],"wp:attachment":[{"href":"https:\/\/lucacastelli.com\/fr\/wp-json\/wp\/v2\/media?parent=827855"}],"wp:term":[{"taxonomy":"product_brand","embeddable":true,"href":"https:\/\/lucacastelli.com\/fr\/wp-json\/wp\/v2\/product_brand?post=827855"},{"taxonomy":"product_cat","embeddable":true,"href":"https:\/\/lucacastelli.com\/fr\/wp-json\/wp\/v2\/product_cat?post=827855"},{"taxonomy":"product_tag","embeddable":true,"href":"https:\/\/lucacastelli.com\/fr\/wp-json\/wp\/v2\/product_tag?post=827855"}],"curies":[{"name":"wp","href":"https:\/\/api.w.org\/{rel}","templated":true}]}}