{"id":827700,"date":"2026-04-03T09:36:12","date_gmt":"2026-04-03T07:36:12","guid":{"rendered":"https:\/\/lucacastelli.com\/prodotto\/helly-hansen-oxford-4x-cargo-shorts\/"},"modified":"2026-04-03T09:36:12","modified_gmt":"2026-04-03T07:36:12","slug":"helly-hansen-oxford-4x-cargo-shorts","status":"publish","type":"product","link":"https:\/\/lucacastelli.com\/fr\/produit\/helly-hansen-oxford-4x-cargo-shorts\/","title":{"rendered":"HELLY HANSEN OXFORD 4X CARGO SHORTS"},"content":{"rendered":"<p>Le short cargo Oxford 4X vous permet de mieux travailler dans toutes les directions gr\u00e2ce \u00e0 l\u2019utilisation d\u2019un tissu l\u00e9ger et extensible dans les quatre sens sur l\u2019ensemble du v\u00eatement, pour une plus grande libert\u00e9 de mouvement. Con\u00e7u avec des fermetures \u00e9clair YKK et des fils Amann, il garantit une r\u00e9sistance et une durabilit\u00e9 accrues. Il est dot\u00e9 de nombreuses poches et compartiments sp\u00e9cialis\u00e9s, tels qu\u2019une poche m\u00e8tre, une boucle pour badge d\u2019identification et bien plus encore. <\/p>\n<p>Pour plus de stabilit\u00e9 et de r\u00e9sistance, il pr\u00e9sente un large passant central \u00e0 l\u2019arri\u00e8re, tandis que les boutons m\u00e9talliques recouverts de plastique prot\u00e8gent les surfaces d\u00e9licates des rayures. Id\u00e9al pour le travail actif ou les journ\u00e9es les plus chaudes. <\/p>\n<p>Composition :<\/p>\n<p>Tissu principal : 94 % polyamide, 6 % \u00e9lasthanne 260 g\/m\u00b2<\/p>\n<p>Tissu secondaire : 79 % coton, 18 % polyester, 3 % \u00e9lastol\u00e9fine 265 g\/m\u00b2<\/p>\n<ul>\n<li>Fermeture \u00e0 glissi\u00e8re YKK<\/li>\n<li>Fils AMANN<\/li>\n<li>Tissu extensible dans les 4 sens<\/li>\n<li>Tissu l\u00e9ger<\/li>\n<li>Large passant central arri\u00e8re pour plus de stabilit\u00e9 et de r\u00e9sistance<\/li>\n<li>Soufflet \u00e0 l\u2019entrejambe pour une libert\u00e9 de mouvement accrue<\/li>\n<li>Poches sur les cuisses avec fermeture \u00e0 bouton<\/li>\n<li>Boutons m\u00e9talliques recouverts de plastique<\/li>\n<li>Boucle pour badge d\u2019identification<\/li>\n<li>D\u00e9tails r\u00e9fl\u00e9chissants<\/li>\n<\/ul>\n","protected":false},"excerpt":{"rendered":"<p>Le short cargo Oxford 4X vous permet de mieux travailler dans toutes les directions gr\u00e2ce \u00e0 l\u2019utilisation d\u2019un tissu l\u00e9ger<\/p>\n","protected":false},"featured_media":827682,"template":"","meta":{"_seopress_robots_primary_cat":"none","_seopress_titles_title":"","_seopress_titles_desc":"","_seopress_robots_index":""},"product_brand":[4685],"product_cat":[81,1381],"product_tag":[],"class_list":{"0":"post-827700","1":"product","2":"type-product","3":"status-publish","4":"has-post-thumbnail","6":"product_brand-helly-hansen-workwear-fr","7":"product_cat-vetements","8":"product_cat-vetements-de-travail","9":"sws-gruppo-abb-libero-fr","10":"sws-conto-ricavi-merci-rivendita-abbigliamento-fr","11":"sws-gruppo-iva-iva81-fr","13":"first","14":"instock","15":"shipping-taxable","16":"purchasable","17":"product-type-variable","18":"has-default-attributes"},"_links":{"self":[{"href":"https:\/\/lucacastelli.com\/fr\/wp-json\/wp\/v2\/product\/827700","targetHints":{"allow":["GET"]}}],"collection":[{"href":"https:\/\/lucacastelli.com\/fr\/wp-json\/wp\/v2\/product"}],"about":[{"href":"https:\/\/lucacastelli.com\/fr\/wp-json\/wp\/v2\/types\/product"}],"wp:featuredmedia":[{"embeddable":true,"href":"https:\/\/lucacastelli.com\/fr\/wp-json\/wp\/v2\/media\/827682"}],"wp:attachment":[{"href":"https:\/\/lucacastelli.com\/fr\/wp-json\/wp\/v2\/media?parent=827700"}],"wp:term":[{"taxonomy":"product_brand","embeddable":true,"href":"https:\/\/lucacastelli.com\/fr\/wp-json\/wp\/v2\/product_brand?post=827700"},{"taxonomy":"product_cat","embeddable":true,"href":"https:\/\/lucacastelli.com\/fr\/wp-json\/wp\/v2\/product_cat?post=827700"},{"taxonomy":"product_tag","embeddable":true,"href":"https:\/\/lucacastelli.com\/fr\/wp-json\/wp\/v2\/product_tag?post=827700"}],"curies":[{"name":"wp","href":"https:\/\/api.w.org\/{rel}","templated":true}]}}