{"id":827614,"date":"2026-04-03T16:50:26","date_gmt":"2026-04-03T14:50:26","guid":{"rendered":"https:\/\/lucacastelli.com\/?post_type=product&#038;p=827614"},"modified":"2026-04-03T17:35:29","modified_gmt":"2026-04-03T15:35:29","slug":"la-sportiva-tx4-femme-gtx-copia","status":"publish","type":"product","link":"https:\/\/lucacastelli.com\/fr\/produit\/la-sportiva-tx4-femme-gtx-copia\/","title":{"rendered":"LA SPORTIVA TX4 Femme GTX (Copia)"},"content":{"rendered":"<p>Chaussure en cuir avec doublure Gore-Tex Extended Comfort con\u00e7ue pour les approches techniques et les via ferratas, appartenant \u00e0 la s\u00e9rie d\u2019approche Traverse X : id\u00e9ale pour une utilisation prolong\u00e9e par les guides de montagne et les op\u00e9rateurs. Chaque d\u00e9tail est con\u00e7u pour assurer adh\u00e9rence, confort et protection lors de l\u2019approche et pour faciliter l\u2019utilisation technique jusqu\u2019\u00e0 la base du mur. <\/p>\n<p>TX4 est une chaussure robuste \u00ab&nbsp;built to last&nbsp;\u00bb, con\u00e7ue pour durer dans le temps gr\u00e2ce au syst\u00e8me de construction STB Control System\u2122 qui offre une structure et une stabilit\u00e9 en torsion. Design \u00e9pur\u00e9 et essentiel gr\u00e2ce \u00e0 la tige en cuir tr\u00e8s rubusta, haute r\u00e9sistance \u00e0 l\u2019abrasion gr\u00e2ce \u00e0 la carre Pu TechLite tout autour, semelle Vibram MegaGrip avec zone d\u2019escalade \u00e0 la pointe et Impact Brake System \u00e0 l\u2019arri\u00e8re : con\u00e7ue pour l\u2019escalade et le retour sur les terrains techniques. Le syst\u00e8me de la\u00e7age d\u00e9rive du mod\u00e8le d\u2019escalade Mythos et permet d\u2019ajuster la tension et les volumes d\u2019ajustement en un seul mouvement. Traverse X est l\u2019expression ultime de se d\u00e9placer en montagne confortablement, rapidement et en toute s\u00e9curit\u00e9.   <\/p>\n<p>Tige :<br \/>\n daim + bord de protection en PU TechLite de 1,5 mm et embout de protection en caoutchouc<\/p>\n<p>Doublure&nbsp;:<br \/>\nGore-Tex Extended Comfort<\/p>\n<p>Semelle interm\u00e9diaire :<br \/>\n EVA inject\u00e9 absorbant les chocs<\/p>\n<p>Semelle int\u00e9rieure :<br \/>\n Ortholite Approach 4 mm<\/p>\n<p>Semelle :<br \/>\n Vibram Mega-Grip avec Impact Brake System et zone d\u2019escalade \u00e0 la pointe<\/p>\n<p>Tailles :<br \/>\n 36 \u2013 42 y compris les demi-tailles<\/p>\n<p>Brevets :<br \/>\n Syst\u00e8me de la\u00e7age Myhtos<\/p>\n<p>Poids :<br \/>\n 330gr la demi-paire<\/p>\n","protected":false},"excerpt":{"rendered":"<p>Chaussure en cuir avec doublure Gore-Tex Extended Comfort con\u00e7ue pour les approches techniques et les via ferratas, appartenant \u00e0 la<\/p>\n","protected":false},"featured_media":827780,"template":"","meta":{"_seopress_robots_primary_cat":"none","_seopress_titles_title":"","_seopress_titles_desc":"","_seopress_robots_index":""},"product_brand":[3648],"product_cat":[173,1420,1429],"product_tag":[],"class_list":{"0":"post-827614","1":"product","2":"type-product","3":"status-publish","4":"has-post-thumbnail","6":"product_brand-la-sportiva-fr","7":"product_cat-chaussures","8":"product_cat-chaussures-de-loisirs","9":"product_cat-chaussures-pour-femmes","10":"sws-gruppo-abb-libero-fr","11":"sws-conto-ricavi-merci-rivendita-abbigliamento-fr","12":"sws-gruppo-iva-iva81-fr","14":"first","15":"instock","16":"sale","17":"shipping-taxable","18":"purchasable","19":"product-type-variable"},"_links":{"self":[{"href":"https:\/\/lucacastelli.com\/fr\/wp-json\/wp\/v2\/product\/827614","targetHints":{"allow":["GET"]}}],"collection":[{"href":"https:\/\/lucacastelli.com\/fr\/wp-json\/wp\/v2\/product"}],"about":[{"href":"https:\/\/lucacastelli.com\/fr\/wp-json\/wp\/v2\/types\/product"}],"wp:featuredmedia":[{"embeddable":true,"href":"https:\/\/lucacastelli.com\/fr\/wp-json\/wp\/v2\/media\/827780"}],"wp:attachment":[{"href":"https:\/\/lucacastelli.com\/fr\/wp-json\/wp\/v2\/media?parent=827614"}],"wp:term":[{"taxonomy":"product_brand","embeddable":true,"href":"https:\/\/lucacastelli.com\/fr\/wp-json\/wp\/v2\/product_brand?post=827614"},{"taxonomy":"product_cat","embeddable":true,"href":"https:\/\/lucacastelli.com\/fr\/wp-json\/wp\/v2\/product_cat?post=827614"},{"taxonomy":"product_tag","embeddable":true,"href":"https:\/\/lucacastelli.com\/fr\/wp-json\/wp\/v2\/product_tag?post=827614"}],"curies":[{"name":"wp","href":"https:\/\/api.w.org\/{rel}","templated":true}]}}