{"id":827533,"date":"2026-04-02T08:19:33","date_gmt":"2026-04-02T06:19:33","guid":{"rendered":"https:\/\/lucacastelli.com\/prodotto\/ortovox-trace-shorts-w\/"},"modified":"2026-04-02T08:19:33","modified_gmt":"2026-04-02T06:19:33","slug":"ortovox-trace-shorts-w","status":"publish","type":"product","link":"https:\/\/lucacastelli.com\/fr\/produit\/ortovox-trace-shorts-w\/","title":{"rendered":"ORTOVOX TRACE SHORTS W"},"content":{"rendered":"<p>L\u00c9G\u00c8RET\u00c9 MAXIMALE ET LIBERT\u00c9 DE MOUVEMENT<br \/>\nShort ultra-l\u00e9ger avec une grande libert\u00e9 de mouvement pour les d\u00e9nivel\u00e9s rapides<\/p>\n<p>Points forts<br \/>\nExtr\u00eamement l\u00e9ger<br \/>\nCeinture en laine m\u00e9rinos qui r\u00e9gule l&#8217;humidit\u00e9 pour un confort maximal<br \/>\nCoupe d\u00e9contract\u00e9e<br \/>\nUltra l\u00e9ger, encore plus rapide. Polyvalent et minimaliste, le TRACE SHORTS est con\u00e7u pour ceux qui veulent donner le maximum. Le mat\u00e9riau ultra-l\u00e9ger SHIELD ULTRA LIGHT est si fin et flexible qu&#8217;on a presque l&#8217;impression de ne pas le porter. Hautement respirant, ce tissu robuste s\u00e8che rapidement et est id\u00e9al pour affronter les sorties les plus exigeantes pendant la saison chaude. Le tissu quadri-extensible et la coupe souple offrent une totale libert\u00e9 de mouvement, tandis que la ceinture \u00e9lastique en m\u00e9rinos est douce sur la peau et r\u00e9gule naturellement la temp\u00e9rature corporelle. Plus de libert\u00e9, moins de poids.     <\/p>\n<p>Caract\u00e9ristiques<br \/>\nOurlet \u00e9lastique en m\u00e9rinos<br \/>\nTaille ajustable avec cordon<br \/>\n2 poches lat\u00e9rales<\/p>\n<p>MATI\u00c8RE PRINCIPALE : 85 % polyamide (recycl\u00e9) + 15 % \u00e9lasthanne, CEINTURE : 67 % laine vierge (M\u00c9RINOS) + 20 % polyester + 13 % \u00e9lasthanne<br \/>\nSHIELD ULTRA LIGHT : Tissu quadri-extensible, R\u00e9sistant (min. 30 000 cycles de frottement au test Martindale), Hydrofuge, L\u00e9ger, S\u00e9chage rapide, Respirant<\/p>\n","protected":false},"excerpt":{"rendered":"<p>L\u00c9G\u00c8RET\u00c9 MAXIMALE ET LIBERT\u00c9 DE MOUVEMENT Short ultra-l\u00e9ger avec une grande libert\u00e9 de mouvement pour les d\u00e9nivel\u00e9s rapides Points forts<\/p>\n","protected":false},"featured_media":827467,"template":"","meta":{"_seopress_robots_primary_cat":"","_seopress_titles_title":"","_seopress_titles_desc":"","_seopress_robots_index":""},"product_brand":[3280],"product_cat":[21,189,200],"product_tag":[],"class_list":{"0":"post-827533","1":"product","2":"type-product","3":"status-publish","4":"has-post-thumbnail","6":"product_brand-ortovox","7":"product_cat-abbigliamento","8":"product_cat-abbigliamento-per-il-tempo-libero","9":"product_cat-abbigliamento-da-donna","10":"sws-gruppo-abb-libero-fr","11":"sws-conto-ricavi-merci-rivendita-abbigliamento-fr","12":"sws-gruppo-iva-iva81-fr","14":"first","15":"instock","16":"shipping-taxable","17":"purchasable","18":"product-type-variable"},"_links":{"self":[{"href":"https:\/\/lucacastelli.com\/fr\/wp-json\/wp\/v2\/product\/827533","targetHints":{"allow":["GET"]}}],"collection":[{"href":"https:\/\/lucacastelli.com\/fr\/wp-json\/wp\/v2\/product"}],"about":[{"href":"https:\/\/lucacastelli.com\/fr\/wp-json\/wp\/v2\/types\/product"}],"wp:featuredmedia":[{"embeddable":true,"href":"https:\/\/lucacastelli.com\/fr\/wp-json\/wp\/v2\/media\/827467"}],"wp:attachment":[{"href":"https:\/\/lucacastelli.com\/fr\/wp-json\/wp\/v2\/media?parent=827533"}],"wp:term":[{"taxonomy":"product_brand","embeddable":true,"href":"https:\/\/lucacastelli.com\/fr\/wp-json\/wp\/v2\/product_brand?post=827533"},{"taxonomy":"product_cat","embeddable":true,"href":"https:\/\/lucacastelli.com\/fr\/wp-json\/wp\/v2\/product_cat?post=827533"},{"taxonomy":"product_tag","embeddable":true,"href":"https:\/\/lucacastelli.com\/fr\/wp-json\/wp\/v2\/product_tag?post=827533"}],"curies":[{"name":"wp","href":"https:\/\/api.w.org\/{rel}","templated":true}]}}