{"id":827518,"date":"2026-04-02T08:46:33","date_gmt":"2026-04-02T06:46:33","guid":{"rendered":"https:\/\/lucacastelli.com\/prodotto\/ortovox-trace-pants-m\/"},"modified":"2026-04-02T08:46:33","modified_gmt":"2026-04-02T06:46:33","slug":"ortovox-trace-pants-m","status":"publish","type":"product","link":"https:\/\/lucacastelli.com\/fr\/produit\/ortovox-trace-pants-m\/","title":{"rendered":"ORTOVOX TRACE PANTS M"},"content":{"rendered":"<p>L\u00c9G\u00c8RET\u00c9 MAXIMALE ET LIBERT\u00c9 DE MOUVEMENT<br \/>\nPantalon de montagne ultra l\u00e9ger pour une libert\u00e9 de mouvement maximale en haute altitude<\/p>\n<p>Highlights<br \/>\nExtr\u00eamement l\u00e9ger<br \/>\nCeinture en laine m\u00e9rinos r\u00e9gulant l&#8217;humidit\u00e9 pour un confort maximal<br \/>\nCoupe d\u00e9contract\u00e9e<br \/>\nUltra l\u00e9ger, encore plus rapide. Polyvalent et minimaliste, le TRACE PANTS est pr\u00eat \u00e0 donner le maximum. Le mat\u00e9riau ultra l\u00e9ger SHIELD ULTRA LIGHT est si fin et flexible qu&#8217;on a presque l&#8217;impression de ne pas le porter. Hautement respirant, ce tissu robuste s\u00e8che rapidement et est id\u00e9al pour affronter les sorties les plus exigeantes en saison chaude. Le tissu quadri-extensible et la coupe souple offrent une totale libert\u00e9 de mouvement, tandis que la ceinture \u00e9lastique en m\u00e9rinos est douce sur la peau et r\u00e9gule naturellement la temp\u00e9rature corporelle. Plus de libert\u00e9, moins de poids.     <\/p>\n<p>&nbsp;<\/p>\n<p>Caract\u00e9ristiques<br \/>\nOurlet \u00e9lastique en m\u00e9rinos<br \/>\nTaille r\u00e9glable avec cordon<br \/>\n2 poches lat\u00e9rales<br \/>\n1 poche dissimul\u00e9e avec fermeture \u00e9clair sur la cuisse<br \/>\nZone genou pr\u00e9form\u00e9e<br \/>\nOurlets de jambes pr\u00e9r\u00e9gl\u00e9s<\/p>\n<div id=\"acc_material_properties_collapse\" class=\"accordion-collapse cms-element-acris-accordion-content collapse show\" aria-labelledby=\"acc_material_properties_heading\" data-bs-parent=\"#acc_properties\">\n<div class=\"accordion-body\">\n<p>&nbsp;<\/p>\n<p>Material<br \/>\nMAT\u00c9RIAU PRINCIPAL : 85 % polyamide (recycl\u00e9) + 15 % \u00e9lasthanne, TAILLE : 67 % laine vierge (M\u00c9RINOS) + 20 % polyester + 13 % \u00e9lasthanne<br \/>\nSHIELD ULTRA LIGHT : Tissu quadri-extensible, R\u00e9sistant (min. 30 000 cycles de frottement au test Martindale), Hydrofuge, L\u00e9ger, S\u00e9chage rapide, Respirant<\/p>\n<\/div>\n<\/div>\n","protected":false},"excerpt":{"rendered":"<p>L\u00c9G\u00c8RET\u00c9 MAXIMALE ET LIBERT\u00c9 DE MOUVEMENT Pantalon de montagne ultra l\u00e9ger pour une libert\u00e9 de mouvement maximale en haute altitude<\/p>\n","protected":false},"featured_media":827493,"template":"","meta":{"_seopress_robots_primary_cat":"none","_seopress_titles_title":"","_seopress_titles_desc":"","_seopress_robots_index":""},"product_brand":[3280],"product_cat":[21,189,190],"product_tag":[],"class_list":{"0":"post-827518","1":"product","2":"type-product","3":"status-publish","4":"has-post-thumbnail","6":"product_brand-ortovox","7":"product_cat-abbigliamento","8":"product_cat-abbigliamento-per-il-tempo-libero","9":"product_cat-abbigliamento-da-uomo","10":"sws-gruppo-abb-libero-fr","11":"sws-conto-ricavi-merci-rivendita-abbigliamento-fr","12":"sws-gruppo-iva-iva81-fr","14":"first","15":"instock","16":"shipping-taxable","17":"purchasable","18":"product-type-variable","19":"has-default-attributes"},"_links":{"self":[{"href":"https:\/\/lucacastelli.com\/fr\/wp-json\/wp\/v2\/product\/827518","targetHints":{"allow":["GET"]}}],"collection":[{"href":"https:\/\/lucacastelli.com\/fr\/wp-json\/wp\/v2\/product"}],"about":[{"href":"https:\/\/lucacastelli.com\/fr\/wp-json\/wp\/v2\/types\/product"}],"wp:featuredmedia":[{"embeddable":true,"href":"https:\/\/lucacastelli.com\/fr\/wp-json\/wp\/v2\/media\/827493"}],"wp:attachment":[{"href":"https:\/\/lucacastelli.com\/fr\/wp-json\/wp\/v2\/media?parent=827518"}],"wp:term":[{"taxonomy":"product_brand","embeddable":true,"href":"https:\/\/lucacastelli.com\/fr\/wp-json\/wp\/v2\/product_brand?post=827518"},{"taxonomy":"product_cat","embeddable":true,"href":"https:\/\/lucacastelli.com\/fr\/wp-json\/wp\/v2\/product_cat?post=827518"},{"taxonomy":"product_tag","embeddable":true,"href":"https:\/\/lucacastelli.com\/fr\/wp-json\/wp\/v2\/product_tag?post=827518"}],"curies":[{"name":"wp","href":"https:\/\/api.w.org\/{rel}","templated":true}]}}