{"id":827388,"date":"2026-03-31T13:00:35","date_gmt":"2026-03-31T11:00:35","guid":{"rendered":"https:\/\/lucacastelli.com\/prodotto\/crazy-long-sleeve-shot-man\/"},"modified":"2026-03-31T13:00:35","modified_gmt":"2026-03-31T11:00:35","slug":"crazy-long-sleeve-shot-man","status":"publish","type":"product","link":"https:\/\/lucacastelli.com\/fr\/produit\/crazy-long-sleeve-shot-man\/","title":{"rendered":"CRAZY LONG-SLEEVE SHOT MAN"},"content":{"rendered":"<p>Caract\u00e9ristiques<\/p>\n<p>Coutures contrast\u00e9es<\/p>\n<p>Logos r\u00e9fl\u00e9chissants<\/p>\n<p>Impression r\u00e9fl\u00e9chissante sur les \u00e9paules<\/p>\n<p>Passe-pouce<\/p>\n<p>Description<\/p>\n<p>T-shirt technique \u00e0 manches longues, id\u00e9al pour le trekking, con\u00e7u pour offrir le juste \u00e9quilibre entre protection et respirabilit\u00e9.<\/p>\n<p>Les manches longues garantissent une protection accrue, tandis que la combinaison des tissus Stretch Series et Coolwave assure confort, \u00e9lasticit\u00e9 et une bonne gestion de l&#8217;humidit\u00e9 m\u00eame pendant l&#8217;activit\u00e9.<\/p>\n<p>Au dos, l&#8217;insert en mesh Performesh am\u00e9liore encore la ventilation, s&#8217;av\u00e9rant particuli\u00e8rement efficace m\u00eame lors de l&#8217;utilisation avec un sac \u00e0 dos.<\/p>\n<p>L&#8217;impression r\u00e9fl\u00e9chissante sur les \u00e9paules offre une protection suppl\u00e9mentaire dans les zones les plus sollicit\u00e9es et contribue \u00e0 valoriser le look technique du v\u00eatement, le rendant adapt\u00e9 aux activit\u00e9s outdoor les plus dynamiques.<\/p>\n","protected":false},"excerpt":{"rendered":"<p>Caract\u00e9ristiques Coutures contrast\u00e9es Logos r\u00e9fl\u00e9chissants Impression r\u00e9fl\u00e9chissante sur les \u00e9paules Passe-pouce Description T-shirt technique \u00e0 manches longues, id\u00e9al pour le<\/p>\n","protected":false},"featured_media":827067,"template":"","meta":{"_seopress_robots_primary_cat":"none","_seopress_titles_title":"","_seopress_titles_desc":"","_seopress_robots_index":""},"product_brand":[3616],"product_cat":[81,981,982],"product_tag":[],"class_list":{"0":"post-827388","1":"product","2":"type-product","3":"status-publish","4":"has-post-thumbnail","6":"product_brand-crazy-fr","7":"product_cat-vetements","8":"product_cat-vetements-de-loisirs","9":"product_cat-vetements-pour-hommes","10":"sws-gruppo-abb-libero-fr","11":"sws-conto-ricavi-merci-rivendita-abbigliamento-fr","12":"sws-gruppo-iva-iva81-fr","14":"first","15":"instock","16":"sale","17":"shipping-taxable","18":"product-type-variable","19":"has-default-attributes"},"_links":{"self":[{"href":"https:\/\/lucacastelli.com\/fr\/wp-json\/wp\/v2\/product\/827388","targetHints":{"allow":["GET"]}}],"collection":[{"href":"https:\/\/lucacastelli.com\/fr\/wp-json\/wp\/v2\/product"}],"about":[{"href":"https:\/\/lucacastelli.com\/fr\/wp-json\/wp\/v2\/types\/product"}],"wp:featuredmedia":[{"embeddable":true,"href":"https:\/\/lucacastelli.com\/fr\/wp-json\/wp\/v2\/media\/827067"}],"wp:attachment":[{"href":"https:\/\/lucacastelli.com\/fr\/wp-json\/wp\/v2\/media?parent=827388"}],"wp:term":[{"taxonomy":"product_brand","embeddable":true,"href":"https:\/\/lucacastelli.com\/fr\/wp-json\/wp\/v2\/product_brand?post=827388"},{"taxonomy":"product_cat","embeddable":true,"href":"https:\/\/lucacastelli.com\/fr\/wp-json\/wp\/v2\/product_cat?post=827388"},{"taxonomy":"product_tag","embeddable":true,"href":"https:\/\/lucacastelli.com\/fr\/wp-json\/wp\/v2\/product_tag?post=827388"}],"curies":[{"name":"wp","href":"https:\/\/api.w.org\/{rel}","templated":true}]}}