{"id":827365,"date":"2026-03-31T12:54:36","date_gmt":"2026-03-31T10:54:36","guid":{"rendered":"https:\/\/lucacastelli.com\/prodotto\/crazy-shirt-air\/"},"modified":"2026-03-31T12:54:36","modified_gmt":"2026-03-31T10:54:36","slug":"crazy-shirt-air","status":"publish","type":"product","link":"https:\/\/lucacastelli.com\/fr\/produit\/crazy-shirt-air\/","title":{"rendered":"CRAZY SHIRT AIR"},"content":{"rendered":"<p>Caract\u00e9ristiques<\/p>\n<p>Construction hybride avec tissus ultral\u00e9gers<\/p>\n<p>Impressions all-over<\/p>\n<p>\u00c9paules avec inserts r\u00e9fl\u00e9chissants<\/p>\n<p>Coutures plates contrast\u00e9es<\/p>\n<p>Ourlet inf\u00e9rieur coll\u00e9<\/p>\n<p>Logos r\u00e9fl\u00e9chissants<\/p>\n<p>Insert anti-transpiration<\/p>\n<p>Description<\/p>\n<p>Le T-shirt Air est con\u00e7u pour le trail running et les activit\u00e9s de haute intensit\u00e9, offrant des performances \u00e9lev\u00e9es m\u00eame lors des journ\u00e9es les plus chaudes.<\/p>\n<p>Il est fabriqu\u00e9 en Light Stretch Layer, un tissu extr\u00eamement l\u00e9ger et respirant (seulement 47 g\/m\u00b2), d\u00e9velopp\u00e9 sp\u00e9cifiquement pour les v\u00eatements de course. Cette construction garantit une gestion optimale de l\u2019humidit\u00e9 et une sensation constante de fra\u00eecheur. <\/p>\n<p>La pr\u00e9sence de mesh microperfor\u00e9 sur le dos et les manches am\u00e9liore encore la ventilation, tandis que le mapping microperfor\u00e9 \u00e0 l\u2019avant augmente la respirabilit\u00e9 dans les zones les plus sujettes \u00e0 la transpiration.<\/p>\n<p>Les inserts r\u00e9fl\u00e9chissants sur les \u00e9paules am\u00e9liorent non seulement la visibilit\u00e9 par faible luminosit\u00e9, mais offrent \u00e9galement une plus grande r\u00e9sistance \u00e0 l\u2019abrasion, id\u00e9ale pour l\u2019utilisation d\u2019un sac \u00e0 dos.<\/p>\n<p>L\u2019ourlet inf\u00e9rieur d\u00e9coup\u00e9 au laser et coll\u00e9 assure une finition pr\u00e9cise et r\u00e9duit les frottements, tandis que le liser\u00e9 du col contrast\u00e9 compl\u00e8te le design technique et moderne du v\u00eatement.<\/p>\n","protected":false},"excerpt":{"rendered":"<p>Caract\u00e9ristiques Construction hybride avec tissus ultral\u00e9gers Impressions all-over \u00c9paules avec inserts r\u00e9fl\u00e9chissants Coutures plates contrast\u00e9es Ourlet inf\u00e9rieur coll\u00e9 Logos r\u00e9fl\u00e9chissants<\/p>\n","protected":false},"featured_media":827059,"template":"","meta":{"_seopress_robots_primary_cat":"none","_seopress_titles_title":"","_seopress_titles_desc":"","_seopress_robots_index":""},"product_brand":[3616],"product_cat":[81,981,982],"product_tag":[],"class_list":{"0":"post-827365","1":"product","2":"type-product","3":"status-publish","4":"has-post-thumbnail","6":"product_brand-crazy-fr","7":"product_cat-vetements","8":"product_cat-vetements-de-loisirs","9":"product_cat-vetements-pour-hommes","10":"sws-gruppo-abb-libero-fr","11":"sws-conto-ricavi-merci-rivendita-abbigliamento-fr","12":"sws-gruppo-iva-iva81-fr","14":"first","15":"instock","16":"sale","17":"shipping-taxable","18":"product-type-variable","19":"has-default-attributes"},"_links":{"self":[{"href":"https:\/\/lucacastelli.com\/fr\/wp-json\/wp\/v2\/product\/827365","targetHints":{"allow":["GET"]}}],"collection":[{"href":"https:\/\/lucacastelli.com\/fr\/wp-json\/wp\/v2\/product"}],"about":[{"href":"https:\/\/lucacastelli.com\/fr\/wp-json\/wp\/v2\/types\/product"}],"wp:featuredmedia":[{"embeddable":true,"href":"https:\/\/lucacastelli.com\/fr\/wp-json\/wp\/v2\/media\/827059"}],"wp:attachment":[{"href":"https:\/\/lucacastelli.com\/fr\/wp-json\/wp\/v2\/media?parent=827365"}],"wp:term":[{"taxonomy":"product_brand","embeddable":true,"href":"https:\/\/lucacastelli.com\/fr\/wp-json\/wp\/v2\/product_brand?post=827365"},{"taxonomy":"product_cat","embeddable":true,"href":"https:\/\/lucacastelli.com\/fr\/wp-json\/wp\/v2\/product_cat?post=827365"},{"taxonomy":"product_tag","embeddable":true,"href":"https:\/\/lucacastelli.com\/fr\/wp-json\/wp\/v2\/product_tag?post=827365"}],"curies":[{"name":"wp","href":"https:\/\/api.w.org\/{rel}","templated":true}]}}