{"id":827344,"date":"2026-03-31T12:43:50","date_gmt":"2026-03-31T10:43:50","guid":{"rendered":"https:\/\/lucacastelli.com\/prodotto\/crazy-shirt-viper-2\/"},"modified":"2026-03-31T12:43:50","modified_gmt":"2026-03-31T10:43:50","slug":"crazy-shirt-viper-2","status":"publish","type":"product","link":"https:\/\/lucacastelli.com\/fr\/produit\/crazy-shirt-viper-2\/","title":{"rendered":"CRAZY SHIRT VIPER"},"content":{"rendered":"<p>Caract\u00e9ristiques<\/p>\n<p>Construction hybride avec trois tissus diff\u00e9rents<\/p>\n<p>Logos r\u00e9fl\u00e9chissants<\/p>\n<p>Coutures plates contrast\u00e9es<\/p>\n<p>Bandeau de protection pour le cou<\/p>\n<p>Description<\/p>\n<p>Le T-shirt Viper est con\u00e7u pour le trekking technique, alliant l\u00e9g\u00e8ret\u00e9, fonctionnalit\u00e9 et un design \u00e9pur\u00e9.<\/p>\n<p>Sa structure utilise des tissus diff\u00e9renci\u00e9s pour optimiser protection et respirabilit\u00e9 sur les diff\u00e9rentes zones du corps. Le tissu principal Performesh est l\u00e9ger, respirant, \u00e0 s\u00e9chage rapide, avec traitement anti-odeur et protection contre les rayons UV. <\/p>\n<p>Au niveau des aisselles se trouve un mesh encore plus l\u00e9ger et respirant, qui favorise la ventilation pendant l&#8217;activit\u00e9 intense. Les \u00e9paules sont quant \u00e0 elles r\u00e9alis\u00e9es en tissu Coolwave, con\u00e7u pour offrir une meilleure r\u00e9sistance et protection dans les zones les plus sollicit\u00e9es. <\/p>\n<p>Un renfort suppl\u00e9mentaire est assur\u00e9 par les inserts en fibre de carbone, souples mais r\u00e9sistants, con\u00e7us pour prot\u00e9ger le v\u00eatement de l&#8217;usure caus\u00e9e par le sac \u00e0 dos.<\/p>\n<p>Gr\u00e2ce \u00e0 cette combinaison de mat\u00e9riaux, le T-shirt Viper offre des performances techniques \u00e9lev\u00e9es, id\u00e9al pour affronter des trekkings exigeants en tout confort.<\/p>\n","protected":false},"excerpt":{"rendered":"<p>Caract\u00e9ristiques Construction hybride avec trois tissus diff\u00e9rents Logos r\u00e9fl\u00e9chissants Coutures plates contrast\u00e9es Bandeau de protection pour le cou Description Le<\/p>\n","protected":false},"featured_media":827047,"template":"","meta":{"_seopress_robots_primary_cat":"none","_seopress_titles_title":"","_seopress_titles_desc":"","_seopress_robots_index":""},"product_brand":[3616],"product_cat":[81,981,982],"product_tag":[],"class_list":{"0":"post-827344","1":"product","2":"type-product","3":"status-publish","4":"has-post-thumbnail","6":"product_brand-crazy-fr","7":"product_cat-vetements","8":"product_cat-vetements-de-loisirs","9":"product_cat-vetements-pour-hommes","10":"sws-gruppo-abb-libero-fr","11":"sws-conto-ricavi-merci-rivendita-abbigliamento-fr","12":"sws-gruppo-iva-iva81-fr","14":"first","15":"instock","16":"sale","17":"shipping-taxable","18":"purchasable","19":"product-type-variable","20":"has-default-attributes"},"_links":{"self":[{"href":"https:\/\/lucacastelli.com\/fr\/wp-json\/wp\/v2\/product\/827344","targetHints":{"allow":["GET"]}}],"collection":[{"href":"https:\/\/lucacastelli.com\/fr\/wp-json\/wp\/v2\/product"}],"about":[{"href":"https:\/\/lucacastelli.com\/fr\/wp-json\/wp\/v2\/types\/product"}],"wp:featuredmedia":[{"embeddable":true,"href":"https:\/\/lucacastelli.com\/fr\/wp-json\/wp\/v2\/media\/827047"}],"wp:attachment":[{"href":"https:\/\/lucacastelli.com\/fr\/wp-json\/wp\/v2\/media?parent=827344"}],"wp:term":[{"taxonomy":"product_brand","embeddable":true,"href":"https:\/\/lucacastelli.com\/fr\/wp-json\/wp\/v2\/product_brand?post=827344"},{"taxonomy":"product_cat","embeddable":true,"href":"https:\/\/lucacastelli.com\/fr\/wp-json\/wp\/v2\/product_cat?post=827344"},{"taxonomy":"product_tag","embeddable":true,"href":"https:\/\/lucacastelli.com\/fr\/wp-json\/wp\/v2\/product_tag?post=827344"}],"curies":[{"name":"wp","href":"https:\/\/api.w.org\/{rel}","templated":true}]}}